{"id":85869,"date":"2021-02-21T20:44:50","date_gmt":"2021-02-21T20:44:50","guid":{"rendered":"https:\/\/www.autonvaraosahaku.fi\/?product=mapco-53431-alatukivarsi"},"modified":"2021-02-21T20:44:56","modified_gmt":"2021-02-21T20:44:56","slug":"mapco-53431-alatukivarsi","status":"publish","type":"product","link":"https:\/\/www.autonvaraosahaku.fi\/?product=mapco-53431-alatukivarsi","title":{"rendered":"MAPCO 53431 Alatukivarsi"},"content":{"rendered":"<p>M\u00e4\u00e4r\u00e4yksikk\u00f6: Sarja; Ohjausmalli: Poikittaistukivarsi; Asennuspuoli: etuakseli molemminpuoleinen; Ohjaus: Raidetangonp\u00e4ill\u00e4; Korvaava tuote\/korvaava tiedote 2: Kuulatapilla; Tarvittava kappalem\u00e4\u00e4r\u00e4: 1; LANCIA: ZETA 220; FIAT: ULYSSE 220,SCUDO Kasten 220L,SCUDO Combinato 220P; CITRO\u00cbN: EVASION 22, U6,JUMPY U6U,JUMPY Kasten BS_, BT_, BY_, BZ_,JUMPY Pritsche\/Fahrgestell BU_, BV_, BW_, BX_; PEUGEOT: 806 221,EXPERT Kasten 222,EXPERT 224,EXPERT Pritsche\/Fahrgestell 223<\/p>\n","protected":false},"excerpt":{"rendered":"<p>MAPCO Tukivarsisarja, Py\u00f6rien Tuenta 53431  LANCIA,FIAT,CITRO\u00cbN,ZETA 220,ULYSSE 220,SCUDO Kasten 220L,SCUDO Combinato 220P,EVASION 22, U6,JUMPY U6U<\/p>\n","protected":false},"featured_media":0,"template":"","meta":{"site-sidebar-layout":"default","site-content-layout":"default","ast-global-header-display":"","ast-main-header-display":"","ast-hfb-above-header-display":"","ast-hfb-below-header-display":"","ast-hfb-mobile-header-display":"","site-post-title":"","ast-breadcrumbs-content":"","ast-featured-img":"","footer-sml-layout":"","theme-transparent-header-meta":"","adv-header-id-meta":"","stick-header-meta":"","header-above-stick-meta":"","header-main-stick-meta":"","header-below-stick-meta":""},"pwb-brand":[36],"product_cat":[62],"product_tag":[],"class_list":{"0":"post-85869","1":"product","2":"type-product","3":"status-publish","5":"pwb-brand-mapco","6":"product_cat-alatukivarsi","7":"desktop-align-left","8":"tablet-align-left","9":"mobile-align-left","11":"first","12":"instock","13":"product-type-external"},"brands":[{"id":36,"name":"MAPCO","slug":"mapco"}],"_links":{"self":[{"href":"https:\/\/www.autonvaraosahaku.fi\/index.php?rest_route=\/wp\/v2\/product\/85869","targetHints":{"allow":["GET"]}}],"collection":[{"href":"https:\/\/www.autonvaraosahaku.fi\/index.php?rest_route=\/wp\/v2\/product"}],"about":[{"href":"https:\/\/www.autonvaraosahaku.fi\/index.php?rest_route=\/wp\/v2\/types\/product"}],"wp:attachment":[{"href":"https:\/\/www.autonvaraosahaku.fi\/index.php?rest_route=%2Fwp%2Fv2%2Fmedia&parent=85869"}],"wp:term":[{"taxonomy":"pwb-brand","embeddable":true,"href":"https:\/\/www.autonvaraosahaku.fi\/index.php?rest_route=%2Fwp%2Fv2%2Fpwb-brand&post=85869"},{"taxonomy":"product_cat","embeddable":true,"href":"https:\/\/www.autonvaraosahaku.fi\/index.php?rest_route=%2Fwp%2Fv2%2Fproduct_cat&post=85869"},{"taxonomy":"product_tag","embeddable":true,"href":"https:\/\/www.autonvaraosahaku.fi\/index.php?rest_route=%2Fwp%2Fv2%2Fproduct_tag&post=85869"}],"curies":[{"name":"wp","href":"https:\/\/api.w.org\/{rel}","templated":true}]}}