{"id":85896,"date":"2021-02-21T20:45:06","date_gmt":"2021-02-21T20:45:06","guid":{"rendered":"https:\/\/www.autonvaraosahaku.fi\/?product=mapco-25881-jarrulevyt"},"modified":"2021-02-21T20:45:08","modified_gmt":"2021-02-21T20:45:08","slug":"mapco-25881-jarrulevyt","status":"publish","type":"product","link":"https:\/\/www.autonvaraosahaku.fi\/?product=mapco-25881-jarrulevyt","title":{"rendered":"MAPCO 25881 Jarrulevyt"},"content":{"rendered":"<p>Asennuspuoli: Taka-akseli; Jarrulevytyyppi: Vakiomalli; Jarrulevyn paksuus (mm): 12; Reikien m\u00e4\u00e4r\u00e4: 5; Ulkol\u00e4pimitta [mm]: 300; Korkeus (mm): 36; keskitt\u00e4misl\u00e4pimitta [mm]: 68; PR-numerolle: 1KW; AUDI: A4 Avant 8K5, B8,A4 8K2, B8,Q5 8R,A6 Avant 4G5, C7, 4GD,A5 8T3,A5 Sportback 8TA,A6 4G2, C7, 4GC,A7 Sportback 4GA, 4GF,A4 Allroad 8KH, B8,A5 Cabriolet 8F7; 8K0615601B, 8K0615601J; Jarrulevy<\/p>\n","protected":false},"excerpt":{"rendered":"<p>MAPCO Jarrulevyt 25881 Jarrulevy AUDI,A4 Avant 8K5, B8,A4 8K2, B8,Q5 8R,A6 Avant 4G5, C7, 4GD,A5 8T3,A5 Sportback 8TA,A6 4G2, C7, 4GC<\/p>\n","protected":false},"featured_media":0,"template":"","meta":{"site-sidebar-layout":"default","site-content-layout":"default","ast-global-header-display":"","ast-main-header-display":"","ast-hfb-above-header-display":"","ast-hfb-below-header-display":"","ast-hfb-mobile-header-display":"","site-post-title":"","ast-breadcrumbs-content":"","ast-featured-img":"","footer-sml-layout":"","theme-transparent-header-meta":"","adv-header-id-meta":"","stick-header-meta":"","header-above-stick-meta":"","header-main-stick-meta":"","header-below-stick-meta":""},"pwb-brand":[36],"product_cat":[66],"product_tag":[],"class_list":{"0":"post-85896","1":"product","2":"type-product","3":"status-publish","5":"pwb-brand-mapco","6":"product_cat-jarrulevyt","7":"desktop-align-left","8":"tablet-align-left","9":"mobile-align-left","11":"first","12":"instock","13":"product-type-external"},"brands":[{"id":36,"name":"MAPCO","slug":"mapco"}],"_links":{"self":[{"href":"https:\/\/www.autonvaraosahaku.fi\/index.php?rest_route=\/wp\/v2\/product\/85896","targetHints":{"allow":["GET"]}}],"collection":[{"href":"https:\/\/www.autonvaraosahaku.fi\/index.php?rest_route=\/wp\/v2\/product"}],"about":[{"href":"https:\/\/www.autonvaraosahaku.fi\/index.php?rest_route=\/wp\/v2\/types\/product"}],"wp:attachment":[{"href":"https:\/\/www.autonvaraosahaku.fi\/index.php?rest_route=%2Fwp%2Fv2%2Fmedia&parent=85896"}],"wp:term":[{"taxonomy":"pwb-brand","embeddable":true,"href":"https:\/\/www.autonvaraosahaku.fi\/index.php?rest_route=%2Fwp%2Fv2%2Fpwb-brand&post=85896"},{"taxonomy":"product_cat","embeddable":true,"href":"https:\/\/www.autonvaraosahaku.fi\/index.php?rest_route=%2Fwp%2Fv2%2Fproduct_cat&post=85896"},{"taxonomy":"product_tag","embeddable":true,"href":"https:\/\/www.autonvaraosahaku.fi\/index.php?rest_route=%2Fwp%2Fv2%2Fproduct_tag&post=85896"}],"curies":[{"name":"wp","href":"https:\/\/api.w.org\/{rel}","templated":true}]}}