{"id":85905,"date":"2021-02-21T20:45:06","date_gmt":"2021-02-21T20:45:06","guid":{"rendered":"https:\/\/www.autonvaraosahaku.fi\/?product=sasic-1315785-tukivarren-hela"},"modified":"2021-02-21T20:45:11","modified_gmt":"2021-02-21T20:45:11","slug":"sasic-1315785-tukivarren-hela","status":"publish","type":"product","link":"https:\/\/www.autonvaraosahaku.fi\/?product=sasic-1315785-tukivarren-hela","title":{"rendered":"SASIC 1315785 Tukivarren hela"},"content":{"rendered":"<p>Asennuspuoli: Taka-akseli, molemminpuolinen, Takana, Yl\u00e4puolella; Kiinnitysmalli: Kumimetallilaakeri; Ohjausmalli: ei kolmiotukivarrelle (KA\/LA); Sis\u00e4l\u00e4pimitta [mm]: 12; Ulkol\u00e4pimitta [mm]: 27; Pituus, sis\u00e4 (mm): 40; Pituus, ulko (mm): 24,5; OE-numerolle: 513178; parilliset tuotenumerot: 1315805; PEUGEOT: 406 Break 8E\/F,406 Coupe 8C,406 8B; 513178<\/p>\n","protected":false},"excerpt":{"rendered":"<p>SASIC Tukivarren Hela 1315785  PEUGEOT,406 Break 8E\/F,406 Coupe 8C,406 8B<\/p>\n","protected":false},"featured_media":0,"template":"","meta":{"site-sidebar-layout":"default","site-content-layout":"default","ast-global-header-display":"","ast-main-header-display":"","ast-hfb-above-header-display":"","ast-hfb-below-header-display":"","ast-hfb-mobile-header-display":"","site-post-title":"","ast-breadcrumbs-content":"","ast-featured-img":"","footer-sml-layout":"","theme-transparent-header-meta":"","adv-header-id-meta":"","stick-header-meta":"","header-above-stick-meta":"","header-main-stick-meta":"","header-below-stick-meta":""},"pwb-brand":[110],"product_cat":[115],"product_tag":[],"class_list":{"0":"post-85905","1":"product","2":"type-product","3":"status-publish","5":"pwb-brand-sasic","6":"product_cat-tukivarren-hela","7":"desktop-align-left","8":"tablet-align-left","9":"mobile-align-left","11":"first","12":"instock","13":"product-type-external"},"brands":[{"id":110,"name":"SASIC","slug":"sasic"}],"_links":{"self":[{"href":"https:\/\/www.autonvaraosahaku.fi\/index.php?rest_route=\/wp\/v2\/product\/85905","targetHints":{"allow":["GET"]}}],"collection":[{"href":"https:\/\/www.autonvaraosahaku.fi\/index.php?rest_route=\/wp\/v2\/product"}],"about":[{"href":"https:\/\/www.autonvaraosahaku.fi\/index.php?rest_route=\/wp\/v2\/types\/product"}],"wp:attachment":[{"href":"https:\/\/www.autonvaraosahaku.fi\/index.php?rest_route=%2Fwp%2Fv2%2Fmedia&parent=85905"}],"wp:term":[{"taxonomy":"pwb-brand","embeddable":true,"href":"https:\/\/www.autonvaraosahaku.fi\/index.php?rest_route=%2Fwp%2Fv2%2Fpwb-brand&post=85905"},{"taxonomy":"product_cat","embeddable":true,"href":"https:\/\/www.autonvaraosahaku.fi\/index.php?rest_route=%2Fwp%2Fv2%2Fproduct_cat&post=85905"},{"taxonomy":"product_tag","embeddable":true,"href":"https:\/\/www.autonvaraosahaku.fi\/index.php?rest_route=%2Fwp%2Fv2%2Fproduct_tag&post=85905"}],"curies":[{"name":"wp","href":"https:\/\/api.w.org\/{rel}","templated":true}]}}