{"id":85912,"date":"2021-02-21T20:45:14","date_gmt":"2021-02-21T20:45:14","guid":{"rendered":"https:\/\/www.autonvaraosahaku.fi\/?product=febi-bilstein-20499-iskunvaimennin"},"modified":"2021-02-21T20:45:15","modified_gmt":"2021-02-21T20:45:15","slug":"febi-bilstein-20499-iskunvaimennin","status":"publish","type":"product","link":"https:\/\/www.autonvaraosahaku.fi\/?product=febi-bilstein-20499-iskunvaimennin","title":{"rendered":"FEBI BILSTEIN 20499 Iskunvaimennin"},"content":{"rendered":"<p>Kiinnityspisteiden l\u00e4pimitta [mm]: 16; M\u00e4nn\u00e4nvarren l\u00e4pimitta [mm]: 16; Iskunvaimennin tyyppi: \u00d6ljypaine; v\u00e4h. pituus [mm]: 358; suurin pituus [mm]: 401; Iskunvaimennin asennustapa: Silmukka ylh\u00e4\u00e4ll\u00e4, Silmukka alhaalla; Asennuspuoli: Etuakseli; Putki-\u00d8 (mm): 45, 60; Paino [kg]: 7,3; Huomioi huolto-ohjeet: , ; IVECO: DAILY IV Kasten\/Kombi,DAILY III Pritsche\/Fahrgestell,DAILY III Kasten\/Kombi,DAILY IV Pritsche\/Fahrgestell,DAILY IV Bus,DAILY III Bus; 0004783241, 0093161554, 07189863, 41026312, 504195995, 504198992, 5801345771; Iskarit,Iskunvaimennin<\/p>\n","protected":false},"excerpt":{"rendered":"<p>FEBI BILSTEIN Iskunvaimentimet 20499 Iskarit,Iskunvaimennin IVECO,DAILY IV Kasten\/Kombi,DAILY III Pritsche\/Fahrgestell,DAILY III Kasten\/Kombi<\/p>\n","protected":false},"featured_media":0,"template":"","meta":{"site-sidebar-layout":"default","site-content-layout":"default","ast-global-header-display":"","ast-main-header-display":"","ast-hfb-above-header-display":"","ast-hfb-below-header-display":"","ast-hfb-mobile-header-display":"","site-post-title":"","ast-breadcrumbs-content":"","ast-featured-img":"","footer-sml-layout":"","theme-transparent-header-meta":"","adv-header-id-meta":"","stick-header-meta":"","header-above-stick-meta":"","header-main-stick-meta":"","header-below-stick-meta":""},"pwb-brand":[50],"product_cat":[80],"product_tag":[],"class_list":{"0":"post-85912","1":"product","2":"type-product","3":"status-publish","5":"pwb-brand-febi-bilstein","6":"product_cat-iskunvaimennin","7":"desktop-align-left","8":"tablet-align-left","9":"mobile-align-left","11":"first","12":"instock","13":"product-type-external"},"brands":[{"id":50,"name":"FEBI BILSTEIN","slug":"febi-bilstein"}],"_links":{"self":[{"href":"https:\/\/www.autonvaraosahaku.fi\/index.php?rest_route=\/wp\/v2\/product\/85912","targetHints":{"allow":["GET"]}}],"collection":[{"href":"https:\/\/www.autonvaraosahaku.fi\/index.php?rest_route=\/wp\/v2\/product"}],"about":[{"href":"https:\/\/www.autonvaraosahaku.fi\/index.php?rest_route=\/wp\/v2\/types\/product"}],"wp:attachment":[{"href":"https:\/\/www.autonvaraosahaku.fi\/index.php?rest_route=%2Fwp%2Fv2%2Fmedia&parent=85912"}],"wp:term":[{"taxonomy":"pwb-brand","embeddable":true,"href":"https:\/\/www.autonvaraosahaku.fi\/index.php?rest_route=%2Fwp%2Fv2%2Fpwb-brand&post=85912"},{"taxonomy":"product_cat","embeddable":true,"href":"https:\/\/www.autonvaraosahaku.fi\/index.php?rest_route=%2Fwp%2Fv2%2Fproduct_cat&post=85912"},{"taxonomy":"product_tag","embeddable":true,"href":"https:\/\/www.autonvaraosahaku.fi\/index.php?rest_route=%2Fwp%2Fv2%2Fproduct_tag&post=85912"}],"curies":[{"name":"wp","href":"https:\/\/api.w.org\/{rel}","templated":true}]}}