{"id":85924,"date":"2021-02-21T20:45:14","date_gmt":"2021-02-21T20:45:14","guid":{"rendered":"https:\/\/www.autonvaraosahaku.fi\/?product=elwis-royal-0044282-kannentiiviste"},"modified":"2021-02-21T20:45:19","modified_gmt":"2021-02-21T20:45:19","slug":"elwis-royal-0044282-kannentiiviste","status":"publish","type":"product","link":"https:\/\/www.autonvaraosahaku.fi\/?product=elwis-royal-0044282-kannentiiviste","title":{"rendered":"ELWIS ROYAL 0044282 Kannentiiviste"},"content":{"rendered":"<p>Tarvittava kappalem\u00e4\u00e4r\u00e4: 1; Paksuus [mm]: 1,7; L\u00e4pimitta [mm]: 78; Tiivistetyyppi: Metalli-fiiberi tiiviste; NISSAN: MICRA II K11; ROVER: 100 \/ METRO XP; CITRO\u00cbN: SAXO S0, S1,XSARA N1,XSARA Break N2,AX ZA-_,ZX Break N2,XSARA Kasten,SAXO Hatchback van S3_,XSARA Kasten\/Schr\u00e4gheck; PEUGEOT: 106 II 1,106 I 1A, 1C,106 Van 1_; 0209AA, 0209T1, 0209T8, 110446F901, 110446F902, 110446F903, 0209AA, 0209T1, 0209T8, 9626565080, 9627174780, LVB702588; Tiiviste, Sylinterikansi<\/p>\n","protected":false},"excerpt":{"rendered":"<p>ELWIS ROYAL Kannentiiviste 0044282 Tiiviste, Sylinterikansi NISSAN,ROVER,CITRO\u00cbN,MICRA II K11,100 \/ METRO XP,SAXO S0, S1,XSARA N1,XSARA Break N2<\/p>\n","protected":false},"featured_media":0,"template":"","meta":{"site-sidebar-layout":"default","site-content-layout":"default","ast-global-header-display":"","ast-main-header-display":"","ast-hfb-above-header-display":"","ast-hfb-below-header-display":"","ast-hfb-mobile-header-display":"","site-post-title":"","ast-breadcrumbs-content":"","ast-featured-img":"","footer-sml-layout":"","theme-transparent-header-meta":"","adv-header-id-meta":"","stick-header-meta":"","header-above-stick-meta":"","header-main-stick-meta":"","header-below-stick-meta":""},"pwb-brand":[120],"product_cat":[230],"product_tag":[],"class_list":{"0":"post-85924","1":"product","2":"type-product","3":"status-publish","5":"pwb-brand-elwis-royal","6":"product_cat-kannentiiviste","7":"desktop-align-left","8":"tablet-align-left","9":"mobile-align-left","11":"first","12":"instock","13":"product-type-external"},"brands":[{"id":120,"name":"ELWIS ROYAL","slug":"elwis-royal"}],"_links":{"self":[{"href":"https:\/\/www.autonvaraosahaku.fi\/index.php?rest_route=\/wp\/v2\/product\/85924","targetHints":{"allow":["GET"]}}],"collection":[{"href":"https:\/\/www.autonvaraosahaku.fi\/index.php?rest_route=\/wp\/v2\/product"}],"about":[{"href":"https:\/\/www.autonvaraosahaku.fi\/index.php?rest_route=\/wp\/v2\/types\/product"}],"wp:attachment":[{"href":"https:\/\/www.autonvaraosahaku.fi\/index.php?rest_route=%2Fwp%2Fv2%2Fmedia&parent=85924"}],"wp:term":[{"taxonomy":"pwb-brand","embeddable":true,"href":"https:\/\/www.autonvaraosahaku.fi\/index.php?rest_route=%2Fwp%2Fv2%2Fpwb-brand&post=85924"},{"taxonomy":"product_cat","embeddable":true,"href":"https:\/\/www.autonvaraosahaku.fi\/index.php?rest_route=%2Fwp%2Fv2%2Fproduct_cat&post=85924"},{"taxonomy":"product_tag","embeddable":true,"href":"https:\/\/www.autonvaraosahaku.fi\/index.php?rest_route=%2Fwp%2Fv2%2Fproduct_tag&post=85924"}],"curies":[{"name":"wp","href":"https:\/\/api.w.org\/{rel}","templated":true}]}}