{"id":85928,"date":"2021-02-21T20:45:14","date_gmt":"2021-02-21T20:45:14","guid":{"rendered":"https:\/\/www.autonvaraosahaku.fi\/?product=ate-24-0220-0738-2-jarrurumpu"},"modified":"2021-02-21T20:45:20","modified_gmt":"2021-02-21T20:45:20","slug":"ate-24-0220-0738-2-jarrurumpu","status":"publish","type":"product","link":"https:\/\/www.autonvaraosahaku.fi\/?product=ate-24-0220-0738-2-jarrurumpu","title":{"rendered":"ATE 24.0220-0738.2 Jarrurumpu"},"content":{"rendered":"<p>Korvaava tuote\/korvaava tiedote 2: Py\u00f6r\u00e4nlaakerilla, ilman ABS-sensorirengasta; Rumpul\u00e4pimitta: 200,0; Suurin mahdollinen rummun sis\u00e4mitta (mm): 201,0; J-rumpu sis\u00e4leveys [mm]: 54,0; Reikien m\u00e4\u00e4r\u00e4: 4; Reik\u00e4ympyr\u00e4-\u00d8 [mm]: 100,0; Kierremitta: M12x1,5; J-rumpu ulkoleveys [mm]: 94,2; Jarrurummun ulkol\u00e4pim. [mm]: 228,0; L\u00e4pimitta sis\u00e4\u00e4notto [mm]: 52,9; Sis\u00e4l\u00e4pimitta 2 [mm]: 27,0; MAPP-koodi saatavilla: ; Valmistusvuoteen: 09\/2006; OPEL: CORSA C F08, F68,TIGRA TwinTop,CORSA C Kasten F08, W5L; VAUXHALL: CORSA Mk II C W5L, F08,CORSAVAN Mk II C,TIGRA Convertible; 418001, 9196290, 418001, 9196290<\/p>\n","protected":false},"excerpt":{"rendered":"<p>ATE Jarrurumpu 24.0220-0738.2  OPEL,VAUXHALL,CORSA C F08, F68,TIGRA TwinTop,CORSA C Kasten F08, W5L,CORSA Mk II C W5L, F08,CORSAVAN Mk II C<\/p>\n","protected":false},"featured_media":0,"template":"","meta":{"site-sidebar-layout":"default","site-content-layout":"default","ast-global-header-display":"","ast-main-header-display":"","ast-hfb-above-header-display":"","ast-hfb-below-header-display":"","ast-hfb-mobile-header-display":"","site-post-title":"","ast-breadcrumbs-content":"","ast-featured-img":"","footer-sml-layout":"","theme-transparent-header-meta":"","adv-header-id-meta":"","stick-header-meta":"","header-above-stick-meta":"","header-main-stick-meta":"","header-below-stick-meta":""},"pwb-brand":[108],"product_cat":[304],"product_tag":[],"class_list":{"0":"post-85928","1":"product","2":"type-product","3":"status-publish","5":"pwb-brand-ate","6":"product_cat-jarrurumpu","7":"desktop-align-left","8":"tablet-align-left","9":"mobile-align-left","11":"first","12":"instock","13":"product-type-external"},"brands":[{"id":108,"name":"ATE","slug":"ate"}],"_links":{"self":[{"href":"https:\/\/www.autonvaraosahaku.fi\/index.php?rest_route=\/wp\/v2\/product\/85928","targetHints":{"allow":["GET"]}}],"collection":[{"href":"https:\/\/www.autonvaraosahaku.fi\/index.php?rest_route=\/wp\/v2\/product"}],"about":[{"href":"https:\/\/www.autonvaraosahaku.fi\/index.php?rest_route=\/wp\/v2\/types\/product"}],"wp:attachment":[{"href":"https:\/\/www.autonvaraosahaku.fi\/index.php?rest_route=%2Fwp%2Fv2%2Fmedia&parent=85928"}],"wp:term":[{"taxonomy":"pwb-brand","embeddable":true,"href":"https:\/\/www.autonvaraosahaku.fi\/index.php?rest_route=%2Fwp%2Fv2%2Fpwb-brand&post=85928"},{"taxonomy":"product_cat","embeddable":true,"href":"https:\/\/www.autonvaraosahaku.fi\/index.php?rest_route=%2Fwp%2Fv2%2Fproduct_cat&post=85928"},{"taxonomy":"product_tag","embeddable":true,"href":"https:\/\/www.autonvaraosahaku.fi\/index.php?rest_route=%2Fwp%2Fv2%2Fproduct_tag&post=85928"}],"curies":[{"name":"wp","href":"https:\/\/api.w.org\/{rel}","templated":true}]}}