{"id":85950,"date":"2021-02-21T20:45:30","date_gmt":"2021-02-21T20:45:30","guid":{"rendered":"https:\/\/www.autonvaraosahaku.fi\/?product=metelli-05-0059-jarrupaasylinteri"},"modified":"2021-02-21T20:45:30","modified_gmt":"2021-02-21T20:45:30","slug":"metelli-05-0059-jarrupaasylinteri","status":"publish","type":"product","link":"https:\/\/www.autonvaraosahaku.fi\/?product=metelli-05-0059-jarrupaasylinteri","title":{"rendered":"METELLI 05-0059 Jarrup\u00e4\u00e4sylinteri"},"content":{"rendered":"<p>Materiaali: Valurauta; L\u00e4pimitta 1\/l\u00e4pimitta 2 [mm]: 20,64; Pituus (mm): 40; Valmistusvuosi alkaen: 10\/1991; SEAT: TOLEDO I 1L,IBIZA I 021A,MALAGA 023A,TERRA 24,RONDA 022A; RENAULT: MEGANE Scenic JA0\/1_,MEGANE I BA0\/1_,MEGANE I Cabriolet EA0\/1_,CLIO I B\/C57_, 5\/357_,MEGANE I Classic LA0\/1_,MEGANE I Coach DA0\/1_,19 II B\/C53_,19 II Cabriolet D53_, 853_,RAPID Kasten F40_, G40_,19 I B\/C53_,19 II Chamade L53_,ESPACE I J11_,19 I Chamade L53_,CLIO I Kasten S57_,19 I Cabriolet D53_,19 II Kasten S53_,19 I Kasten S53_,EXPRESS Pick-up,EXPRESS Kasten\/Kombi,RAPID; CITRO\u00cbN: AX ZA-_,ZX N2; PEUGEOT: 106 I 1A, 1C,205 II 20A\/C,205 I Cabriolet 741B, 20D,309 II 3C, 3A,205 I 741A\/C,106 Van 1_,309 I 10C, 10A,205 Kasten; 460185, 4601H4, 4601H8, 91510533, 9404601858, 95659534, 460185, 4601H4, 4601H8, 7700793558, 7700878630, 7701349871, 7700793558, 7700878630, 7701349871, 5138278, SE021715003A<\/p>\n","protected":false},"excerpt":{"rendered":"<p>METELLI Jarrup\u00e4\u00e4sylinteri 05-0059  SEAT,RENAULT,CITRO\u00cbN,TOLEDO I 1L,IBIZA I 021A,MALAGA 023A,TERRA 24,RONDA 022A,MEGANE Scenic JA0\/1_,MEGANE I BA0\/1_<\/p>\n","protected":false},"featured_media":0,"template":"","meta":{"site-sidebar-layout":"default","site-content-layout":"default","ast-global-header-display":"","ast-main-header-display":"","ast-hfb-above-header-display":"","ast-hfb-below-header-display":"","ast-hfb-mobile-header-display":"","site-post-title":"","ast-breadcrumbs-content":"","ast-featured-img":"","footer-sml-layout":"","theme-transparent-header-meta":"","adv-header-id-meta":"","stick-header-meta":"","header-above-stick-meta":"","header-main-stick-meta":"","header-below-stick-meta":""},"pwb-brand":[251],"product_cat":[276],"product_tag":[],"class_list":{"0":"post-85950","1":"product","2":"type-product","3":"status-publish","5":"pwb-brand-metelli","6":"product_cat-jarrupaasylinteri","7":"desktop-align-left","8":"tablet-align-left","9":"mobile-align-left","11":"first","12":"instock","13":"product-type-external"},"brands":[{"id":251,"name":"METELLI","slug":"metelli"}],"_links":{"self":[{"href":"https:\/\/www.autonvaraosahaku.fi\/index.php?rest_route=\/wp\/v2\/product\/85950","targetHints":{"allow":["GET"]}}],"collection":[{"href":"https:\/\/www.autonvaraosahaku.fi\/index.php?rest_route=\/wp\/v2\/product"}],"about":[{"href":"https:\/\/www.autonvaraosahaku.fi\/index.php?rest_route=\/wp\/v2\/types\/product"}],"wp:attachment":[{"href":"https:\/\/www.autonvaraosahaku.fi\/index.php?rest_route=%2Fwp%2Fv2%2Fmedia&parent=85950"}],"wp:term":[{"taxonomy":"pwb-brand","embeddable":true,"href":"https:\/\/www.autonvaraosahaku.fi\/index.php?rest_route=%2Fwp%2Fv2%2Fpwb-brand&post=85950"},{"taxonomy":"product_cat","embeddable":true,"href":"https:\/\/www.autonvaraosahaku.fi\/index.php?rest_route=%2Fwp%2Fv2%2Fproduct_cat&post=85950"},{"taxonomy":"product_tag","embeddable":true,"href":"https:\/\/www.autonvaraosahaku.fi\/index.php?rest_route=%2Fwp%2Fv2%2Fproduct_tag&post=85950"}],"curies":[{"name":"wp","href":"https:\/\/api.w.org\/{rel}","templated":true}]}}