{"id":85958,"date":"2021-02-21T20:45:30","date_gmt":"2021-02-21T20:45:30","guid":{"rendered":"https:\/\/www.autonvaraosahaku.fi\/?product=era-330010-oljynpaineanturi"},"modified":"2021-02-21T20:45:33","modified_gmt":"2021-02-21T20:45:33","slug":"era-330010-oljynpaineanturi","status":"publish","type":"product","link":"https:\/\/www.autonvaraosahaku.fi\/?product=era-330010-oljynpaineanturi","title":{"rendered":"ERA 330010 \u00d6ljynpaineanturi"},"content":{"rendered":"<p>Liitinkierre: M16 x 1,5; Kytkent\u00e4paine (bar): 0,6; Teknisten tietojen numero: circuit N.C.; ROVER: 200 Hatchback XW,400 Tourer XW,400 XW; FORD: SCORPIO I GAE, GGE,SCORPIO I Stufenheck GGE,SCORPIO I Kombi GGE; CITRO\u00cbN: BERLINGO MF,XSARA PICASSO N68,SAXO S0, S1,BERLINGO Kasten M_,XSARA N1,XSARA Break N2,XSARA Coupe N0,AX ZA-_,ZX N2,BX XB-_,XM Y3,ZX Break N2,BX Break XB-_,C15 VD-_,XM Break Y3,C15 Kombi,SAXO Hatchback van S3_,XSARA Kasten\/Schr\u00e4gheck; PEUGEOT: 206 Schr\u00e4gheck 2A\/C,206 SW 2E\/K,106 II 1,306 Schr\u00e4gheck 7A, 7C, N3, N5,306 Cabriolet 7D, N3, N5,PARTNER Combispace 5F,106 I 1A, 1C,205 II 20A\/C,PARTNER Kasten 5,306 Break 7E, N3, N5,306 7B, N3, N5,205 I Cabriolet 741B, 20D,309 II 3C, 3A,205 I 741A\/C,405 I 15B,206 Van,605 6B,106 Van 1_,309 I 10C, 10A,306 Van N_, 7_,505 551A,405 I Break 15E,305 II 581M,505 Break 551D,604 561A_,305 II Break 581E; 113114, 113145, 91040130, 91521113, 91521114, 1646357, 86GB9278AB, 113114, 113145, 91040130, 91521113, 91521114, GPS138, NUC10008; \u00d6ljynpainekytkin<\/p>\n","protected":false},"excerpt":{"rendered":"<p>ERA \u00d6ljynpaineanturi 330010 \u00d6ljynpainekytkin ROVER,FORD,CITRO\u00cbN,200 Hatchback XW,400 Tourer XW,400 XW,SCORPIO I GAE, GGE,SCORPIO I Stufenheck GGE<\/p>\n","protected":false},"featured_media":0,"template":"","meta":{"site-sidebar-layout":"default","site-content-layout":"default","ast-global-header-display":"","ast-main-header-display":"","ast-hfb-above-header-display":"","ast-hfb-below-header-display":"","ast-hfb-mobile-header-display":"","site-post-title":"","ast-breadcrumbs-content":"","ast-featured-img":"","footer-sml-layout":"","theme-transparent-header-meta":"","adv-header-id-meta":"","stick-header-meta":"","header-above-stick-meta":"","header-main-stick-meta":"","header-below-stick-meta":""},"pwb-brand":[64],"product_cat":[235],"product_tag":[],"class_list":{"0":"post-85958","1":"product","2":"type-product","3":"status-publish","5":"pwb-brand-era","6":"product_cat-oljynpaineanturi","7":"desktop-align-left","8":"tablet-align-left","9":"mobile-align-left","11":"first","12":"instock","13":"product-type-external"},"brands":[{"id":64,"name":"ERA","slug":"era"}],"_links":{"self":[{"href":"https:\/\/www.autonvaraosahaku.fi\/index.php?rest_route=\/wp\/v2\/product\/85958","targetHints":{"allow":["GET"]}}],"collection":[{"href":"https:\/\/www.autonvaraosahaku.fi\/index.php?rest_route=\/wp\/v2\/product"}],"about":[{"href":"https:\/\/www.autonvaraosahaku.fi\/index.php?rest_route=\/wp\/v2\/types\/product"}],"wp:attachment":[{"href":"https:\/\/www.autonvaraosahaku.fi\/index.php?rest_route=%2Fwp%2Fv2%2Fmedia&parent=85958"}],"wp:term":[{"taxonomy":"pwb-brand","embeddable":true,"href":"https:\/\/www.autonvaraosahaku.fi\/index.php?rest_route=%2Fwp%2Fv2%2Fpwb-brand&post=85958"},{"taxonomy":"product_cat","embeddable":true,"href":"https:\/\/www.autonvaraosahaku.fi\/index.php?rest_route=%2Fwp%2Fv2%2Fproduct_cat&post=85958"},{"taxonomy":"product_tag","embeddable":true,"href":"https:\/\/www.autonvaraosahaku.fi\/index.php?rest_route=%2Fwp%2Fv2%2Fproduct_tag&post=85958"}],"curies":[{"name":"wp","href":"https:\/\/api.w.org\/{rel}","templated":true}]}}