{"id":86004,"date":"2021-02-21T20:45:46","date_gmt":"2021-02-21T20:45:46","guid":{"rendered":"https:\/\/www.autonvaraosahaku.fi\/?product=ufi-27-707-00-ilmansuodatin"},"modified":"2021-02-21T20:45:51","modified_gmt":"2021-02-21T20:45:51","slug":"ufi-27-707-00-ilmansuodatin","status":"publish","type":"product","link":"https:\/\/www.autonvaraosahaku.fi\/?product=ufi-27-707-00-ilmansuodatin","title":{"rendered":"UFI 27.707.00 Ilmansuodatin"},"content":{"rendered":"<p>Ulkol\u00e4pimitta [mm]: 140,0; Sis\u00e4l\u00e4pimitta 1 [mm]: 94,0; Sis\u00e4l\u00e4pimitta 2 [mm]: 94,0; Korkeus (mm): 75,0; OE-numerolle: AM171-5D; ROVER: 2000-3500 P6; FIAT: 600; CITRO\u00cbN: MEHARI; MORGAN: PLUS EIGHT; AM1715D, 4055745, 4146001, 4315437, 4371576, 45480668, 4958911, 73103, 7984429, 1797402, 122762, 12H2088, 1H1334, AJH5132, AJK5132, 5038483, 71804696, 75060982, 75065910<\/p>\n","protected":false},"excerpt":{"rendered":"<p>UFI Ilmansuodatin 27.707.00  ROVER,FIAT,CITRO\u00cbN,2000-3500 P6,600,MEHARI,PLUS EIGHT<\/p>\n","protected":false},"featured_media":0,"template":"","meta":{"site-sidebar-layout":"default","site-content-layout":"default","ast-global-header-display":"","ast-main-header-display":"","ast-hfb-above-header-display":"","ast-hfb-below-header-display":"","ast-hfb-mobile-header-display":"","site-post-title":"","ast-breadcrumbs-content":"","ast-featured-img":"","footer-sml-layout":"","theme-transparent-header-meta":"","adv-header-id-meta":"","stick-header-meta":"","header-above-stick-meta":"","header-main-stick-meta":"","header-below-stick-meta":""},"pwb-brand":[109],"product_cat":[31],"product_tag":[],"class_list":{"0":"post-86004","1":"product","2":"type-product","3":"status-publish","5":"pwb-brand-ufi","6":"product_cat-ilmansuodatin","7":"desktop-align-left","8":"tablet-align-left","9":"mobile-align-left","11":"first","12":"instock","13":"product-type-external"},"brands":[{"id":109,"name":"UFI","slug":"ufi"}],"_links":{"self":[{"href":"https:\/\/www.autonvaraosahaku.fi\/index.php?rest_route=\/wp\/v2\/product\/86004","targetHints":{"allow":["GET"]}}],"collection":[{"href":"https:\/\/www.autonvaraosahaku.fi\/index.php?rest_route=\/wp\/v2\/product"}],"about":[{"href":"https:\/\/www.autonvaraosahaku.fi\/index.php?rest_route=\/wp\/v2\/types\/product"}],"wp:attachment":[{"href":"https:\/\/www.autonvaraosahaku.fi\/index.php?rest_route=%2Fwp%2Fv2%2Fmedia&parent=86004"}],"wp:term":[{"taxonomy":"pwb-brand","embeddable":true,"href":"https:\/\/www.autonvaraosahaku.fi\/index.php?rest_route=%2Fwp%2Fv2%2Fpwb-brand&post=86004"},{"taxonomy":"product_cat","embeddable":true,"href":"https:\/\/www.autonvaraosahaku.fi\/index.php?rest_route=%2Fwp%2Fv2%2Fproduct_cat&post=86004"},{"taxonomy":"product_tag","embeddable":true,"href":"https:\/\/www.autonvaraosahaku.fi\/index.php?rest_route=%2Fwp%2Fv2%2Fproduct_tag&post=86004"}],"curies":[{"name":"wp","href":"https:\/\/api.w.org\/{rel}","templated":true}]}}