{"id":86008,"date":"2021-02-21T20:45:46","date_gmt":"2021-02-21T20:45:46","guid":{"rendered":"https:\/\/www.autonvaraosahaku.fi\/?product=nrf-47026-jaahdyttimen-tuuletin"},"modified":"2021-02-21T20:45:52","modified_gmt":"2021-02-21T20:45:52","slug":"nrf-47026-jaahdyttimen-tuuletin","status":"publish","type":"product","link":"https:\/\/www.autonvaraosahaku.fi\/?product=nrf-47026-jaahdyttimen-tuuletin","title":{"rendered":"NRF 47026 J\u00e4\u00e4hdyttimen tuuletin"},"content":{"rendered":"<p>J\u00e4nnite (V): 12; Nimellisteho (W): 300; L\u00e4pimitta 1\/l\u00e4pimitta 2 [mm]: 412; Puhallinsiipen lukum\u00e4\u00e4r\u00e4: 6; Korvaava tuote\/korvaava tiedote 2: J\u00e4\u00e4hdytystuulettimen keh\u00e4ll\u00e4; Lis\u00e4tarvike\/lis\u00e4tieto: Ohjainlaitteella; L\u00e4mmityslaite \/ j\u00e4\u00e4hdytys: Tuuletin, yksinkertainen; Pistokkeen kotelon muoto: suorakulmainen (rectangular); Napojen m\u00e4\u00e4r\u00e4: 3; Varustelumahdollisuudet: Puller; Varusteet: f\u00fcr Fahrzeuge mit Klimaanlage; BMW: 3 E46,3 Touring E46,3 Compact E46,3 Coupe E46,3 Cabriolet E46; 1436260, 17111436260, 17111436261, 17111437713, 17111438577, 17117503761, 17117503762, 17117503763, 17117510085, 17117510086, 17117510617, 17117516813, 17117525508, 17117561757, 17117790895, 17117801422, 64546905076, 64546988913, 7510617, 7525508, 7561757; Tuuletin, Moottorin J\u00e4\u00e4hdytys<\/p>\n","protected":false},"excerpt":{"rendered":"<p>NRF J\u00e4\u00e4hdyttimen Tuuletin 47026 Tuuletin, Moottorin J\u00e4\u00e4hdytys BMW,3 E46,3 Touring E46,3 Compact E46,3 Coupe E46,3 Cabriolet E46<\/p>\n","protected":false},"featured_media":0,"template":"","meta":{"site-sidebar-layout":"default","site-content-layout":"default","ast-global-header-display":"","ast-main-header-display":"","ast-hfb-above-header-display":"","ast-hfb-below-header-display":"","ast-hfb-mobile-header-display":"","site-post-title":"","ast-breadcrumbs-content":"","ast-featured-img":"","footer-sml-layout":"","theme-transparent-header-meta":"","adv-header-id-meta":"","stick-header-meta":"","header-above-stick-meta":"","header-main-stick-meta":"","header-below-stick-meta":""},"pwb-brand":[85],"product_cat":[313],"product_tag":[],"class_list":{"0":"post-86008","1":"product","2":"type-product","3":"status-publish","5":"pwb-brand-nrf","6":"product_cat-jaahdyttimen-tuuletin","7":"desktop-align-left","8":"tablet-align-left","9":"mobile-align-left","11":"first","12":"instock","13":"product-type-external"},"brands":[{"id":85,"name":"NRF","slug":"nrf"}],"_links":{"self":[{"href":"https:\/\/www.autonvaraosahaku.fi\/index.php?rest_route=\/wp\/v2\/product\/86008","targetHints":{"allow":["GET"]}}],"collection":[{"href":"https:\/\/www.autonvaraosahaku.fi\/index.php?rest_route=\/wp\/v2\/product"}],"about":[{"href":"https:\/\/www.autonvaraosahaku.fi\/index.php?rest_route=\/wp\/v2\/types\/product"}],"wp:attachment":[{"href":"https:\/\/www.autonvaraosahaku.fi\/index.php?rest_route=%2Fwp%2Fv2%2Fmedia&parent=86008"}],"wp:term":[{"taxonomy":"pwb-brand","embeddable":true,"href":"https:\/\/www.autonvaraosahaku.fi\/index.php?rest_route=%2Fwp%2Fv2%2Fpwb-brand&post=86008"},{"taxonomy":"product_cat","embeddable":true,"href":"https:\/\/www.autonvaraosahaku.fi\/index.php?rest_route=%2Fwp%2Fv2%2Fproduct_cat&post=86008"},{"taxonomy":"product_tag","embeddable":true,"href":"https:\/\/www.autonvaraosahaku.fi\/index.php?rest_route=%2Fwp%2Fv2%2Fproduct_tag&post=86008"}],"curies":[{"name":"wp","href":"https:\/\/api.w.org\/{rel}","templated":true}]}}