{"id":86010,"date":"2021-02-21T20:45:53","date_gmt":"2021-02-21T20:45:53","guid":{"rendered":"https:\/\/www.autonvaraosahaku.fi\/?product=ufi-27-061-00-ilmansuodatin"},"modified":"2021-02-21T20:45:54","modified_gmt":"2021-02-21T20:45:54","slug":"ufi-27-061-00-ilmansuodatin","status":"publish","type":"product","link":"https:\/\/www.autonvaraosahaku.fi\/?product=ufi-27-061-00-ilmansuodatin","title":{"rendered":"UFI 27.061.00 Ilmansuodatin"},"content":{"rendered":"<p>Ulkol\u00e4pimitta [mm]: 168,0; Sis\u00e4l\u00e4pimitta 1 [mm]: 118,0; Sis\u00e4l\u00e4pimitta 2 [mm]: 118,0; Korkeus (mm): 133,0; Valmistusvuoteen: 07\/1987; CITRO\u00cbN: BX XB-_,BX Break XB-_,C15 VD-_; PEUGEOT: 205 II 20A\/C,309 II 3C, 3A,205 I 741A\/C,309 I 10C, 10A,305 II 581M,305 II Break 581E,305 I 581A,205 Kasten,305 I Break 581D; 1444SV, 9401445898, 95589128, 95601137, 95605128, 5012563, 1444SV, 144589, 9401445898<\/p>\n","protected":false},"excerpt":{"rendered":"<p>UFI Ilmansuodatin 27.061.00  CITRO\u00cbN,PEUGEOT,BX XB-_,BX Break XB-_,C15 VD-_,205 II 20A\/C,309 II 3C, 3A,205 I 741A\/C,309 I 10C, 10A,305 II 581M<\/p>\n","protected":false},"featured_media":0,"template":"","meta":{"site-sidebar-layout":"default","site-content-layout":"default","ast-global-header-display":"","ast-main-header-display":"","ast-hfb-above-header-display":"","ast-hfb-below-header-display":"","ast-hfb-mobile-header-display":"","site-post-title":"","ast-breadcrumbs-content":"","ast-featured-img":"","footer-sml-layout":"","theme-transparent-header-meta":"","adv-header-id-meta":"","stick-header-meta":"","header-above-stick-meta":"","header-main-stick-meta":"","header-below-stick-meta":""},"pwb-brand":[109],"product_cat":[31],"product_tag":[],"class_list":{"0":"post-86010","1":"product","2":"type-product","3":"status-publish","5":"pwb-brand-ufi","6":"product_cat-ilmansuodatin","7":"desktop-align-left","8":"tablet-align-left","9":"mobile-align-left","11":"first","12":"instock","13":"product-type-external"},"brands":[{"id":109,"name":"UFI","slug":"ufi"}],"_links":{"self":[{"href":"https:\/\/www.autonvaraosahaku.fi\/index.php?rest_route=\/wp\/v2\/product\/86010","targetHints":{"allow":["GET"]}}],"collection":[{"href":"https:\/\/www.autonvaraosahaku.fi\/index.php?rest_route=\/wp\/v2\/product"}],"about":[{"href":"https:\/\/www.autonvaraosahaku.fi\/index.php?rest_route=\/wp\/v2\/types\/product"}],"wp:attachment":[{"href":"https:\/\/www.autonvaraosahaku.fi\/index.php?rest_route=%2Fwp%2Fv2%2Fmedia&parent=86010"}],"wp:term":[{"taxonomy":"pwb-brand","embeddable":true,"href":"https:\/\/www.autonvaraosahaku.fi\/index.php?rest_route=%2Fwp%2Fv2%2Fpwb-brand&post=86010"},{"taxonomy":"product_cat","embeddable":true,"href":"https:\/\/www.autonvaraosahaku.fi\/index.php?rest_route=%2Fwp%2Fv2%2Fproduct_cat&post=86010"},{"taxonomy":"product_tag","embeddable":true,"href":"https:\/\/www.autonvaraosahaku.fi\/index.php?rest_route=%2Fwp%2Fv2%2Fproduct_tag&post=86010"}],"curies":[{"name":"wp","href":"https:\/\/api.w.org\/{rel}","templated":true}]}}