{"id":86014,"date":"2021-02-21T20:45:53","date_gmt":"2021-02-21T20:45:53","guid":{"rendered":"https:\/\/www.autonvaraosahaku.fi\/?product=nrf-35777-ilmastoinnin-lauhdutin"},"modified":"2021-02-21T20:45:55","modified_gmt":"2021-02-21T20:45:55","slug":"nrf-35777-ilmastoinnin-lauhdutin","status":"publish","type":"product","link":"https:\/\/www.autonvaraosahaku.fi\/?product=nrf-35777-ilmastoinnin-lauhdutin","title":{"rendered":"NRF 35777 Ilmastoinnin lauhdutin"},"content":{"rendered":"<p>Korvaava tuote\/korvaava tiedote 2: Vedenerottimella; Materiaali: Alumiini; Paksuus [mm]: 12; Leveys (mm): 350; Korkeus (mm): 560; Kylm\u00e4aine: R 1234yf, R 134a; Sis\u00e4\u00e4ntulol\u00e4pimitta [mm]: 12; Ulostulon l\u00e4pimitta [mm]: 9; Laatu \/ luokka: Easy Fit; Tuotelinja: EASY FIT; Rakennemalli: Punto; OPEL: CORSA D,ADAM,CORSA D Van,CORSA E,CORSA E Van; FIAT: GRANDE PUNTO 199,PUNTO 188,PUNTO EVO 199,PUNTO 199,QUBO 225,FIORINO Kasten\/Kombi 225,PUNTO Van 199,PUNTO EVO Van 199_; PEUGEOT: BIPPER AA_,BIPPER Tepee; CITRO\u00cbN: NEMO Kasten AA_,NEMO Kombi; ALFA ROMEO: GIULIETTA 940,4C 960,4C SPIDER 960; VAUXHALL: CORSA Mk III D L_8,ADAM,CORSAVAN Mk III D,CORSA Mk IV E; 51931470, 52039557, 55700406, 1609867680, 1626239780, 6455GA, 51931470, 52039557, 55700406, 13310103, 13389472, 13400150, 1850119, 1850290, 1850414, 1850849, 39035151, 39035152, 55700406, 1609867680, 1626239780, 6455GA, 13310103, 13389472, 13400150, 1850119, 1850290, 1850414, 1850849, 39035151, 39035152, 55700406; Lauhdutin, Ilmastointilaite<\/p>\n","protected":false},"excerpt":{"rendered":"<p>NRF Ilmastoinnin Lauhdutin 35777 Lauhdutin, Ilmastointilaite OPEL,FIAT,PEUGEOT,CORSA D,ADAM,CORSA D Van,CORSA E,CORSA E Van,GRANDE PUNTO 199,PUNTO 188<\/p>\n","protected":false},"featured_media":0,"template":"","meta":{"site-sidebar-layout":"default","site-content-layout":"default","ast-global-header-display":"","ast-main-header-display":"","ast-hfb-above-header-display":"","ast-hfb-below-header-display":"","ast-hfb-mobile-header-display":"","site-post-title":"","ast-breadcrumbs-content":"","ast-featured-img":"","footer-sml-layout":"","theme-transparent-header-meta":"","adv-header-id-meta":"","stick-header-meta":"","header-above-stick-meta":"","header-main-stick-meta":"","header-below-stick-meta":""},"pwb-brand":[85],"product_cat":[453],"product_tag":[],"class_list":{"0":"post-86014","1":"product","2":"type-product","3":"status-publish","5":"pwb-brand-nrf","6":"product_cat-ilmastoinnin-lauhdutin","7":"desktop-align-left","8":"tablet-align-left","9":"mobile-align-left","11":"first","12":"instock","13":"product-type-external"},"brands":[{"id":85,"name":"NRF","slug":"nrf"}],"_links":{"self":[{"href":"https:\/\/www.autonvaraosahaku.fi\/index.php?rest_route=\/wp\/v2\/product\/86014","targetHints":{"allow":["GET"]}}],"collection":[{"href":"https:\/\/www.autonvaraosahaku.fi\/index.php?rest_route=\/wp\/v2\/product"}],"about":[{"href":"https:\/\/www.autonvaraosahaku.fi\/index.php?rest_route=\/wp\/v2\/types\/product"}],"wp:attachment":[{"href":"https:\/\/www.autonvaraosahaku.fi\/index.php?rest_route=%2Fwp%2Fv2%2Fmedia&parent=86014"}],"wp:term":[{"taxonomy":"pwb-brand","embeddable":true,"href":"https:\/\/www.autonvaraosahaku.fi\/index.php?rest_route=%2Fwp%2Fv2%2Fpwb-brand&post=86014"},{"taxonomy":"product_cat","embeddable":true,"href":"https:\/\/www.autonvaraosahaku.fi\/index.php?rest_route=%2Fwp%2Fv2%2Fproduct_cat&post=86014"},{"taxonomy":"product_tag","embeddable":true,"href":"https:\/\/www.autonvaraosahaku.fi\/index.php?rest_route=%2Fwp%2Fv2%2Fproduct_tag&post=86014"}],"curies":[{"name":"wp","href":"https:\/\/api.w.org\/{rel}","templated":true}]}}