{"id":86018,"date":"2021-02-21T20:45:53","date_gmt":"2021-02-21T20:45:53","guid":{"rendered":"https:\/\/www.autonvaraosahaku.fi\/?product=a-b-s-k12598-kasijarruvaijeri"},"modified":"2021-02-21T20:45:56","modified_gmt":"2021-02-21T20:45:56","slug":"a-b-s-k12598-kasijarruvaijeri","status":"publish","type":"product","link":"https:\/\/www.autonvaraosahaku.fi\/?product=a-b-s-k12598-kasijarruvaijeri","title":{"rendered":"A.B.S. K12598 K\u00e4sijarruvaijeri"},"content":{"rendered":"<p>Jarrutyyppi: Rumpujarru; Paino [kg]: 0,27; Pituus, sis\u00e4 (mm): 1013; Pituus, ulko (mm): 755; Vasen \/ oikea liikenne: Oikean-\/vasemmanpuolinen ohjaus; Valmistusmaa: Japan; SUZUKI: SAMURAI SJ,SJ 413,SAMURAI Gel\u00e4ndewagen offen SJ; SANTANA: SAMURAI; 54640A70A00, 5466083310; Jarruvaijeri,Vaijeri, K\u00e4sijarru<\/p>\n","protected":false},"excerpt":{"rendered":"<p>A.B.S. K\u00e4sijarruvaijeri K12598 Jarruvaijeri,Vaijeri, K\u00e4sijarru SUZUKI,SANTANA,SAMURAI SJ,SJ 413,SAMURAI Gel\u00e4ndewagen offen SJ,SAMURAI<\/p>\n","protected":false},"featured_media":0,"template":"","meta":{"site-sidebar-layout":"default","site-content-layout":"default","ast-global-header-display":"","ast-main-header-display":"","ast-hfb-above-header-display":"","ast-hfb-below-header-display":"","ast-hfb-mobile-header-display":"","site-post-title":"","ast-breadcrumbs-content":"","ast-featured-img":"","footer-sml-layout":"","theme-transparent-header-meta":"","adv-header-id-meta":"","stick-header-meta":"","header-above-stick-meta":"","header-main-stick-meta":"","header-below-stick-meta":""},"pwb-brand":[326],"product_cat":[210],"product_tag":[],"class_list":{"0":"post-86018","1":"product","2":"type-product","3":"status-publish","5":"pwb-brand-a-b-s","6":"product_cat-kasijarruvaijeri","7":"desktop-align-left","8":"tablet-align-left","9":"mobile-align-left","11":"first","12":"instock","13":"product-type-external"},"brands":[{"id":326,"name":"A.B.S.","slug":"a-b-s"}],"_links":{"self":[{"href":"https:\/\/www.autonvaraosahaku.fi\/index.php?rest_route=\/wp\/v2\/product\/86018","targetHints":{"allow":["GET"]}}],"collection":[{"href":"https:\/\/www.autonvaraosahaku.fi\/index.php?rest_route=\/wp\/v2\/product"}],"about":[{"href":"https:\/\/www.autonvaraosahaku.fi\/index.php?rest_route=\/wp\/v2\/types\/product"}],"wp:attachment":[{"href":"https:\/\/www.autonvaraosahaku.fi\/index.php?rest_route=%2Fwp%2Fv2%2Fmedia&parent=86018"}],"wp:term":[{"taxonomy":"pwb-brand","embeddable":true,"href":"https:\/\/www.autonvaraosahaku.fi\/index.php?rest_route=%2Fwp%2Fv2%2Fpwb-brand&post=86018"},{"taxonomy":"product_cat","embeddable":true,"href":"https:\/\/www.autonvaraosahaku.fi\/index.php?rest_route=%2Fwp%2Fv2%2Fproduct_cat&post=86018"},{"taxonomy":"product_tag","embeddable":true,"href":"https:\/\/www.autonvaraosahaku.fi\/index.php?rest_route=%2Fwp%2Fv2%2Fproduct_tag&post=86018"}],"curies":[{"name":"wp","href":"https:\/\/api.w.org\/{rel}","templated":true}]}}