{"id":86019,"date":"2021-02-21T20:45:53","date_gmt":"2021-02-21T20:45:53","guid":{"rendered":"https:\/\/www.autonvaraosahaku.fi\/?product=nrf-33221-ilmastoinnin-kuivain"},"modified":"2021-02-21T20:45:57","modified_gmt":"2021-02-21T20:45:57","slug":"nrf-33221-ilmastoinnin-kuivain","status":"publish","type":"product","link":"https:\/\/www.autonvaraosahaku.fi\/?product=nrf-33221-ilmastoinnin-kuivain","title":{"rendered":"NRF 33221 Ilmastoinnin kuivain"},"content":{"rendered":"<p>Pakkaustyyppi: Pullo; Kylm\u00e4aine: R 134a; Materiaali: Alumiini; Sis\u00e4\u00e4ntulol\u00e4pimitta [mm]: 20,60; Ulostulon l\u00e4pimitta [mm]: 20,60; L\u00e4pimitta [mm]: 89; Korkeus (mm): 250; Laatu \/ luokka: Easy Fit; Rakennemalli: Kangoo Express; MERCEDES-BENZ: CITAN Kasten 415,CITAN Kombi 415,CITAN Mixto 415; RENAULT: SC\u00c9NIC II JM0\/1_,MEGANE II Kombi KM0\/1_,MEGANE II Coup\u00e9-Cabriolet EM0\/1_,MEGANE II BM0\/1_, CM0\/1_,KANGOO \/ GRAND KANGOO KW0\/1_,GRAND SC\u00c9NIC II JM0\/1_,KANGOO Express FW0\/1_,MEGANE II Stufenheck LM0\/1_,KANGOO BE BOP KW0\/1_,MEGANE II Kasten\/Kombi KM_,MEGANE II Hatchback Van KM0\/2_; 4158300400, A4158300400, 8200189627, 8200247360, 8671017788; Kuivain, Ilmastointilaite<\/p>\n","protected":false},"excerpt":{"rendered":"<p>NRF Ilmastoinnin Kuivain EASY FIT 33221 Kuivain, Ilmastointilaite MERCEDES-BENZ,RENAULT,CITAN Kasten 415,CITAN Kombi 415,CITAN Mixto 415<\/p>\n","protected":false},"featured_media":0,"template":"","meta":{"site-sidebar-layout":"default","site-content-layout":"default","ast-global-header-display":"","ast-main-header-display":"","ast-hfb-above-header-display":"","ast-hfb-below-header-display":"","ast-hfb-mobile-header-display":"","site-post-title":"","ast-breadcrumbs-content":"","ast-featured-img":"","footer-sml-layout":"","theme-transparent-header-meta":"","adv-header-id-meta":"","stick-header-meta":"","header-above-stick-meta":"","header-main-stick-meta":"","header-below-stick-meta":""},"pwb-brand":[85],"product_cat":[318],"product_tag":[],"class_list":{"0":"post-86019","1":"product","2":"type-product","3":"status-publish","5":"pwb-brand-nrf","6":"product_cat-ilmastoinnin-kuivain","7":"desktop-align-left","8":"tablet-align-left","9":"mobile-align-left","11":"first","12":"instock","13":"product-type-external"},"brands":[{"id":85,"name":"NRF","slug":"nrf"}],"_links":{"self":[{"href":"https:\/\/www.autonvaraosahaku.fi\/index.php?rest_route=\/wp\/v2\/product\/86019","targetHints":{"allow":["GET"]}}],"collection":[{"href":"https:\/\/www.autonvaraosahaku.fi\/index.php?rest_route=\/wp\/v2\/product"}],"about":[{"href":"https:\/\/www.autonvaraosahaku.fi\/index.php?rest_route=\/wp\/v2\/types\/product"}],"wp:attachment":[{"href":"https:\/\/www.autonvaraosahaku.fi\/index.php?rest_route=%2Fwp%2Fv2%2Fmedia&parent=86019"}],"wp:term":[{"taxonomy":"pwb-brand","embeddable":true,"href":"https:\/\/www.autonvaraosahaku.fi\/index.php?rest_route=%2Fwp%2Fv2%2Fpwb-brand&post=86019"},{"taxonomy":"product_cat","embeddable":true,"href":"https:\/\/www.autonvaraosahaku.fi\/index.php?rest_route=%2Fwp%2Fv2%2Fproduct_cat&post=86019"},{"taxonomy":"product_tag","embeddable":true,"href":"https:\/\/www.autonvaraosahaku.fi\/index.php?rest_route=%2Fwp%2Fv2%2Fproduct_tag&post=86019"}],"curies":[{"name":"wp","href":"https:\/\/api.w.org\/{rel}","templated":true}]}}