{"id":86020,"date":"2021-02-21T20:45:53","date_gmt":"2021-02-21T20:45:53","guid":{"rendered":"https:\/\/www.autonvaraosahaku.fi\/?product=hella-8el-012-427-861-laturi"},"modified":"2021-02-21T20:45:57","modified_gmt":"2021-02-21T20:45:57","slug":"hella-8el-012-427-861-laturi","status":"publish","type":"product","link":"https:\/\/www.autonvaraosahaku.fi\/?product=hella-8el-012-427-861-laturi","title":{"rendered":"HELLA 8EL 012 427-861 Laturi"},"content":{"rendered":"<p>Pantiton uusi osa: ; J\u00e4nnite (V): 14; Laturi varausvirta (A): 80; Hihnapy\u00f6r\u00e4t: Moniurahihnapy\u00f6r\u00e4ll\u00e4; Hihnapy\u00f6r\u00e4-\u00d8[mm]: 48,5; Rihloja (kpl): 6; Rungonpalautus vapaaehtoinen: ; Valmistusvuosi alkaen: 09\/1994; BMW: 3 Compact E36,3 E36,3 Coupe E36,5 E34,3 Cabriolet E36,3 Touring E36,5 Touring E34; 12311730580, 12311735743, 12311735792, 12311744560, 12311744562, 1730580, 1735743, 1735792, 1744560, 1744562; Generaattori<\/p>\n","protected":false},"excerpt":{"rendered":"<p>HELLA Laturi 8EL 012 427-861 Generaattori BMW,3 Compact E36,3 E36,3 Coupe E36,5 E34,3 Cabriolet E36,3 Touring E36,5 Touring E34<\/p>\n","protected":false},"featured_media":0,"template":"","meta":{"site-sidebar-layout":"default","site-content-layout":"default","ast-global-header-display":"","ast-main-header-display":"","ast-hfb-above-header-display":"","ast-hfb-below-header-display":"","ast-hfb-mobile-header-display":"","site-post-title":"","ast-breadcrumbs-content":"","ast-featured-img":"","footer-sml-layout":"","theme-transparent-header-meta":"","adv-header-id-meta":"","stick-header-meta":"","header-above-stick-meta":"","header-main-stick-meta":"","header-below-stick-meta":""},"pwb-brand":[24],"product_cat":[357],"product_tag":[],"class_list":{"0":"post-86020","1":"product","2":"type-product","3":"status-publish","5":"pwb-brand-hella","6":"product_cat-laturi","7":"desktop-align-left","8":"tablet-align-left","9":"mobile-align-left","11":"first","12":"instock","13":"product-type-external"},"brands":[{"id":24,"name":"HELLA","slug":"hella"}],"_links":{"self":[{"href":"https:\/\/www.autonvaraosahaku.fi\/index.php?rest_route=\/wp\/v2\/product\/86020","targetHints":{"allow":["GET"]}}],"collection":[{"href":"https:\/\/www.autonvaraosahaku.fi\/index.php?rest_route=\/wp\/v2\/product"}],"about":[{"href":"https:\/\/www.autonvaraosahaku.fi\/index.php?rest_route=\/wp\/v2\/types\/product"}],"wp:attachment":[{"href":"https:\/\/www.autonvaraosahaku.fi\/index.php?rest_route=%2Fwp%2Fv2%2Fmedia&parent=86020"}],"wp:term":[{"taxonomy":"pwb-brand","embeddable":true,"href":"https:\/\/www.autonvaraosahaku.fi\/index.php?rest_route=%2Fwp%2Fv2%2Fpwb-brand&post=86020"},{"taxonomy":"product_cat","embeddable":true,"href":"https:\/\/www.autonvaraosahaku.fi\/index.php?rest_route=%2Fwp%2Fv2%2Fproduct_cat&post=86020"},{"taxonomy":"product_tag","embeddable":true,"href":"https:\/\/www.autonvaraosahaku.fi\/index.php?rest_route=%2Fwp%2Fv2%2Fproduct_tag&post=86020"}],"curies":[{"name":"wp","href":"https:\/\/api.w.org\/{rel}","templated":true}]}}