{"id":86021,"date":"2021-02-21T20:45:53","date_gmt":"2021-02-21T20:45:53","guid":{"rendered":"https:\/\/www.autonvaraosahaku.fi\/?product=ufi-23-305-00-oljynsuodatin"},"modified":"2021-02-21T20:45:57","modified_gmt":"2021-02-21T20:45:57","slug":"ufi-23-305-00-oljynsuodatin","status":"publish","type":"product","link":"https:\/\/www.autonvaraosahaku.fi\/?product=ufi-23-305-00-oljynsuodatin","title":{"rendered":"UFI 23.305.00 \u00d6ljynsuodatin"},"content":{"rendered":"<p>Ulkol\u00e4pimitta [mm]: 108,0; Sis\u00e4l\u00e4pimitta 1 [mm]: 53,0; Sis\u00e4l\u00e4pimitta 2 [mm]: 59,0; Ulkol\u00e4pimitta 2 [mm]: 59,0; Ulkol\u00e4pimitta 1 [mm]: 110,0; Kierremitta: M 30 X 2; Korkeus (mm): 212,0; Avauspaine ohitusventtiili [bar]: 2,5; Korvaava tuote\/korvaava tiedote 2: yhdell\u00e4 peruutuksenestoventtiilill\u00e4; Tarvittava kappalem\u00e4\u00e4r\u00e4: 2; IVECO: EUROCARGO I-III,EUROSTAR,EUROTECH MP,EUROTECH MT,EUROTRAKKER,M,P\/PA,TURBOSTAR,TURBOTECH; ASTRA: HD 7; 4787733, 61315398, 61315399, 98432653, 1902102, 1903629, 1903715, 1907581, 1907584, 2997305, 5001846646<\/p>\n","protected":false},"excerpt":{"rendered":"<p>UFI \u00d6ljynsuodatin 23.305.00  IVECO,ASTRA,EUROCARGO I-III,EUROSTAR,EUROTECH MP,EUROTECH MT,EUROTRAKKER,M,P\/PA,TURBOSTAR,TURBOTECH,HD 7<\/p>\n","protected":false},"featured_media":0,"template":"","meta":{"site-sidebar-layout":"default","site-content-layout":"default","ast-global-header-display":"","ast-main-header-display":"","ast-hfb-above-header-display":"","ast-hfb-below-header-display":"","ast-hfb-mobile-header-display":"","site-post-title":"","ast-breadcrumbs-content":"","ast-featured-img":"","footer-sml-layout":"","theme-transparent-header-meta":"","adv-header-id-meta":"","stick-header-meta":"","header-above-stick-meta":"","header-main-stick-meta":"","header-below-stick-meta":""},"pwb-brand":[109],"product_cat":[30],"product_tag":[],"class_list":{"0":"post-86021","1":"product","2":"type-product","3":"status-publish","5":"pwb-brand-ufi","6":"product_cat-oljynsuodatin","7":"desktop-align-left","8":"tablet-align-left","9":"mobile-align-left","11":"first","12":"instock","13":"product-type-external"},"brands":[{"id":109,"name":"UFI","slug":"ufi"}],"_links":{"self":[{"href":"https:\/\/www.autonvaraosahaku.fi\/index.php?rest_route=\/wp\/v2\/product\/86021","targetHints":{"allow":["GET"]}}],"collection":[{"href":"https:\/\/www.autonvaraosahaku.fi\/index.php?rest_route=\/wp\/v2\/product"}],"about":[{"href":"https:\/\/www.autonvaraosahaku.fi\/index.php?rest_route=\/wp\/v2\/types\/product"}],"wp:attachment":[{"href":"https:\/\/www.autonvaraosahaku.fi\/index.php?rest_route=%2Fwp%2Fv2%2Fmedia&parent=86021"}],"wp:term":[{"taxonomy":"pwb-brand","embeddable":true,"href":"https:\/\/www.autonvaraosahaku.fi\/index.php?rest_route=%2Fwp%2Fv2%2Fpwb-brand&post=86021"},{"taxonomy":"product_cat","embeddable":true,"href":"https:\/\/www.autonvaraosahaku.fi\/index.php?rest_route=%2Fwp%2Fv2%2Fproduct_cat&post=86021"},{"taxonomy":"product_tag","embeddable":true,"href":"https:\/\/www.autonvaraosahaku.fi\/index.php?rest_route=%2Fwp%2Fv2%2Fproduct_tag&post=86021"}],"curies":[{"name":"wp","href":"https:\/\/api.w.org\/{rel}","templated":true}]}}