{"id":86036,"date":"2021-02-21T20:46:01","date_gmt":"2021-02-21T20:46:01","guid":{"rendered":"https:\/\/www.autonvaraosahaku.fi\/?product=swag-30-90-3634-muut-luokat"},"modified":"2021-02-21T20:46:03","modified_gmt":"2021-02-21T20:46:03","slug":"swag-30-90-3634-muut-luokat","status":"publish","type":"product","link":"https:\/\/www.autonvaraosahaku.fi\/?product=swag-30-90-3634-muut-luokat","title":{"rendered":"SWAG 30 90 3634 Muut luokat"},"content":{"rendered":"<p>Ulkokierre [mm]: M14 x 1,5; Laatu \/ luokka: 8.8; Avainv\u00e4li: 14; Ruuvikanta\/mutteriprofiili: Kuusiokolo, sis\u00e4; Ruuvin pituus ilman p\u00e4\u00e4t\u00e4: 73; Paino [kg]: 0,147, 0,147; VW: PASSAT Variant 3B6,PASSAT Variant 3B5,PASSAT 3B2,PASSAT 3B3; AUDI: A4 8D2, B5,A6 Avant 4B5, C5,A4 Avant 8D5, B5,80 8C, B4,A6 4B2, C5,80 89, 89Q, 8A, B3,80 Avant 8C, B4,COUPE 89, 8B,COUPE 81, 85,90 81, 85, B2; SKODA: SUPERB 3U4; 4B0407643, 893407643, 893407643B, 8A0407643, 8A0407643A, 8D0498099DV, 8D0498099DX, 8D0498099EX, 8D0498203, 4B0407643, 893407643, 8A0407643, 8A0407643A, 4B0407643, 893407643, 893407643B, 8A0407643, 8A0407643A, 8D0498099DV, 8D0498099DX, 8D0498099EX, 8D0498203<\/p>\n","protected":false},"excerpt":{"rendered":"<p>SWAG Ruuvi 30 90 3634  VW,AUDI,SKODA,PASSAT Variant 3B6,PASSAT Variant 3B5,PASSAT 3B2,PASSAT 3B3,A4 8D2, B5,A6 Avant 4B5, C5,A4 Avant 8D5, B5<\/p>\n","protected":false},"featured_media":0,"template":"","meta":{"site-sidebar-layout":"default","site-content-layout":"default","ast-global-header-display":"","ast-main-header-display":"","ast-hfb-above-header-display":"","ast-hfb-below-header-display":"","ast-hfb-mobile-header-display":"","site-post-title":"","ast-breadcrumbs-content":"","ast-featured-img":"","footer-sml-layout":"","theme-transparent-header-meta":"","adv-header-id-meta":"","stick-header-meta":"","header-above-stick-meta":"","header-main-stick-meta":"","header-below-stick-meta":""},"pwb-brand":[103],"product_cat":[37],"product_tag":[],"class_list":{"0":"post-86036","1":"product","2":"type-product","3":"status-publish","5":"pwb-brand-swag","6":"product_cat-muut-luokat","7":"desktop-align-left","8":"tablet-align-left","9":"mobile-align-left","11":"first","12":"instock","13":"product-type-external"},"brands":[{"id":103,"name":"SWAG","slug":"swag"}],"_links":{"self":[{"href":"https:\/\/www.autonvaraosahaku.fi\/index.php?rest_route=\/wp\/v2\/product\/86036","targetHints":{"allow":["GET"]}}],"collection":[{"href":"https:\/\/www.autonvaraosahaku.fi\/index.php?rest_route=\/wp\/v2\/product"}],"about":[{"href":"https:\/\/www.autonvaraosahaku.fi\/index.php?rest_route=\/wp\/v2\/types\/product"}],"wp:attachment":[{"href":"https:\/\/www.autonvaraosahaku.fi\/index.php?rest_route=%2Fwp%2Fv2%2Fmedia&parent=86036"}],"wp:term":[{"taxonomy":"pwb-brand","embeddable":true,"href":"https:\/\/www.autonvaraosahaku.fi\/index.php?rest_route=%2Fwp%2Fv2%2Fpwb-brand&post=86036"},{"taxonomy":"product_cat","embeddable":true,"href":"https:\/\/www.autonvaraosahaku.fi\/index.php?rest_route=%2Fwp%2Fv2%2Fproduct_cat&post=86036"},{"taxonomy":"product_tag","embeddable":true,"href":"https:\/\/www.autonvaraosahaku.fi\/index.php?rest_route=%2Fwp%2Fv2%2Fproduct_tag&post=86036"}],"curies":[{"name":"wp","href":"https:\/\/api.w.org\/{rel}","templated":true}]}}