{"id":86068,"date":"2021-02-21T20:46:09","date_gmt":"2021-02-21T20:46:09","guid":{"rendered":"https:\/\/www.autonvaraosahaku.fi\/?product=a-b-s-8827-jarrukengat"},"modified":"2021-02-21T20:46:15","modified_gmt":"2021-02-21T20:46:15","slug":"a-b-s-8827-jarrukengat","status":"publish","type":"product","link":"https:\/\/www.autonvaraosahaku.fi\/?product=a-b-s-8827-jarrukengat","title":{"rendered":"A.B.S. 8827 Jarrukeng\u00e4t"},"content":{"rendered":"<p>L\u00e4pimitta [mm]: 254; Leveys (mm): 70; Jarruj\u00e4rjestelm\u00e4: LOCKHEED; Kitkapinnan leveys (mm): 69,5; Paino [kg]: 3,78; Asennuspuoli: Hinterachse; FORD: TRANSIT Kasten T_ _,TRANSIT Bus V_ _,TRANSIT Bus T_ _,TRANSIT Bus MK-4 E_ _,TRANSIT MK-4 Pritsche\/Fahrgestell E_ _,TRANSIT Kasten V_ _,TRANSIT Pritsche\/Fahrgestell V_ _,TRANSIT MK-4 Kasten E_ _,TRANSIT Pritsche\/Fahrgestell T_ _,P 100 II; 801469, 1571575, 1571576, 5022248; Jarrukenk\u00e4sarja<\/p>\n","protected":false},"excerpt":{"rendered":"<p>A.B.S. Jarrukeng\u00e4t 8827 Jarrukenk\u00e4sarja FORD,TRANSIT Kasten T_ _,TRANSIT Bus V_ _,TRANSIT Bus T_ _,TRANSIT Bus MK-4 E_ _<\/p>\n","protected":false},"featured_media":0,"template":"","meta":{"site-sidebar-layout":"default","site-content-layout":"default","ast-global-header-display":"","ast-main-header-display":"","ast-hfb-above-header-display":"","ast-hfb-below-header-display":"","ast-hfb-mobile-header-display":"","site-post-title":"","ast-breadcrumbs-content":"","ast-featured-img":"","footer-sml-layout":"","theme-transparent-header-meta":"","adv-header-id-meta":"","stick-header-meta":"","header-above-stick-meta":"","header-main-stick-meta":"","header-below-stick-meta":""},"pwb-brand":[326],"product_cat":[176],"product_tag":[],"class_list":{"0":"post-86068","1":"product","2":"type-product","3":"status-publish","5":"pwb-brand-a-b-s","6":"product_cat-jarrukengat","7":"desktop-align-left","8":"tablet-align-left","9":"mobile-align-left","11":"first","12":"instock","13":"product-type-external"},"brands":[{"id":326,"name":"A.B.S.","slug":"a-b-s"}],"_links":{"self":[{"href":"https:\/\/www.autonvaraosahaku.fi\/index.php?rest_route=\/wp\/v2\/product\/86068","targetHints":{"allow":["GET"]}}],"collection":[{"href":"https:\/\/www.autonvaraosahaku.fi\/index.php?rest_route=\/wp\/v2\/product"}],"about":[{"href":"https:\/\/www.autonvaraosahaku.fi\/index.php?rest_route=\/wp\/v2\/types\/product"}],"wp:attachment":[{"href":"https:\/\/www.autonvaraosahaku.fi\/index.php?rest_route=%2Fwp%2Fv2%2Fmedia&parent=86068"}],"wp:term":[{"taxonomy":"pwb-brand","embeddable":true,"href":"https:\/\/www.autonvaraosahaku.fi\/index.php?rest_route=%2Fwp%2Fv2%2Fpwb-brand&post=86068"},{"taxonomy":"product_cat","embeddable":true,"href":"https:\/\/www.autonvaraosahaku.fi\/index.php?rest_route=%2Fwp%2Fv2%2Fproduct_cat&post=86068"},{"taxonomy":"product_tag","embeddable":true,"href":"https:\/\/www.autonvaraosahaku.fi\/index.php?rest_route=%2Fwp%2Fv2%2Fproduct_tag&post=86068"}],"curies":[{"name":"wp","href":"https:\/\/api.w.org\/{rel}","templated":true}]}}