{"id":86075,"date":"2021-02-21T20:46:16","date_gmt":"2021-02-21T20:46:16","guid":{"rendered":"https:\/\/www.autonvaraosahaku.fi\/?product=valeo-810008-painelaakeri"},"modified":"2021-02-21T20:46:18","modified_gmt":"2021-02-21T20:46:18","slug":"valeo-810008-painelaakeri","status":"publish","type":"product","link":"https:\/\/www.autonvaraosahaku.fi\/?product=valeo-810008-painelaakeri","title":{"rendered":"VALEO 810008 Painelaakeri"},"content":{"rendered":"<p>Reik\u00e4-\u00d8 [mm]: 24; Kiinnitysreikien m\u00e4\u00e4r\u00e4 irroitinmekanismissa: 3; Paino [kg]: 0,582; Valmistusvuosi alkaen: 03\/2011; CITRO\u00cbN: BERLINGO B9,C5 III Break TD_,C4 Picasso I UD_,C4 Grand Picasso I UA_,C4 I LC_,DS3,C3 Picasso,C5 III RD_,C3 II,C4 Coupe LA_,BERLINGO Kasten B9,C4 Grand Picasso II,C4 Picasso II,C4 Stufenheck L,BERLINGO Pritsche\/Fahrgestell B9,C4 CACTUS; PEUGEOT: 308 SW,208,308 4A_, 4C_,5008,508 SW,3008,308 CC,2008,508,PARTNER Kasten,PARTNER Pritsche\/Fahrgestell,208 Kasten; 204184, 204199, 2041A1, 2041A4, 9652574780, 9661718480, 9685582480, 9686732380, 9688475380, 55218454, 55239549, 2041A1, 2041A4, 9652574780, 9661718480, 9685582480, 9686732380, 9688475380<\/p>\n","protected":false},"excerpt":{"rendered":"<p>VALEO Irroitusmekanismi Kytkin 810008  CITRO\u00cbN,PEUGEOT,BERLINGO B9,C5 III Break TD_,C4 Picasso I UD_,C4 Grand Picasso I UA_,C4 I LC_,DS3,C3 Picasso<\/p>\n","protected":false},"featured_media":0,"template":"","meta":{"site-sidebar-layout":"default","site-content-layout":"default","ast-global-header-display":"","ast-main-header-display":"","ast-hfb-above-header-display":"","ast-hfb-below-header-display":"","ast-hfb-mobile-header-display":"","site-post-title":"","ast-breadcrumbs-content":"","ast-featured-img":"","footer-sml-layout":"","theme-transparent-header-meta":"","adv-header-id-meta":"","stick-header-meta":"","header-above-stick-meta":"","header-main-stick-meta":"","header-below-stick-meta":""},"pwb-brand":[28],"product_cat":[223],"product_tag":[],"class_list":{"0":"post-86075","1":"product","2":"type-product","3":"status-publish","5":"pwb-brand-valeo","6":"product_cat-painelaakeri","7":"desktop-align-left","8":"tablet-align-left","9":"mobile-align-left","11":"first","12":"instock","13":"product-type-external"},"brands":[{"id":28,"name":"VALEO","slug":"valeo"}],"_links":{"self":[{"href":"https:\/\/www.autonvaraosahaku.fi\/index.php?rest_route=\/wp\/v2\/product\/86075","targetHints":{"allow":["GET"]}}],"collection":[{"href":"https:\/\/www.autonvaraosahaku.fi\/index.php?rest_route=\/wp\/v2\/product"}],"about":[{"href":"https:\/\/www.autonvaraosahaku.fi\/index.php?rest_route=\/wp\/v2\/types\/product"}],"wp:attachment":[{"href":"https:\/\/www.autonvaraosahaku.fi\/index.php?rest_route=%2Fwp%2Fv2%2Fmedia&parent=86075"}],"wp:term":[{"taxonomy":"pwb-brand","embeddable":true,"href":"https:\/\/www.autonvaraosahaku.fi\/index.php?rest_route=%2Fwp%2Fv2%2Fpwb-brand&post=86075"},{"taxonomy":"product_cat","embeddable":true,"href":"https:\/\/www.autonvaraosahaku.fi\/index.php?rest_route=%2Fwp%2Fv2%2Fproduct_cat&post=86075"},{"taxonomy":"product_tag","embeddable":true,"href":"https:\/\/www.autonvaraosahaku.fi\/index.php?rest_route=%2Fwp%2Fv2%2Fproduct_tag&post=86075"}],"curies":[{"name":"wp","href":"https:\/\/api.w.org\/{rel}","templated":true}]}}