{"id":8610,"date":"2021-02-21T14:03:31","date_gmt":"2021-02-21T14:03:31","guid":{"rendered":"https:\/\/www.autonvaraosahaku.fi\/?product=master-sport-25886-pcs-ms-koiranluu"},"modified":"2021-02-21T14:03:33","modified_gmt":"2021-02-21T14:03:33","slug":"master-sport-25886-pcs-ms-koiranluu","status":"publish","type":"product","link":"https:\/\/www.autonvaraosahaku.fi\/?product=master-sport-25886-pcs-ms-koiranluu","title":{"rendered":"MASTER-SPORT 25886-PCS-MS Koiranluu"},"content":{"rendered":"<p>Asennuspuoli: Etuakseli, Oikea; Pituus (mm): 338; L\u00e4pimitta [mm]: 10; Tanko \/ tuki: Heilurintanko; parilliset tuotenumerot: 25885-PCS-MS; Lukum\u00e4\u00e4r\u00e4 akselille: 1; Nettopaino [kg]: 0,49; Bruttopaino [kg]: 0,51; Alustanumerosta: 8L-X-140 001; VW: GOLF IV 1J1,GOLF IV Variant 1J5,BORA 1J2,NEW BEETLE 9C1, 1C1,BORA Kombi 1J6; AUDI: A3 8L1,TT 8N3,TT Roadster 8N9; SKODA: OCTAVIA Combi 1U5,OCTAVIA 1U2; SEAT: LEON 1M1,TOLEDO II 1M2; 1J0411316D, 1J0411316D, 1J0411316D, 1J0411316D; Kallistuksenvakaajan Yhdystanko,Tanko, Kallistuksenvaimennin<\/p>\n","protected":false},"excerpt":{"rendered":"<p>MASTER-SPORT Koiranluu 25886-PCS-MS Kallistuksenvakaajan Yhdystanko,Tanko, Kallistuksenvaimennin VW,AUDI,SKODA,GOLF IV 1J1,GOLF IV Variant 1J5<\/p>\n","protected":false},"featured_media":0,"template":"","meta":{"site-sidebar-layout":"default","site-content-layout":"default","ast-global-header-display":"","ast-main-header-display":"","ast-hfb-above-header-display":"","ast-hfb-below-header-display":"","ast-hfb-mobile-header-display":"","site-post-title":"","ast-breadcrumbs-content":"","ast-featured-img":"","footer-sml-layout":"","theme-transparent-header-meta":"","adv-header-id-meta":"","stick-header-meta":"","header-above-stick-meta":"","header-main-stick-meta":"","header-below-stick-meta":""},"pwb-brand":[61],"product_cat":[38],"product_tag":[],"class_list":{"0":"post-8610","1":"product","2":"type-product","3":"status-publish","5":"pwb-brand-master-sport","6":"product_cat-koiranluu","7":"desktop-align-left","8":"tablet-align-left","9":"mobile-align-left","11":"first","12":"instock","13":"product-type-external"},"brands":[{"id":61,"name":"MASTER-SPORT","slug":"master-sport"}],"_links":{"self":[{"href":"https:\/\/www.autonvaraosahaku.fi\/index.php?rest_route=\/wp\/v2\/product\/8610","targetHints":{"allow":["GET"]}}],"collection":[{"href":"https:\/\/www.autonvaraosahaku.fi\/index.php?rest_route=\/wp\/v2\/product"}],"about":[{"href":"https:\/\/www.autonvaraosahaku.fi\/index.php?rest_route=\/wp\/v2\/types\/product"}],"wp:attachment":[{"href":"https:\/\/www.autonvaraosahaku.fi\/index.php?rest_route=%2Fwp%2Fv2%2Fmedia&parent=8610"}],"wp:term":[{"taxonomy":"pwb-brand","embeddable":true,"href":"https:\/\/www.autonvaraosahaku.fi\/index.php?rest_route=%2Fwp%2Fv2%2Fpwb-brand&post=8610"},{"taxonomy":"product_cat","embeddable":true,"href":"https:\/\/www.autonvaraosahaku.fi\/index.php?rest_route=%2Fwp%2Fv2%2Fproduct_cat&post=8610"},{"taxonomy":"product_tag","embeddable":true,"href":"https:\/\/www.autonvaraosahaku.fi\/index.php?rest_route=%2Fwp%2Fv2%2Fproduct_tag&post=8610"}],"curies":[{"name":"wp","href":"https:\/\/api.w.org\/{rel}","templated":true}]}}