{"id":86101,"date":"2021-02-21T20:46:25","date_gmt":"2021-02-21T20:46:25","guid":{"rendered":"https:\/\/www.autonvaraosahaku.fi\/?product=topran-501-186-raitisilmasuodatin"},"modified":"2021-02-21T20:46:29","modified_gmt":"2021-02-21T20:46:29","slug":"topran-501-186-raitisilmasuodatin","status":"publish","type":"product","link":"https:\/\/www.autonvaraosahaku.fi\/?product=topran-501-186-raitisilmasuodatin","title":{"rendered":"TOPRAN 501 186 Raitisilmasuodatin"},"content":{"rendered":"<p>T\u00e4yssarja: ; M\u00e4\u00e4r\u00e4: 2; Muoto: Py\u00f6re\u00e4; Suodatintyyppi: Suodatinpanos; Moottorinumero: 320i; BMW: 3 Compact E36,3 E36,3 Coupe E36,3 Cabriolet E36,3 Touring E36; 1393241, 64111393241, 64118390835, 64118390836, 64119404386, 8390835, 8390836, 9404386; Sis\u00e4ilmansuodatin,Suodatin, Sis\u00e4ilma<\/p>\n","protected":false},"excerpt":{"rendered":"<p>TOPRAN Raitisilmasuodatin 501 186 Sis\u00e4ilmansuodatin,Suodatin, Sis\u00e4ilma BMW,3 Compact E36,3 E36,3 Coupe E36,3 Cabriolet E36,3 Touring E36<\/p>\n","protected":false},"featured_media":0,"template":"","meta":{"site-sidebar-layout":"default","site-content-layout":"default","ast-global-header-display":"","ast-main-header-display":"","ast-hfb-above-header-display":"","ast-hfb-below-header-display":"","ast-hfb-mobile-header-display":"","site-post-title":"","ast-breadcrumbs-content":"","ast-featured-img":"","footer-sml-layout":"","theme-transparent-header-meta":"","adv-header-id-meta":"","stick-header-meta":"","header-above-stick-meta":"","header-main-stick-meta":"","header-below-stick-meta":""},"pwb-brand":[18],"product_cat":[19],"product_tag":[],"class_list":{"0":"post-86101","1":"product","2":"type-product","3":"status-publish","5":"pwb-brand-topran","6":"product_cat-raitisilmasuodatin","7":"desktop-align-left","8":"tablet-align-left","9":"mobile-align-left","11":"first","12":"instock","13":"product-type-external"},"brands":[{"id":18,"name":"TOPRAN","slug":"topran"}],"_links":{"self":[{"href":"https:\/\/www.autonvaraosahaku.fi\/index.php?rest_route=\/wp\/v2\/product\/86101","targetHints":{"allow":["GET"]}}],"collection":[{"href":"https:\/\/www.autonvaraosahaku.fi\/index.php?rest_route=\/wp\/v2\/product"}],"about":[{"href":"https:\/\/www.autonvaraosahaku.fi\/index.php?rest_route=\/wp\/v2\/types\/product"}],"wp:attachment":[{"href":"https:\/\/www.autonvaraosahaku.fi\/index.php?rest_route=%2Fwp%2Fv2%2Fmedia&parent=86101"}],"wp:term":[{"taxonomy":"pwb-brand","embeddable":true,"href":"https:\/\/www.autonvaraosahaku.fi\/index.php?rest_route=%2Fwp%2Fv2%2Fpwb-brand&post=86101"},{"taxonomy":"product_cat","embeddable":true,"href":"https:\/\/www.autonvaraosahaku.fi\/index.php?rest_route=%2Fwp%2Fv2%2Fproduct_cat&post=86101"},{"taxonomy":"product_tag","embeddable":true,"href":"https:\/\/www.autonvaraosahaku.fi\/index.php?rest_route=%2Fwp%2Fv2%2Fproduct_tag&post=86101"}],"curies":[{"name":"wp","href":"https:\/\/api.w.org\/{rel}","templated":true}]}}