{"id":8612,"date":"2021-02-21T14:03:31","date_gmt":"2021-02-21T14:03:31","guid":{"rendered":"https:\/\/www.autonvaraosahaku.fi\/?product=magneti-marelli-062000770304-sytytystulpat"},"modified":"2021-02-21T14:03:33","modified_gmt":"2021-02-21T14:03:33","slug":"magneti-marelli-062000770304-sytytystulpat","status":"publish","type":"product","link":"https:\/\/www.autonvaraosahaku.fi\/?product=magneti-marelli-062000770304-sytytystulpat","title":{"rendered":"MAGNETI MARELLI 062000770304 Sytytystulpat"},"content":{"rendered":"<p>Sytytystulppa: 1-maaelektroodi, Vastuksella; K\u00e4rkiv\u00e4li (mm): 0,7; Kierremitta: M14; Kierteen pituus (mm): 19; Avainv\u00e4li: 20,8; Korvaava tuote\/korvaava tiedote 2: suoralla istukalla; TECDOC-moottorinumero: 4728; MAZDA: B-SERIE UN,121 III JASM, JBSM,626 III GD,626 III Hatchback GD,626 III Coupe GD,E-SERIE Kasten SR2,626 III Station Wagon GV,B-SERIE UF,121 I DA,E-SERIE Kasten,B-SERIE PE,B-SERIE UD; SEAT: MARBELLA 28,TERRA Kasten 024A,MARBELLA Kasten 028A,TERRA 24; NISSAN: MICRA I K10,TERRANO I WD21,VANETTE Bus C22,PICK UP 720,PRAIRIE M10, NM10,VANETTE Kasten C22,LAUREL JC31,CHERRY III N12,URVAN Bus E24,CHERRY II Coupe N10,BLUEBIRD 910,CHERRY II Hatchback N10,SUNNY 140Y, 150Y,URVAN Kasten E24,VANETTE Bus KC120,PATHFINDER,CHERRY II Traveller VN10; HONDA: CIVIC II Schr\u00e4gheck SS, SL,ACCORD I Hatchback SJ, SY,CIVIC I Stufenheck SF; DAIHATSU: ROCKY Soft Top F7, F8,CHARMANT A; SUZUKI: SAMURAI SJ,VITARA ET, TA,VITARA Cabrio ET, TA,SJ 413,LJ 80,SJ 410 Cabrio,SJ 410,SWIFT Cabriolet SF413,SUPER CARRY Bus ED,ALTO,ALTO SS80,CARRY Kasten ST90V; OPEL: OMEGA A 16_, 17_, 19_,CORSA B 73_, 78_, 79_,ASTRA F CC 53_, 54_, 58_, 59_,ASTRA F Caravan 51_, 52_,CALIBRA A 85_,VECTRA A 86_, 87_,ASTRA F Cabriolet 53_B,ASTRA F 56_, 57_,KADETT E CC 33_, 34_, 43_, 44_,CORSA A CC 93_, 94_, 98_, 99_,VECTRA A CC 88_, 89_,KADETT E Cabriolet 43B_,ASCONA C 81_, 86_, 87_, 88_,OMEGA A Caravan 66_, 67_,ASTRA F CLASSIC CC,CORSA A TR 91_, 92_, 96_, 97_,ASTRA F CLASSIC Stufenheck,ASTRA F CLASSIC Caravan,KADETT E 39_, 49_,ASCONA C CC 84_, 89_,KADETT E Caravan 35_, 36_, 45_, 46_,ASTRA F Van 55_,KADETT E Kasten 37_, 47_,KADETT E Combo 38_, 48_; TOYOTA: COROLLA KE,COROLLA Liftback KE, TE,COROLLA Coupe KE,COROLLA Combi KE; FIAT: FIORINO Pick up 146; RENAULT: ESPACE III JE0_,MEGANE Scenic JA0\/1_,MEGANE I BA0\/1_,MEGANE I Cabriolet EA0\/1_,MEGANE I Classic LA0\/1_,MEGANE I Coach DA0\/1_,19 II B\/C53_,SUPER 5 B\/C40_,19 I B\/C53_,19 II Chamade L53_; 7700103502, 7700103503, 7700725302, 9004851114, 9004851114000, 3191WZ0M5500, 8981999010, 9807955817, 9807955846, 9807955876, 9807955876H0, 22401V1415, 22401V1485PC, 22401V1490, 22401W9815, 22401Y9215, B2401V1415, 5813800010, 9009816325, 9091901051, 0000188914, 1Y0018110, 891418110, B67218110, MS851217, MS851232, MS851235, MS851412, 22401V1415, 22401V1485PC, 22401V1490, 22401W9815, 22401Y9215, B2401V1415, 90356323, 7700103502, 7700103503, 7700725302, 490010033, 0948200155, 0948200167001, 9009816325, 9091901051; Tulpat,Sytytystulppa<\/p>\n","protected":false},"excerpt":{"rendered":"<p>MAGNETI MARELLI Sytytystulpat 062000770304 Tulpat,Sytytystulppa MAZDA,SEAT,NISSAN,B-SERIE UN,121 III JASM, JBSM,626 III GD,626 III Hatchback GD<\/p>\n","protected":false},"featured_media":0,"template":"","meta":{"site-sidebar-layout":"default","site-content-layout":"default","ast-global-header-display":"","ast-main-header-display":"","ast-hfb-above-header-display":"","ast-hfb-below-header-display":"","ast-hfb-mobile-header-display":"","site-post-title":"","ast-breadcrumbs-content":"","ast-featured-img":"","footer-sml-layout":"","theme-transparent-header-meta":"","adv-header-id-meta":"","stick-header-meta":"","header-above-stick-meta":"","header-main-stick-meta":"","header-below-stick-meta":""},"pwb-brand":[34],"product_cat":[165],"product_tag":[],"class_list":{"0":"post-8612","1":"product","2":"type-product","3":"status-publish","5":"pwb-brand-magneti-marelli","6":"product_cat-sytytystulpat","7":"desktop-align-left","8":"tablet-align-left","9":"mobile-align-left","11":"first","12":"instock","13":"product-type-external"},"brands":[{"id":34,"name":"MAGNETI MARELLI","slug":"magneti-marelli"}],"_links":{"self":[{"href":"https:\/\/www.autonvaraosahaku.fi\/index.php?rest_route=\/wp\/v2\/product\/8612","targetHints":{"allow":["GET"]}}],"collection":[{"href":"https:\/\/www.autonvaraosahaku.fi\/index.php?rest_route=\/wp\/v2\/product"}],"about":[{"href":"https:\/\/www.autonvaraosahaku.fi\/index.php?rest_route=\/wp\/v2\/types\/product"}],"wp:attachment":[{"href":"https:\/\/www.autonvaraosahaku.fi\/index.php?rest_route=%2Fwp%2Fv2%2Fmedia&parent=8612"}],"wp:term":[{"taxonomy":"pwb-brand","embeddable":true,"href":"https:\/\/www.autonvaraosahaku.fi\/index.php?rest_route=%2Fwp%2Fv2%2Fpwb-brand&post=8612"},{"taxonomy":"product_cat","embeddable":true,"href":"https:\/\/www.autonvaraosahaku.fi\/index.php?rest_route=%2Fwp%2Fv2%2Fproduct_cat&post=8612"},{"taxonomy":"product_tag","embeddable":true,"href":"https:\/\/www.autonvaraosahaku.fi\/index.php?rest_route=%2Fwp%2Fv2%2Fproduct_tag&post=8612"}],"curies":[{"name":"wp","href":"https:\/\/api.w.org\/{rel}","templated":true}]}}