{"id":86144,"date":"2021-02-21T20:46:41","date_gmt":"2021-02-21T20:46:41","guid":{"rendered":"https:\/\/www.autonvaraosahaku.fi\/?product=mahle-original-ox-17d-oljynsuodatin"},"modified":"2021-02-21T20:46:45","modified_gmt":"2021-02-21T20:46:45","slug":"mahle-original-ox-17d-oljynsuodatin","status":"publish","type":"product","link":"https:\/\/www.autonvaraosahaku.fi\/?product=mahle-original-ox-17d-oljynsuodatin","title":{"rendered":"MAHLE ORIGINAL OX 17D \u00d6ljynsuodatin"},"content":{"rendered":"<p>Suodatintyyppi: Suodatinpanos; Korkeus (mm): 141,0; Korkeus 1 (mm): 138,0; L\u00e4pimitta [mm]: 69,8; Ulkol\u00e4pimitta 1 [mm]: 69,8; Sis\u00e4l\u00e4pimitta 1 [mm]: 33,3; L\u00e4pimitta 3 [mm]: 33,3; Tiivisteen l\u00e4pimitta [mm]: 33,3; Vaihteistomalli: Automatikgetriebe; SKODA: 110,110 Coupe; AUSTIN-HEALEY: 3000 MK.III Cabriolet; ASTON MARTIN: DB6 Vantage; TRIUMPH: TR 4,TR 4A; AUSTIN: METRO,ALLEGRO Schr\u00e4gheck ADO 67,ALLEGRO Stufenheck,ALLEGRO Kombi ADO 67; 1530196, 1531624, 2001746, 4801749, 800451, 1495705, 231310, 5019419, 870X6731BA, A690X6731EA, A700X6731AFA, EFL71, 6435094, 6435095, 6435102, 6438686, 7961063, 7961072, 7984262, 7984342, 7984346, 93156108, 85582151000, 85582153000, 88512151000, 13240016, 13240022, 13240036, 85582151, 85582153, 88512151, 1520809400, 1520832200, 1520832225, 1520832250, 1520843800, 1520843825, 1520932250, 0003571013, 0122672800, 0943235102, 7961063, 943235102, 0000930023, 0000930026, 0000930028, 0000950196, 0001226727, 0001226728, 0003571013, 0122672800, 1226727, 1226728, 122672800, 3571013, 930023, 930026, 930028, 950196, 02H4340, 03H1287, 03H1288, 101963, 11K115, 12A1191, 244340, 27H1135, 2H16, 2H4340, 30176001, 3H1283, 3H1287, 3H1288, 48G171, 48H171, 506577, 535003, 55900433, 59436, 602424, 60427, 7H16, 7H1927, 8G2000, 8G4000, 8G760, AAK426, AHK426, AMK426, AMK462, LPZ000104EVA, ZZL2251, K10767, K24477, K26290, 327718, 6607485<\/p>\n","protected":false},"excerpt":{"rendered":"<p>MAHLE ORIGINAL \u00d6ljynsuodatin OX 17D  SKODA,AUSTIN-HEALEY,ASTON MARTIN,110,110 Coupe,3000 MK.III Cabriolet,DB6 Vantage,TR 4,TR 4A,METRO<\/p>\n","protected":false},"featured_media":0,"template":"","meta":{"site-sidebar-layout":"default","site-content-layout":"default","ast-global-header-display":"","ast-main-header-display":"","ast-hfb-above-header-display":"","ast-hfb-below-header-display":"","ast-hfb-mobile-header-display":"","site-post-title":"","ast-breadcrumbs-content":"","ast-featured-img":"","footer-sml-layout":"","theme-transparent-header-meta":"","adv-header-id-meta":"","stick-header-meta":"","header-above-stick-meta":"","header-main-stick-meta":"","header-below-stick-meta":""},"pwb-brand":[153],"product_cat":[30],"product_tag":[],"class_list":{"0":"post-86144","1":"product","2":"type-product","3":"status-publish","5":"pwb-brand-mahle-original","6":"product_cat-oljynsuodatin","7":"desktop-align-left","8":"tablet-align-left","9":"mobile-align-left","11":"first","12":"instock","13":"product-type-external"},"brands":[{"id":153,"name":"MAHLE ORIGINAL","slug":"mahle-original"}],"_links":{"self":[{"href":"https:\/\/www.autonvaraosahaku.fi\/index.php?rest_route=\/wp\/v2\/product\/86144","targetHints":{"allow":["GET"]}}],"collection":[{"href":"https:\/\/www.autonvaraosahaku.fi\/index.php?rest_route=\/wp\/v2\/product"}],"about":[{"href":"https:\/\/www.autonvaraosahaku.fi\/index.php?rest_route=\/wp\/v2\/types\/product"}],"wp:attachment":[{"href":"https:\/\/www.autonvaraosahaku.fi\/index.php?rest_route=%2Fwp%2Fv2%2Fmedia&parent=86144"}],"wp:term":[{"taxonomy":"pwb-brand","embeddable":true,"href":"https:\/\/www.autonvaraosahaku.fi\/index.php?rest_route=%2Fwp%2Fv2%2Fpwb-brand&post=86144"},{"taxonomy":"product_cat","embeddable":true,"href":"https:\/\/www.autonvaraosahaku.fi\/index.php?rest_route=%2Fwp%2Fv2%2Fproduct_cat&post=86144"},{"taxonomy":"product_tag","embeddable":true,"href":"https:\/\/www.autonvaraosahaku.fi\/index.php?rest_route=%2Fwp%2Fv2%2Fproduct_tag&post=86144"}],"curies":[{"name":"wp","href":"https:\/\/api.w.org\/{rel}","templated":true}]}}