{"id":86170,"date":"2021-02-21T20:46:56","date_gmt":"2021-02-21T20:46:56","guid":{"rendered":"https:\/\/www.autonvaraosahaku.fi\/?product=topran-300-078-tukivarren-hela"},"modified":"2021-02-21T20:46:56","modified_gmt":"2021-02-21T20:46:56","slug":"topran-300-078-tukivarren-hela","status":"publish","type":"product","link":"https:\/\/www.autonvaraosahaku.fi\/?product=topran-300-078-tukivarren-hela","title":{"rendered":"TOPRAN 300 078 Tukivarren hela"},"content":{"rendered":"<p>Asennuspuoli: etuakseli molemminpuoleinen, Takana; Ohjausmalli: Poikittaistukivarrelle; Kiinnitysmalli: Kumimetallilaakeri; Lukum\u00e4\u00e4r\u00e4 akselille: 2; ei maaversiolle: T\u00fcrkei; FORD: KA RB_,FIESTA III GFJ,ESCORT VII GAL, AAL, ABL,ESCORT VII Kombi GAL, ANL,ESCORT VII Cabriolet ALL,ESCORT VII Stufenheck GAL, AFL,FIESTA Kasten F3L, F5L; 1035929, 91AB3A262AA<\/p>\n","protected":false},"excerpt":{"rendered":"<p>TOPRAN Tukivarren Hela 300 078  FORD,KA RB_,FIESTA III GFJ,ESCORT VII GAL, AAL, ABL,ESCORT VII Kombi GAL, ANL,ESCORT VII Cabriolet ALL<\/p>\n","protected":false},"featured_media":0,"template":"","meta":{"site-sidebar-layout":"default","site-content-layout":"default","ast-global-header-display":"","ast-main-header-display":"","ast-hfb-above-header-display":"","ast-hfb-below-header-display":"","ast-hfb-mobile-header-display":"","site-post-title":"","ast-breadcrumbs-content":"","ast-featured-img":"","footer-sml-layout":"","theme-transparent-header-meta":"","adv-header-id-meta":"","stick-header-meta":"","header-above-stick-meta":"","header-main-stick-meta":"","header-below-stick-meta":""},"pwb-brand":[18],"product_cat":[115],"product_tag":[],"class_list":{"0":"post-86170","1":"product","2":"type-product","3":"status-publish","5":"pwb-brand-topran","6":"product_cat-tukivarren-hela","7":"desktop-align-left","8":"tablet-align-left","9":"mobile-align-left","11":"first","12":"instock","13":"product-type-external"},"brands":[{"id":18,"name":"TOPRAN","slug":"topran"}],"_links":{"self":[{"href":"https:\/\/www.autonvaraosahaku.fi\/index.php?rest_route=\/wp\/v2\/product\/86170","targetHints":{"allow":["GET"]}}],"collection":[{"href":"https:\/\/www.autonvaraosahaku.fi\/index.php?rest_route=\/wp\/v2\/product"}],"about":[{"href":"https:\/\/www.autonvaraosahaku.fi\/index.php?rest_route=\/wp\/v2\/types\/product"}],"wp:attachment":[{"href":"https:\/\/www.autonvaraosahaku.fi\/index.php?rest_route=%2Fwp%2Fv2%2Fmedia&parent=86170"}],"wp:term":[{"taxonomy":"pwb-brand","embeddable":true,"href":"https:\/\/www.autonvaraosahaku.fi\/index.php?rest_route=%2Fwp%2Fv2%2Fpwb-brand&post=86170"},{"taxonomy":"product_cat","embeddable":true,"href":"https:\/\/www.autonvaraosahaku.fi\/index.php?rest_route=%2Fwp%2Fv2%2Fproduct_cat&post=86170"},{"taxonomy":"product_tag","embeddable":true,"href":"https:\/\/www.autonvaraosahaku.fi\/index.php?rest_route=%2Fwp%2Fv2%2Fproduct_tag&post=86170"}],"curies":[{"name":"wp","href":"https:\/\/api.w.org\/{rel}","templated":true}]}}