{"id":86180,"date":"2021-02-21T20:46:56","date_gmt":"2021-02-21T20:46:56","guid":{"rendered":"https:\/\/www.autonvaraosahaku.fi\/?product=hella-1eg-247-007-581-ajovaloumpio"},"modified":"2021-02-21T20:46:59","modified_gmt":"2021-02-21T20:46:59","slug":"hella-1eg-247-007-581-ajovaloumpio","status":"publish","type":"product","link":"https:\/\/www.autonvaraosahaku.fi\/?product=hella-1eg-247-007-581-ajovaloumpio","title":{"rendered":"HELLA 1EG 247 007-581 Ajovaloumpio"},"content":{"rendered":"<p>Asennuspuoli: Oikea; Valmistaja rajaus: Hella; Korvaava tuote\/korvaava tiedote 2: Valokorkeuss\u00e4\u00e4timen moottorilla, ilman polttimoita; Lyhdyn muoto: Halogeeni; Tarkistuskilpi: E1 1747, ECE, CCC; Nimellisj\u00e4nnite (V): 12; Lyhtytoimintojen m\u00e4\u00e4r\u00e4: 4; Vilkun v\u00e4ri: Valkoinen; Lamppumalli: H7\/H7, PY21W, W5W; Valotoiminto: puolivalolla, vilkkuvalolla, kaukovalolla, pys\u00e4k\u00f6intivalolla; Vasen \/ oikea liikenne: Oikeanpuoleiselle liikenteelle; Vaikutelma: Kromi; parilliset tuotenumerot: 1EG 247 007-571; Valmistusvuosi alkaen: 05\/2004; VW: GOLF V 1K1,GOLF V Variant 1K5,JETTA III 1K2; 1K6941030P; Ajovalot,Etuvalot,Ajovalo<\/p>\n","protected":false},"excerpt":{"rendered":"<p>HELLA Ajovaloumpio 1EG 247 007-581 Ajovalot,Etuvalot VW,GOLF V 1K1,GOLF V Variant 1K5,JETTA III 1K2<\/p>\n","protected":false},"featured_media":0,"template":"","meta":{"site-sidebar-layout":"default","site-content-layout":"default","ast-global-header-display":"","ast-main-header-display":"","ast-hfb-above-header-display":"","ast-hfb-below-header-display":"","ast-hfb-mobile-header-display":"","site-post-title":"","ast-breadcrumbs-content":"","ast-featured-img":"","footer-sml-layout":"","theme-transparent-header-meta":"","adv-header-id-meta":"","stick-header-meta":"","header-above-stick-meta":"","header-main-stick-meta":"","header-below-stick-meta":""},"pwb-brand":[24],"product_cat":[185],"product_tag":[],"class_list":{"0":"post-86180","1":"product","2":"type-product","3":"status-publish","5":"pwb-brand-hella","6":"product_cat-ajovaloumpio","7":"desktop-align-left","8":"tablet-align-left","9":"mobile-align-left","11":"first","12":"instock","13":"product-type-external"},"brands":[{"id":24,"name":"HELLA","slug":"hella"}],"_links":{"self":[{"href":"https:\/\/www.autonvaraosahaku.fi\/index.php?rest_route=\/wp\/v2\/product\/86180","targetHints":{"allow":["GET"]}}],"collection":[{"href":"https:\/\/www.autonvaraosahaku.fi\/index.php?rest_route=\/wp\/v2\/product"}],"about":[{"href":"https:\/\/www.autonvaraosahaku.fi\/index.php?rest_route=\/wp\/v2\/types\/product"}],"wp:attachment":[{"href":"https:\/\/www.autonvaraosahaku.fi\/index.php?rest_route=%2Fwp%2Fv2%2Fmedia&parent=86180"}],"wp:term":[{"taxonomy":"pwb-brand","embeddable":true,"href":"https:\/\/www.autonvaraosahaku.fi\/index.php?rest_route=%2Fwp%2Fv2%2Fpwb-brand&post=86180"},{"taxonomy":"product_cat","embeddable":true,"href":"https:\/\/www.autonvaraosahaku.fi\/index.php?rest_route=%2Fwp%2Fv2%2Fproduct_cat&post=86180"},{"taxonomy":"product_tag","embeddable":true,"href":"https:\/\/www.autonvaraosahaku.fi\/index.php?rest_route=%2Fwp%2Fv2%2Fproduct_tag&post=86180"}],"curies":[{"name":"wp","href":"https:\/\/api.w.org\/{rel}","templated":true}]}}