{"id":86182,"date":"2021-02-21T20:46:56","date_gmt":"2021-02-21T20:46:56","guid":{"rendered":"https:\/\/www.autonvaraosahaku.fi\/?product=mapco-49792hps-alatukivarsi"},"modified":"2021-02-21T20:47:00","modified_gmt":"2021-02-21T20:47:00","slug":"mapco-49792hps-alatukivarsi","status":"publish","type":"product","link":"https:\/\/www.autonvaraosahaku.fi\/?product=mapco-49792hps-alatukivarsi","title":{"rendered":"MAPCO 49792HPS Alatukivarsi"},"content":{"rendered":"<p>Laatu: HPS standard; Ohjausmalli: Poikittaistukivarsi; Materiaali: Alumiini; Asennuspuoli: Etuakseli, oikea, Yl\u00e4puolella, Takana; parilliset tuotenumerot: 49791HPS; Tarvittava kappalem\u00e4\u00e4r\u00e4: 1; VW: PASSAT Variant 3B6,PASSAT Variant 3B5,PASSAT 3B2,PASSAT 3B3; AUDI: A4 8D2, B5,A4 Avant 8ED, B7,A4 Avant 8E5, B6,A6 Avant 4B5, C5,A4 Avant 8D5, B5,A4 8E2, B6,A6 4B2, C5,A4 Cabriolet 8H7, B6, 8HE, B7,A4 8EC, B7,A8 4D2, 4D8,ALLROAD 4BH, C5; SKODA: SUPERB 3U4; SEAT: EXEO ST 3R5,EXEO 3R2; 4D0407510B, 4D0407510D, 4D0407510F, 4D0407510G, 4D0407510H, 4D0407510J, 4D0407511F, 8D0407510A, 8D0407510C, 8D0407510E, 8D0407510F, 8E0407510A, 8E0407510C, 8E0407510P, 8E0407510Q, 8D0407510C, 8D0407510E, 4D0407510B, 4D0407510D, 4D0407510F, 4D0407510G, 4D0407510H, 4D0407510J, 4D0407511F, 8D0407510A, 8D0407510C, 8D0407510E, 8D0407510F, 8E0407510A, 8E0407510C, 8E0407510P, 8E0407510Q; Tukivarsi,Tukivarsi, Py\u00f6r\u00e4ntuenta<\/p>\n","protected":false},"excerpt":{"rendered":"<p>MAPCO Alatukivarsi 49792HPS Tukivarsi,Tukivarsi, Py\u00f6r\u00e4ntuenta VW,AUDI,SKODA,PASSAT Variant 3B6,PASSAT Variant 3B5,PASSAT 3B2,PASSAT 3B3,A4 8D2, B5<\/p>\n","protected":false},"featured_media":0,"template":"","meta":{"site-sidebar-layout":"default","site-content-layout":"default","ast-global-header-display":"","ast-main-header-display":"","ast-hfb-above-header-display":"","ast-hfb-below-header-display":"","ast-hfb-mobile-header-display":"","site-post-title":"","ast-breadcrumbs-content":"","ast-featured-img":"","footer-sml-layout":"","theme-transparent-header-meta":"","adv-header-id-meta":"","stick-header-meta":"","header-above-stick-meta":"","header-main-stick-meta":"","header-below-stick-meta":""},"pwb-brand":[36],"product_cat":[62],"product_tag":[],"class_list":{"0":"post-86182","1":"product","2":"type-product","3":"status-publish","5":"pwb-brand-mapco","6":"product_cat-alatukivarsi","7":"desktop-align-left","8":"tablet-align-left","9":"mobile-align-left","11":"first","12":"instock","13":"product-type-external"},"brands":[{"id":36,"name":"MAPCO","slug":"mapco"}],"_links":{"self":[{"href":"https:\/\/www.autonvaraosahaku.fi\/index.php?rest_route=\/wp\/v2\/product\/86182","targetHints":{"allow":["GET"]}}],"collection":[{"href":"https:\/\/www.autonvaraosahaku.fi\/index.php?rest_route=\/wp\/v2\/product"}],"about":[{"href":"https:\/\/www.autonvaraosahaku.fi\/index.php?rest_route=\/wp\/v2\/types\/product"}],"wp:attachment":[{"href":"https:\/\/www.autonvaraosahaku.fi\/index.php?rest_route=%2Fwp%2Fv2%2Fmedia&parent=86182"}],"wp:term":[{"taxonomy":"pwb-brand","embeddable":true,"href":"https:\/\/www.autonvaraosahaku.fi\/index.php?rest_route=%2Fwp%2Fv2%2Fpwb-brand&post=86182"},{"taxonomy":"product_cat","embeddable":true,"href":"https:\/\/www.autonvaraosahaku.fi\/index.php?rest_route=%2Fwp%2Fv2%2Fproduct_cat&post=86182"},{"taxonomy":"product_tag","embeddable":true,"href":"https:\/\/www.autonvaraosahaku.fi\/index.php?rest_route=%2Fwp%2Fv2%2Fproduct_tag&post=86182"}],"curies":[{"name":"wp","href":"https:\/\/api.w.org\/{rel}","templated":true}]}}