{"id":86217,"date":"2021-02-21T20:47:11","date_gmt":"2021-02-21T20:47:11","guid":{"rendered":"https:\/\/www.autonvaraosahaku.fi\/?product=ate-11-0101-7003-2-jarrusatula-korjaussarja"},"modified":"2021-02-21T20:47:14","modified_gmt":"2021-02-21T20:47:14","slug":"ate-11-0101-7003-2-jarrusatula-korjaussarja","status":"publish","type":"product","link":"https:\/\/www.autonvaraosahaku.fi\/?product=ate-11-0101-7003-2-jarrusatula-korjaussarja","title":{"rendered":"ATE 11.0101-7003.2 Jarrusatula korjaussarja"},"content":{"rendered":"<p>Jarruj\u00e4rjestelm\u00e4: ATE; Jarrut: f\u00fcr Fahrzeuge mit verst\u00e4rkter Bremse; MERCEDES-BENZ: E-CLASS W211,E-CLASS T-Model S211,E-CLASS W210,M-CLASS W164,E-CLASS Kombi S210,CLK C208,S-CLASS W220,R-CLASS W251, V251,CLK Cabriolet A208,GL-CLASS X164; BMW: 5 Touring F11,5 F10, F18,X5 E70,7 F01, F02, F03, F04,5 Gran Turismo F07,X6 E71, E72,X5 F15, F85,6 Coupe F13,6 Cabriolet F12,X6 F16, F86; VOLVO: XC60,XC90 I,XC90 II,XC60 II; 34116776935, C2C27296, 0004200876, A0004200876, 30793944; Ohjainhylsysarja, Jarrusatula<\/p>\n","protected":false},"excerpt":{"rendered":"<p>ATE Ohjaustappi 11.0101-7003.2 Ohjainhylsysarja, Jarrusatula MERCEDES-BENZ,BMW,VOLVO,E-CLASS W211,E-CLASS T-Model S211,E-CLASS W210,M-CLASS W164<\/p>\n","protected":false},"featured_media":0,"template":"","meta":{"site-sidebar-layout":"default","site-content-layout":"default","ast-global-header-display":"","ast-main-header-display":"","ast-hfb-above-header-display":"","ast-hfb-below-header-display":"","ast-hfb-mobile-header-display":"","site-post-title":"","ast-breadcrumbs-content":"","ast-featured-img":"","footer-sml-layout":"","theme-transparent-header-meta":"","adv-header-id-meta":"","stick-header-meta":"","header-above-stick-meta":"","header-main-stick-meta":"","header-below-stick-meta":""},"pwb-brand":[108],"product_cat":[57],"product_tag":[],"class_list":{"0":"post-86217","1":"product","2":"type-product","3":"status-publish","5":"pwb-brand-ate","6":"product_cat-jarrusatula-korjaussarja","7":"desktop-align-left","8":"tablet-align-left","9":"mobile-align-left","11":"first","12":"instock","13":"product-type-external"},"brands":[{"id":108,"name":"ATE","slug":"ate"}],"_links":{"self":[{"href":"https:\/\/www.autonvaraosahaku.fi\/index.php?rest_route=\/wp\/v2\/product\/86217","targetHints":{"allow":["GET"]}}],"collection":[{"href":"https:\/\/www.autonvaraosahaku.fi\/index.php?rest_route=\/wp\/v2\/product"}],"about":[{"href":"https:\/\/www.autonvaraosahaku.fi\/index.php?rest_route=\/wp\/v2\/types\/product"}],"wp:attachment":[{"href":"https:\/\/www.autonvaraosahaku.fi\/index.php?rest_route=%2Fwp%2Fv2%2Fmedia&parent=86217"}],"wp:term":[{"taxonomy":"pwb-brand","embeddable":true,"href":"https:\/\/www.autonvaraosahaku.fi\/index.php?rest_route=%2Fwp%2Fv2%2Fpwb-brand&post=86217"},{"taxonomy":"product_cat","embeddable":true,"href":"https:\/\/www.autonvaraosahaku.fi\/index.php?rest_route=%2Fwp%2Fv2%2Fproduct_cat&post=86217"},{"taxonomy":"product_tag","embeddable":true,"href":"https:\/\/www.autonvaraosahaku.fi\/index.php?rest_route=%2Fwp%2Fv2%2Fproduct_tag&post=86217"}],"curies":[{"name":"wp","href":"https:\/\/api.w.org\/{rel}","templated":true}]}}