{"id":86232,"date":"2021-02-21T20:47:20","date_gmt":"2021-02-21T20:47:20","guid":{"rendered":"https:\/\/www.autonvaraosahaku.fi\/?product=spidan-23202-vetonivelen-suojakumi"},"modified":"2021-02-21T20:47:21","modified_gmt":"2021-02-21T20:47:21","slug":"spidan-23202-vetonivelen-suojakumi","status":"publish","type":"product","link":"https:\/\/www.autonvaraosahaku.fi\/?product=spidan-23202-vetonivelen-suojakumi","title":{"rendered":"SPIDAN 23202 Vetonivelen suojakumi"},"content":{"rendered":"<p>Sis\u00e4l\u00e4pimitta 1 [mm]: 25; Sis\u00e4l\u00e4pimitta 2 [mm]: 65; Korkeus (mm): 99,00; Paljekumin materiaali: NBR (nitriili-butadi-kumi); Uusi osa: ; Asennuspuoli: getriebeseitig; SAAB: 9-3 YS3F,9-3 Kombi YS3F,9-3 Cabriolet YS3F; OPEL: CORSA C F08, F68,ZAFIRA B A05,ASTRA H Caravan L35,ZAFIRA A F75_,ASTRA G CC F48_, F08_,ASTRA H L48,ASTRA G Caravan F35_,VECTRA C Caravan,ASTRA H GTC L08,SIGNUM,VECTRA C,VECTRA B 36_,ASTRA F CC 53_, 54_, 58_, 59_,VECTRA C GTS,VECTRA B Caravan 31_,ASTRA H TwinTop L67,ASTRA G Cabriolet F67,ASTRA F Caravan 51_, 52_,ASTRA G Coupe F07_,ASTRA G Stufenheck F69_,ZAFIRA B Van,VECTRA B CC 38_,ASTRA F 56_, 57_,SINTRA,ASTRA H Stufenheck L69,ASTRA H Kasten L70,ASTRA G Kasten F70,ASTRA F Van 55_,ASTRA G CLASSIC Caravan F35,ASTRA CLASSIC Caravan,ASTRA G CLASSIC T98,ASTRA CLASSIC L48,ASTRA CLASSIC Stufenheck; FIAT: CROMA 194; VAUXHALL: ZAFIRA Mk II B M75,ASTRA Mk V H CC,VECTRA Mk II C CC,ZAFIRA Mk I A F75,CORSA Mk II C W5L, F08,ASTRA Mk V H Estate,VECTRA Mk II C Estate,ASTRA Mk V H Convertible,ASTRA Mk IV G CC,VECTRA Mk II C,SIGNUM,ASTRA Mk IV G Sedan,VECTRA B CC,VECTRA B Estate,VECTRA B,ASTRAVAN Mk IV G,ASTRAVAN Mk V H,ASTRA Mk IV G Coupe F67,ASTRA Mk IV G Convertible,ASTRA Mk IV G Estate; 71740564, 1603014, 1603183, 1603205, 1603238, 1603301, 374014, 374319, 374429, 90421756, 90446780, 90543336, 92100311, 93173675, 93189383, 90421756, 90446780, 90543336, 92100311, 93173675, 93189383<\/p>\n","protected":false},"excerpt":{"rendered":"<p>SPIDAN Paljekumisarja, Vetoakseli 23202  SAAB,OPEL,FIAT,9-3 YS3F,9-3 Kombi YS3F,9-3 Cabriolet YS3F,CORSA C F08, F68,ZAFIRA B A05,ASTRA H Caravan L35<\/p>\n","protected":false},"featured_media":0,"template":"","meta":{"site-sidebar-layout":"default","site-content-layout":"default","ast-global-header-display":"","ast-main-header-display":"","ast-hfb-above-header-display":"","ast-hfb-below-header-display":"","ast-hfb-mobile-header-display":"","site-post-title":"","ast-breadcrumbs-content":"","ast-featured-img":"","footer-sml-layout":"","theme-transparent-header-meta":"","adv-header-id-meta":"","stick-header-meta":"","header-above-stick-meta":"","header-main-stick-meta":"","header-below-stick-meta":""},"pwb-brand":[411],"product_cat":[42],"product_tag":[],"class_list":{"0":"post-86232","1":"product","2":"type-product","3":"status-publish","5":"pwb-brand-spidan","6":"product_cat-vetonivelen-suojakumi","7":"desktop-align-left","8":"tablet-align-left","9":"mobile-align-left","11":"first","12":"instock","13":"product-type-external"},"brands":[{"id":411,"name":"SPIDAN","slug":"spidan"}],"_links":{"self":[{"href":"https:\/\/www.autonvaraosahaku.fi\/index.php?rest_route=\/wp\/v2\/product\/86232","targetHints":{"allow":["GET"]}}],"collection":[{"href":"https:\/\/www.autonvaraosahaku.fi\/index.php?rest_route=\/wp\/v2\/product"}],"about":[{"href":"https:\/\/www.autonvaraosahaku.fi\/index.php?rest_route=\/wp\/v2\/types\/product"}],"wp:attachment":[{"href":"https:\/\/www.autonvaraosahaku.fi\/index.php?rest_route=%2Fwp%2Fv2%2Fmedia&parent=86232"}],"wp:term":[{"taxonomy":"pwb-brand","embeddable":true,"href":"https:\/\/www.autonvaraosahaku.fi\/index.php?rest_route=%2Fwp%2Fv2%2Fpwb-brand&post=86232"},{"taxonomy":"product_cat","embeddable":true,"href":"https:\/\/www.autonvaraosahaku.fi\/index.php?rest_route=%2Fwp%2Fv2%2Fproduct_cat&post=86232"},{"taxonomy":"product_tag","embeddable":true,"href":"https:\/\/www.autonvaraosahaku.fi\/index.php?rest_route=%2Fwp%2Fv2%2Fproduct_tag&post=86232"}],"curies":[{"name":"wp","href":"https:\/\/api.w.org\/{rel}","templated":true}]}}