{"id":86272,"date":"2021-02-21T20:47:36","date_gmt":"2021-02-21T20:47:36","guid":{"rendered":"https:\/\/www.autonvaraosahaku.fi\/?product=elstock-86-0712-jarrusatula"},"modified":"2021-02-21T20:47:37","modified_gmt":"2021-02-21T20:47:37","slug":"elstock-86-0712-jarrusatula","status":"publish","type":"product","link":"https:\/\/www.autonvaraosahaku.fi\/?product=elstock-86-0712-jarrusatula","title":{"rendered":"ELSTOCK 86-0712 Jarrusatula"},"content":{"rendered":"<p>Parilliset tuotenumerot: 87-0712; Asennuspuoli: Taka-akseli, vasen, Akselin takana; Valmistaja rajaus: ATE; Jarrusatulatyyppi: Jarrusatula, sis. rak. jarrusatulalla, Jarrusatula (1-m\u00e4nt\u00e4); L\u00e4pimitta 1 [mm]: 38; Jarrulevypaksuudelle [mm]: 11; Jarrulevytyyppi: Vakiomalli; Jarrulevyl\u00e4pimitalle [mm]: 265, 280; Materiaali: Alumiini; Nettopaino [kg]: 1,7; ei SA koodille: 071; V\u00e4\u00e4nt\u00f6varren pituus [mm]: 71; Alustanumeroon: 146104; MAZDA: 3 BK,3 Stufenheck BK; VOLVO: V50 MW,C30,S40 II MS,C70 II Cabriolet; FORD: FOCUS II Kombi DA_,FOCUS II DA_,FOCUS C-MAX,C-MAX DM2,FOCUS II Stufenheck DA_,FOCUS II Cabriolet; ISUZU: IMPULSE; 1223706, 1324305, 1365653, 3M512M089AA, 3M512M089AB, 3M512M089BA, 8603438, 8603940, 3M512M089AA, 3M512M089AB, 3M512M089BA, 8603438, 8603940, BPYK2671X, BPYK2671XA, BPYK2671XB, 36000902, 8602911, 8603735<\/p>\n","protected":false},"excerpt":{"rendered":"<p>ELSTOCK Jarrusatula 86-0712  MAZDA,VOLVO,FORD,3 BK,3 Stufenheck BK,V50 MW,C30,S40 II MS,C70 II Cabriolet,FOCUS II Kombi DA_,FOCUS II DA_,FOCUS C-MAX<\/p>\n","protected":false},"featured_media":0,"template":"","meta":{"site-sidebar-layout":"default","site-content-layout":"default","ast-global-header-display":"","ast-main-header-display":"","ast-hfb-above-header-display":"","ast-hfb-below-header-display":"","ast-hfb-mobile-header-display":"","site-post-title":"","ast-breadcrumbs-content":"","ast-featured-img":"","footer-sml-layout":"","theme-transparent-header-meta":"","adv-header-id-meta":"","stick-header-meta":"","header-above-stick-meta":"","header-main-stick-meta":"","header-below-stick-meta":""},"pwb-brand":[587],"product_cat":[177],"product_tag":[],"class_list":{"0":"post-86272","1":"product","2":"type-product","3":"status-publish","5":"pwb-brand-elstock","6":"product_cat-jarrusatula","7":"desktop-align-left","8":"tablet-align-left","9":"mobile-align-left","11":"first","12":"instock","13":"product-type-external"},"brands":[{"id":587,"name":"ELSTOCK","slug":"elstock"}],"_links":{"self":[{"href":"https:\/\/www.autonvaraosahaku.fi\/index.php?rest_route=\/wp\/v2\/product\/86272","targetHints":{"allow":["GET"]}}],"collection":[{"href":"https:\/\/www.autonvaraosahaku.fi\/index.php?rest_route=\/wp\/v2\/product"}],"about":[{"href":"https:\/\/www.autonvaraosahaku.fi\/index.php?rest_route=\/wp\/v2\/types\/product"}],"wp:attachment":[{"href":"https:\/\/www.autonvaraosahaku.fi\/index.php?rest_route=%2Fwp%2Fv2%2Fmedia&parent=86272"}],"wp:term":[{"taxonomy":"pwb-brand","embeddable":true,"href":"https:\/\/www.autonvaraosahaku.fi\/index.php?rest_route=%2Fwp%2Fv2%2Fpwb-brand&post=86272"},{"taxonomy":"product_cat","embeddable":true,"href":"https:\/\/www.autonvaraosahaku.fi\/index.php?rest_route=%2Fwp%2Fv2%2Fproduct_cat&post=86272"},{"taxonomy":"product_tag","embeddable":true,"href":"https:\/\/www.autonvaraosahaku.fi\/index.php?rest_route=%2Fwp%2Fv2%2Fproduct_tag&post=86272"}],"curies":[{"name":"wp","href":"https:\/\/api.w.org\/{rel}","templated":true}]}}