{"id":86275,"date":"2021-02-21T20:47:36","date_gmt":"2021-02-21T20:47:36","guid":{"rendered":"https:\/\/www.autonvaraosahaku.fi\/?product=trw-bhs1342e-jarrusatula"},"modified":"2021-02-21T20:47:38","modified_gmt":"2021-02-21T20:47:38","slug":"trw-bhs1342e-jarrusatula","status":"publish","type":"product","link":"https:\/\/www.autonvaraosahaku.fi\/?product=trw-bhs1342e-jarrusatula","title":{"rendered":"TRW BHS1342E Jarrusatula"},"content":{"rendered":"<p>Valmistaja rajaus: ATE; Jarrusatulatyyppi: Jarrusatula (2 m\u00e4nt\u00e4\u00e4); Materiaali: Valurauta; L\u00e4pimitta 1 [mm]: 44; L\u00e4pimitta 2 [mm]: 44; parilliset tuotenumerot: BHS1341E; Vaihto-osa: ; Huomioi tekniset tiedot: ; Asennuspuoli: Vorderachse rechts; MERCEDES-BENZ: E-CLASS W211,E-CLASS T-Model S211,M-CLASS W164,R-CLASS W251, V251,GL-CLASS X164; 1644201983, 1644202483, 34204083, A1644201983, A1644202483<\/p>\n","protected":false},"excerpt":{"rendered":"<p>TRW Jarrusatula BHS1342E  MERCEDES-BENZ,E-CLASS W211,E-CLASS T-Model S211,M-CLASS W164,R-CLASS W251, V251,GL-CLASS X164<\/p>\n","protected":false},"featured_media":0,"template":"","meta":{"site-sidebar-layout":"default","site-content-layout":"default","ast-global-header-display":"","ast-main-header-display":"","ast-hfb-above-header-display":"","ast-hfb-below-header-display":"","ast-hfb-mobile-header-display":"","site-post-title":"","ast-breadcrumbs-content":"","ast-featured-img":"","footer-sml-layout":"","theme-transparent-header-meta":"","adv-header-id-meta":"","stick-header-meta":"","header-above-stick-meta":"","header-main-stick-meta":"","header-below-stick-meta":""},"pwb-brand":[332],"product_cat":[177],"product_tag":[],"class_list":{"0":"post-86275","1":"product","2":"type-product","3":"status-publish","5":"pwb-brand-trw","6":"product_cat-jarrusatula","7":"desktop-align-left","8":"tablet-align-left","9":"mobile-align-left","11":"first","12":"instock","13":"product-type-external"},"brands":[{"id":332,"name":"TRW","slug":"trw"}],"_links":{"self":[{"href":"https:\/\/www.autonvaraosahaku.fi\/index.php?rest_route=\/wp\/v2\/product\/86275","targetHints":{"allow":["GET"]}}],"collection":[{"href":"https:\/\/www.autonvaraosahaku.fi\/index.php?rest_route=\/wp\/v2\/product"}],"about":[{"href":"https:\/\/www.autonvaraosahaku.fi\/index.php?rest_route=\/wp\/v2\/types\/product"}],"wp:attachment":[{"href":"https:\/\/www.autonvaraosahaku.fi\/index.php?rest_route=%2Fwp%2Fv2%2Fmedia&parent=86275"}],"wp:term":[{"taxonomy":"pwb-brand","embeddable":true,"href":"https:\/\/www.autonvaraosahaku.fi\/index.php?rest_route=%2Fwp%2Fv2%2Fpwb-brand&post=86275"},{"taxonomy":"product_cat","embeddable":true,"href":"https:\/\/www.autonvaraosahaku.fi\/index.php?rest_route=%2Fwp%2Fv2%2Fproduct_cat&post=86275"},{"taxonomy":"product_tag","embeddable":true,"href":"https:\/\/www.autonvaraosahaku.fi\/index.php?rest_route=%2Fwp%2Fv2%2Fproduct_tag&post=86275"}],"curies":[{"name":"wp","href":"https:\/\/api.w.org\/{rel}","templated":true}]}}