{"id":86276,"date":"2021-02-21T20:47:36","date_gmt":"2021-02-21T20:47:36","guid":{"rendered":"https:\/\/www.autonvaraosahaku.fi\/?product=ajusa-81040200-kannen-pultit"},"modified":"2021-02-21T20:47:38","modified_gmt":"2021-02-21T20:47:38","slug":"ajusa-81040200-kannen-pultit","status":"publish","type":"product","link":"https:\/\/www.autonvaraosahaku.fi\/?product=ajusa-81040200-kannen-pultit","title":{"rendered":"AJUSA 81040200 Kannen pultit"},"content":{"rendered":"<p>Kierremitta: M9; Kierrenousu (mm): 1,5; Pituus (mm): 121; M\u00e4\u00e4r\u00e4: 8; TECDOC-moottorinumero: 18481; DAIHATSU: SIRION M3_,CUORE VIII,CHARADE L2_; SUBARU: JUSTY IV; TOYOTA: YARIS SCP9_, NSP9_, KSP9_, NCP9_, ZSP9_,AYGO WNB1_, KGB1_,YARIS NHP13_, NSP13_, NCP13_, KSP13_, NLP13_,IQ KPJ1_, NGJ1_, KGJ1_, NUJ1_,VIOS\/YARIS Stufenheck ZSP9_, NCP9_,AYGO PAB4_, KGB4_; CITRO\u00cbN: C1 PM_, PN_,C1 II; PEUGEOT: 107,108; 6822JCx8; Sylinterikannen Pultit,Syl.Kannen Pulttisarja<\/p>\n","protected":false},"excerpt":{"rendered":"<p>AJUSA Kannen Pultit 81040200 Sylinterikannen Pultit,Syl.Kannen Pulttisarja DAIHATSU,SUBARU,TOYOTA,SIRION M3_,CUORE VIII,CHARADE L2_,JUSTY IV<\/p>\n","protected":false},"featured_media":0,"template":"","meta":{"site-sidebar-layout":"default","site-content-layout":"default","ast-global-header-display":"","ast-main-header-display":"","ast-hfb-above-header-display":"","ast-hfb-below-header-display":"","ast-hfb-mobile-header-display":"","site-post-title":"","ast-breadcrumbs-content":"","ast-featured-img":"","footer-sml-layout":"","theme-transparent-header-meta":"","adv-header-id-meta":"","stick-header-meta":"","header-above-stick-meta":"","header-main-stick-meta":"","header-below-stick-meta":""},"pwb-brand":[211],"product_cat":[67],"product_tag":[],"class_list":{"0":"post-86276","1":"product","2":"type-product","3":"status-publish","5":"pwb-brand-ajusa","6":"product_cat-kannen-pultit","7":"desktop-align-left","8":"tablet-align-left","9":"mobile-align-left","11":"first","12":"instock","13":"product-type-external"},"brands":[{"id":211,"name":"AJUSA","slug":"ajusa"}],"_links":{"self":[{"href":"https:\/\/www.autonvaraosahaku.fi\/index.php?rest_route=\/wp\/v2\/product\/86276","targetHints":{"allow":["GET"]}}],"collection":[{"href":"https:\/\/www.autonvaraosahaku.fi\/index.php?rest_route=\/wp\/v2\/product"}],"about":[{"href":"https:\/\/www.autonvaraosahaku.fi\/index.php?rest_route=\/wp\/v2\/types\/product"}],"wp:attachment":[{"href":"https:\/\/www.autonvaraosahaku.fi\/index.php?rest_route=%2Fwp%2Fv2%2Fmedia&parent=86276"}],"wp:term":[{"taxonomy":"pwb-brand","embeddable":true,"href":"https:\/\/www.autonvaraosahaku.fi\/index.php?rest_route=%2Fwp%2Fv2%2Fpwb-brand&post=86276"},{"taxonomy":"product_cat","embeddable":true,"href":"https:\/\/www.autonvaraosahaku.fi\/index.php?rest_route=%2Fwp%2Fv2%2Fproduct_cat&post=86276"},{"taxonomy":"product_tag","embeddable":true,"href":"https:\/\/www.autonvaraosahaku.fi\/index.php?rest_route=%2Fwp%2Fv2%2Fproduct_tag&post=86276"}],"curies":[{"name":"wp","href":"https:\/\/api.w.org\/{rel}","templated":true}]}}