{"id":86308,"date":"2021-02-21T20:47:44","date_gmt":"2021-02-21T20:47:44","guid":{"rendered":"https:\/\/www.autonvaraosahaku.fi\/?product=monroe-mr999-iskunvaimennin"},"modified":"2021-02-21T20:47:50","modified_gmt":"2021-02-21T20:47:50","slug":"monroe-mr999-iskunvaimennin","status":"publish","type":"product","link":"https:\/\/www.autonvaraosahaku.fi\/?product=monroe-mr999-iskunvaimennin","title":{"rendered":"MONROE MR999 Iskunvaimennin"},"content":{"rendered":"<p>Iskunvaimennin tyyppi: \u00d6ljypaine; Iskunvaimennin malli: Joustintukisarja; Iskunvaimennusj\u00e4rjestelm\u00e4: Kaksiputki; Paino [kg]: 2,800; suurin pituus [mm]: 683; v\u00e4h. pituus [mm]: 467; Pakkauspituus [cm]: 75,4; Pakkausleveys [cm]: 10; Pakkauskorkeus [mm]: 5; Kotelon pituus [mm]: 448; Tullitariffinumero: 87088035; Asennuspuoli: Vorderachse; PEUGEOT: 504 A_, M_,505 551A,505 Break 551D,604 561A_,504 Break D_, F_,504; TALBOT: TAGORA; 3642356, 364268, 520155, 520156, 520159, 520160, 520167, 520178, 520180, 520183, 520187, 520195, 520197, 520210, 520211, 520212, 520213, 520219, 520220, 520222, 520223, 520224, 520226, 520233, 520234, 520235, 520236, 520239, 520243, 520244, 520245, 520278, 520279, 520290, 5202E4, 5202E5, 5202N3, 5202N4; Iskarit,Iskunvaimennin<\/p>\n","protected":false},"excerpt":{"rendered":"<p>MONROE Iskunvaimentimet MONROE ORIGINAL MR999 Iskarit,Iskunvaimennin PEUGEOT,TALBOT,504 A_, M_,505 551A,505 Break 551D,604 561A_,504 Break D_, F_,504<\/p>\n","protected":false},"featured_media":0,"template":"","meta":{"site-sidebar-layout":"default","site-content-layout":"default","ast-global-header-display":"","ast-main-header-display":"","ast-hfb-above-header-display":"","ast-hfb-below-header-display":"","ast-hfb-mobile-header-display":"","site-post-title":"","ast-breadcrumbs-content":"","ast-featured-img":"","footer-sml-layout":"","theme-transparent-header-meta":"","adv-header-id-meta":"","stick-header-meta":"","header-above-stick-meta":"","header-main-stick-meta":"","header-below-stick-meta":""},"pwb-brand":[79],"product_cat":[80],"product_tag":[],"class_list":{"0":"post-86308","1":"product","2":"type-product","3":"status-publish","5":"pwb-brand-monroe","6":"product_cat-iskunvaimennin","7":"desktop-align-left","8":"tablet-align-left","9":"mobile-align-left","11":"first","12":"instock","13":"product-type-external"},"brands":[{"id":79,"name":"MONROE","slug":"monroe"}],"_links":{"self":[{"href":"https:\/\/www.autonvaraosahaku.fi\/index.php?rest_route=\/wp\/v2\/product\/86308","targetHints":{"allow":["GET"]}}],"collection":[{"href":"https:\/\/www.autonvaraosahaku.fi\/index.php?rest_route=\/wp\/v2\/product"}],"about":[{"href":"https:\/\/www.autonvaraosahaku.fi\/index.php?rest_route=\/wp\/v2\/types\/product"}],"wp:attachment":[{"href":"https:\/\/www.autonvaraosahaku.fi\/index.php?rest_route=%2Fwp%2Fv2%2Fmedia&parent=86308"}],"wp:term":[{"taxonomy":"pwb-brand","embeddable":true,"href":"https:\/\/www.autonvaraosahaku.fi\/index.php?rest_route=%2Fwp%2Fv2%2Fpwb-brand&post=86308"},{"taxonomy":"product_cat","embeddable":true,"href":"https:\/\/www.autonvaraosahaku.fi\/index.php?rest_route=%2Fwp%2Fv2%2Fproduct_cat&post=86308"},{"taxonomy":"product_tag","embeddable":true,"href":"https:\/\/www.autonvaraosahaku.fi\/index.php?rest_route=%2Fwp%2Fv2%2Fproduct_tag&post=86308"}],"curies":[{"name":"wp","href":"https:\/\/api.w.org\/{rel}","templated":true}]}}