{"id":86315,"date":"2021-02-21T20:47:52","date_gmt":"2021-02-21T20:47:52","guid":{"rendered":"https:\/\/www.autonvaraosahaku.fi\/?product=aks-dasis-855014n-magneettikytkin"},"modified":"2021-02-21T20:47:54","modified_gmt":"2021-02-21T20:47:54","slug":"aks-dasis-855014n-magneettikytkin","status":"publish","type":"product","link":"https:\/\/www.autonvaraosahaku.fi\/?product=aks-dasis-855014n-magneettikytkin","title":{"rendered":"AKS DASIS 855014N Magneettikytkin"},"content":{"rendered":"<p>J\u00e4nnite (V): 12; Valmistaja rajaus: Sanden; kiiloja: 6; Hihnapy\u00f6r\u00e4-\u00d8[mm]: 120; Kompressorin tunnus: SD7V16; Uusi osa: ; Paino [kg]: 2; Pakkauspituus [cm]: 15; Pakkausleveys [cm]: 15; Pakkauskorkeus [mm]: 7,5; Valmistusvuosi alkaen: 11\/1993; FIAT: ULYSSE 220,SCUDO Kasten 220L,SCUDO Combinato 220P; PEUGEOT: 206 Schr\u00e4gheck 2A\/C,206 SW 2E\/K,306 Schr\u00e4gheck 7A, 7C, N3, N5,607 9D, 9U,306 Cabriolet 7D, N3, N5,406 Break 8E\/F,PARTNER Combispace 5F,PARTNER Kasten 5,406 Coupe 8C,306 Break 7E, N3, N5,406 8B,806 221,BOXER Kasten 230L,BOXER Kasten 244,306 7B, N3, N5,EXPERT Kasten 222,BOXER Bus 244, Z_,BOXER Pritsche\/Fahrgestell ZCT_,206 Van,605 6B,EXPERT 224,BOXER Pritsche\/Fahrgestell 244,EXPERT Pritsche\/Fahrgestell 223; CITRO\u00cbN: BERLINGO MF,XSARA PICASSO N68,BERLINGO Kasten M_,C5 I DC_,C5 I Break DE_,XSARA N1,XSARA Break N2,JUMPER Kasten 244,XM Y4,XSARA Coupe N0,XANTIA X1,EVASION 22, U6,JUMPY U6U,JUMPY Kasten BS_, BT_, BY_, BZ_,JUMPER Kasten 230L,JUMPER Bus 244, Z_,XANTIA Break X1,JUMPER Pritsche\/Fahrgestell 244,XM Break Y4,JUMPY Pritsche\/Fahrgestell BU_, BV_, BW_, BX_,XSARA Kasten; LANCIA: ZETA 220; Ilmastoinnin Kompressorin Kytkin,Magneettikytkin, Ilmastointikompressori<\/p>\n","protected":false},"excerpt":{"rendered":"<p>AKS DASIS Magneettikytkin 855014N Ilmastoinnin Kompressorin Kytkin,Magneettikytkin, Ilmastointikompressori FIAT,PEUGEOT,CITRO\u00cbN,ULYSSE 220<\/p>\n","protected":false},"featured_media":0,"template":"","meta":{"site-sidebar-layout":"default","site-content-layout":"default","ast-global-header-display":"","ast-main-header-display":"","ast-hfb-above-header-display":"","ast-hfb-below-header-display":"","ast-hfb-mobile-header-display":"","site-post-title":"","ast-breadcrumbs-content":"","ast-featured-img":"","footer-sml-layout":"","theme-transparent-header-meta":"","adv-header-id-meta":"","stick-header-meta":"","header-above-stick-meta":"","header-main-stick-meta":"","header-below-stick-meta":""},"pwb-brand":[461],"product_cat":[435],"product_tag":[],"class_list":{"0":"post-86315","1":"product","2":"type-product","3":"status-publish","5":"pwb-brand-aks-dasis","6":"product_cat-magneettikytkin","7":"desktop-align-left","8":"tablet-align-left","9":"mobile-align-left","11":"first","12":"instock","13":"product-type-external"},"brands":[{"id":461,"name":"AKS DASIS","slug":"aks-dasis"}],"_links":{"self":[{"href":"https:\/\/www.autonvaraosahaku.fi\/index.php?rest_route=\/wp\/v2\/product\/86315","targetHints":{"allow":["GET"]}}],"collection":[{"href":"https:\/\/www.autonvaraosahaku.fi\/index.php?rest_route=\/wp\/v2\/product"}],"about":[{"href":"https:\/\/www.autonvaraosahaku.fi\/index.php?rest_route=\/wp\/v2\/types\/product"}],"wp:attachment":[{"href":"https:\/\/www.autonvaraosahaku.fi\/index.php?rest_route=%2Fwp%2Fv2%2Fmedia&parent=86315"}],"wp:term":[{"taxonomy":"pwb-brand","embeddable":true,"href":"https:\/\/www.autonvaraosahaku.fi\/index.php?rest_route=%2Fwp%2Fv2%2Fpwb-brand&post=86315"},{"taxonomy":"product_cat","embeddable":true,"href":"https:\/\/www.autonvaraosahaku.fi\/index.php?rest_route=%2Fwp%2Fv2%2Fproduct_cat&post=86315"},{"taxonomy":"product_tag","embeddable":true,"href":"https:\/\/www.autonvaraosahaku.fi\/index.php?rest_route=%2Fwp%2Fv2%2Fproduct_tag&post=86315"}],"curies":[{"name":"wp","href":"https:\/\/api.w.org\/{rel}","templated":true}]}}