{"id":86321,"date":"2021-02-21T20:47:52","date_gmt":"2021-02-21T20:47:52","guid":{"rendered":"https:\/\/www.autonvaraosahaku.fi\/?product=hella-6zl-351-028-401-painekytkin-ilmastointilaite"},"modified":"2021-02-21T20:47:56","modified_gmt":"2021-02-21T20:47:56","slug":"hella-6zl-351-028-401-painekytkin-ilmastointilaite","status":"publish","type":"product","link":"https:\/\/www.autonvaraosahaku.fi\/?product=hella-6zl-351-028-401-painekytkin-ilmastointilaite","title":{"rendered":"HELLA 6ZL 351 028-401 Painekytkin ilmastointilaite"},"content":{"rendered":"<p>Napojen m\u00e4\u00e4r\u00e4: 3; lis\u00e4tieto: BEHR HELLA SERVICE *** PREMIUM LINE ***; Vuosimallista: 2002; VW: PASSAT Variant 3B6,PASSAT 3B3; AUDI: A4 Avant 8ED, B7,A4 Avant 8E5, B6,A6 Avant 4B5, C5,A4 8E2, B6,A2 8Z0,A6 4B2, C5,A4 Cabriolet 8H7, B6, 8HE, B7,A4 8EC, B7,A8 4E_,ALLROAD 4BH, C5; SEAT: EXEO ST 3R5,EXEO 3R2; 3R0959126, 8E0959126, 8E0959126A, 8E0959126B, 8E0959126C, 8Z0959126, 3R0959126, 8E0959126, 8E0959126A, 8E0959126B, 8E0959126C, 8Z0959126, 3R0959126, 8E0959126, 8E0959126A, 8E0959126B, 8E0959126C, 8Z0959126<\/p>\n","protected":false},"excerpt":{"rendered":"<p>HELLA Painekytkin Ilmastointilaite 6ZL 351 028-401  VW,AUDI,SEAT,PASSAT Variant 3B6,PASSAT 3B3,A4 Avant 8ED, B7,A4 Avant 8E5, B6,A6 Avant 4B5, C5<\/p>\n","protected":false},"featured_media":0,"template":"","meta":{"site-sidebar-layout":"default","site-content-layout":"default","ast-global-header-display":"","ast-main-header-display":"","ast-hfb-above-header-display":"","ast-hfb-below-header-display":"","ast-hfb-mobile-header-display":"","site-post-title":"","ast-breadcrumbs-content":"","ast-featured-img":"","footer-sml-layout":"","theme-transparent-header-meta":"","adv-header-id-meta":"","stick-header-meta":"","header-above-stick-meta":"","header-main-stick-meta":"","header-below-stick-meta":""},"pwb-brand":[24],"product_cat":[472],"product_tag":[],"class_list":{"0":"post-86321","1":"product","2":"type-product","3":"status-publish","5":"pwb-brand-hella","6":"product_cat-painekytkin-ilmastointilaite","7":"desktop-align-left","8":"tablet-align-left","9":"mobile-align-left","11":"first","12":"instock","13":"product-type-external"},"brands":[{"id":24,"name":"HELLA","slug":"hella"}],"_links":{"self":[{"href":"https:\/\/www.autonvaraosahaku.fi\/index.php?rest_route=\/wp\/v2\/product\/86321","targetHints":{"allow":["GET"]}}],"collection":[{"href":"https:\/\/www.autonvaraosahaku.fi\/index.php?rest_route=\/wp\/v2\/product"}],"about":[{"href":"https:\/\/www.autonvaraosahaku.fi\/index.php?rest_route=\/wp\/v2\/types\/product"}],"wp:attachment":[{"href":"https:\/\/www.autonvaraosahaku.fi\/index.php?rest_route=%2Fwp%2Fv2%2Fmedia&parent=86321"}],"wp:term":[{"taxonomy":"pwb-brand","embeddable":true,"href":"https:\/\/www.autonvaraosahaku.fi\/index.php?rest_route=%2Fwp%2Fv2%2Fpwb-brand&post=86321"},{"taxonomy":"product_cat","embeddable":true,"href":"https:\/\/www.autonvaraosahaku.fi\/index.php?rest_route=%2Fwp%2Fv2%2Fproduct_cat&post=86321"},{"taxonomy":"product_tag","embeddable":true,"href":"https:\/\/www.autonvaraosahaku.fi\/index.php?rest_route=%2Fwp%2Fv2%2Fproduct_tag&post=86321"}],"curies":[{"name":"wp","href":"https:\/\/api.w.org\/{rel}","templated":true}]}}