{"id":86327,"date":"2021-02-21T20:47:52","date_gmt":"2021-02-21T20:47:52","guid":{"rendered":"https:\/\/www.autonvaraosahaku.fi\/?product=hella-2ps-357-009-001-muut-luokat"},"modified":"2021-02-21T20:47:58","modified_gmt":"2021-02-21T20:47:58","slug":"hella-2ps-357-009-001-muut-luokat","status":"publish","type":"product","link":"https:\/\/www.autonvaraosahaku.fi\/?product=hella-2ps-357-009-001-muut-luokat","title":{"rendered":"HELLA 2PS 357 009-001 Muut luokat"},"content":{"rendered":"<p>Lyhdyn muoto: LED; Tarkistuskilpi: E4 14802, ECE; Nimellisj\u00e4nnite (V): 12; Lyhtytoimintojen m\u00e4\u00e4r\u00e4: 2; Lamppumalli: LED; Valotoiminto: heijastimella, \u00c4\u00e4rivalolla; lis\u00e4tieto: HELLA VALUEFIT<\/p>\n","protected":false},"excerpt":{"rendered":"<p>HELLA Sivumerkkivalo 2PS 357 009-001<\/p>\n","protected":false},"featured_media":0,"template":"","meta":{"site-sidebar-layout":"default","site-content-layout":"default","ast-global-header-display":"","ast-main-header-display":"","ast-hfb-above-header-display":"","ast-hfb-below-header-display":"","ast-hfb-mobile-header-display":"","site-post-title":"","ast-breadcrumbs-content":"","ast-featured-img":"","footer-sml-layout":"","theme-transparent-header-meta":"","adv-header-id-meta":"","stick-header-meta":"","header-above-stick-meta":"","header-main-stick-meta":"","header-below-stick-meta":""},"pwb-brand":[24],"product_cat":[37],"product_tag":[],"class_list":{"0":"post-86327","1":"product","2":"type-product","3":"status-publish","5":"pwb-brand-hella","6":"product_cat-muut-luokat","7":"desktop-align-left","8":"tablet-align-left","9":"mobile-align-left","11":"first","12":"instock","13":"product-type-external"},"brands":[{"id":24,"name":"HELLA","slug":"hella"}],"_links":{"self":[{"href":"https:\/\/www.autonvaraosahaku.fi\/index.php?rest_route=\/wp\/v2\/product\/86327","targetHints":{"allow":["GET"]}}],"collection":[{"href":"https:\/\/www.autonvaraosahaku.fi\/index.php?rest_route=\/wp\/v2\/product"}],"about":[{"href":"https:\/\/www.autonvaraosahaku.fi\/index.php?rest_route=\/wp\/v2\/types\/product"}],"wp:attachment":[{"href":"https:\/\/www.autonvaraosahaku.fi\/index.php?rest_route=%2Fwp%2Fv2%2Fmedia&parent=86327"}],"wp:term":[{"taxonomy":"pwb-brand","embeddable":true,"href":"https:\/\/www.autonvaraosahaku.fi\/index.php?rest_route=%2Fwp%2Fv2%2Fpwb-brand&post=86327"},{"taxonomy":"product_cat","embeddable":true,"href":"https:\/\/www.autonvaraosahaku.fi\/index.php?rest_route=%2Fwp%2Fv2%2Fproduct_cat&post=86327"},{"taxonomy":"product_tag","embeddable":true,"href":"https:\/\/www.autonvaraosahaku.fi\/index.php?rest_route=%2Fwp%2Fv2%2Fproduct_tag&post=86327"}],"curies":[{"name":"wp","href":"https:\/\/api.w.org\/{rel}","templated":true}]}}