{"id":86333,"date":"2021-02-21T20:47:59","date_gmt":"2021-02-21T20:47:59","guid":{"rendered":"https:\/\/www.autonvaraosahaku.fi\/?product=monroe-r11047-iskunvaimennin"},"modified":"2021-02-21T20:48:01","modified_gmt":"2021-02-21T20:48:01","slug":"monroe-r11047-iskunvaimennin","status":"publish","type":"product","link":"https:\/\/www.autonvaraosahaku.fi\/?product=monroe-r11047-iskunvaimennin","title":{"rendered":"MONROE R11047 Iskunvaimennin"},"content":{"rendered":"<p>Iskunvaimennin tyyppi: \u00d6ljypaine; Iskunvaimennin malli: Joustintuki; Iskunvaimennusj\u00e4rjestelm\u00e4: Kaksiputki; Paino [kg]: 2,700; Reik\u00e4-\u00d8 [mm]: 27; Pakkauspituus [cm]: 51,5; Pakkausleveys [cm]: 16,2; Pakkauskorkeus [mm]: 16,2; Tullitariffinumero: 87088035; Tappil\u00e4pimitta [mm]: 20; Asennuspuoli: Vorderachse; FORD: ESCORT IV Cabriolet ALF,ESCORT IV GAF, AWF, ABFT,ESCORT III GAA,ESCORT III Cabriolet ALD,ORION II AFF,ESCORT IV Kombi AWF, AVF,ESCORT &#8217;86 Express AVF,ESCORT III Kombi AWA,ORION I AFD; FORD USA: ESCORT Schr\u00e4gheck; 1139401, 5010928, 5010929, 5012372, 5014727, 5014728, 5014729, 5016315, 5016399, 5029365, 84AB18045AD, 84AB18045AE, 84AB18045BA, 84AB18045BB, 84AB18045BC, 84AB18045BD, 84AB18045CA, 84AB18045CB, 84AB18045CC, 84AB18045CD, 84AB18045HB, 85AX18045AA, 85AX18045BA, 85AX18045CA, 86AB18045AA, 86AB18045CA, 86AB18045DA, 86AX18045BA, 93AX18045LA, A830X18045DNA, A830X18045EDA, A830X18045KA, A830X18045LA, A830X18045SA, A830X18045TA, A830X18045UA, A840X18045ABA, A840X18045ADA, A840X18045AEA, AB30X18045LA, AM93AX18045LA, EAB1040, EAB1041, EAB1101, EAB881, EAB882, EAB886, EAN304, EAN307, EAN311, EAN484, EAN490, EAN492, EAN881, V85AB18045AA, V86AB18045AA; Iskarit,Iskunvaimennin<\/p>\n","protected":false},"excerpt":{"rendered":"<p>MONROE Iskunvaimentimet MONROE ORIGINAL R11047 Iskarit,Iskunvaimennin FORD,FORD USA,ESCORT IV Cabriolet ALF,ESCORT IV GAF, AWF, ABFT,ESCORT III GAA<\/p>\n","protected":false},"featured_media":0,"template":"","meta":{"site-sidebar-layout":"default","site-content-layout":"default","ast-global-header-display":"","ast-main-header-display":"","ast-hfb-above-header-display":"","ast-hfb-below-header-display":"","ast-hfb-mobile-header-display":"","site-post-title":"","ast-breadcrumbs-content":"","ast-featured-img":"","footer-sml-layout":"","theme-transparent-header-meta":"","adv-header-id-meta":"","stick-header-meta":"","header-above-stick-meta":"","header-main-stick-meta":"","header-below-stick-meta":""},"pwb-brand":[79],"product_cat":[80],"product_tag":[],"class_list":{"0":"post-86333","1":"product","2":"type-product","3":"status-publish","5":"pwb-brand-monroe","6":"product_cat-iskunvaimennin","7":"desktop-align-left","8":"tablet-align-left","9":"mobile-align-left","11":"first","12":"instock","13":"product-type-external"},"brands":[{"id":79,"name":"MONROE","slug":"monroe"}],"_links":{"self":[{"href":"https:\/\/www.autonvaraosahaku.fi\/index.php?rest_route=\/wp\/v2\/product\/86333","targetHints":{"allow":["GET"]}}],"collection":[{"href":"https:\/\/www.autonvaraosahaku.fi\/index.php?rest_route=\/wp\/v2\/product"}],"about":[{"href":"https:\/\/www.autonvaraosahaku.fi\/index.php?rest_route=\/wp\/v2\/types\/product"}],"wp:attachment":[{"href":"https:\/\/www.autonvaraosahaku.fi\/index.php?rest_route=%2Fwp%2Fv2%2Fmedia&parent=86333"}],"wp:term":[{"taxonomy":"pwb-brand","embeddable":true,"href":"https:\/\/www.autonvaraosahaku.fi\/index.php?rest_route=%2Fwp%2Fv2%2Fpwb-brand&post=86333"},{"taxonomy":"product_cat","embeddable":true,"href":"https:\/\/www.autonvaraosahaku.fi\/index.php?rest_route=%2Fwp%2Fv2%2Fproduct_cat&post=86333"},{"taxonomy":"product_tag","embeddable":true,"href":"https:\/\/www.autonvaraosahaku.fi\/index.php?rest_route=%2Fwp%2Fv2%2Fproduct_tag&post=86333"}],"curies":[{"name":"wp","href":"https:\/\/api.w.org\/{rel}","templated":true}]}}