{"id":86356,"date":"2021-02-21T20:48:07","date_gmt":"2021-02-21T20:48:07","guid":{"rendered":"https:\/\/www.autonvaraosahaku.fi\/?product=prasco-pe2267-jaahdytin"},"modified":"2021-02-21T20:48:09","modified_gmt":"2021-02-21T20:48:09","slug":"prasco-pe2267-jaahdytin","status":"publish","type":"product","link":"https:\/\/www.autonvaraosahaku.fi\/?product=prasco-pe2267-jaahdytin","title":{"rendered":"PRASCO PE2267 J\u00e4\u00e4hdytin"},"content":{"rendered":"<p>Laatu: Premium; Valmistaja rajaus: Calsonic; Materiaali: Alumiini, Muovi; Sis\u00e4\u00e4ntulol\u00e4pimitta [mm]: 32,0; Ulostulon l\u00e4pimitta [mm]: 32,0; J\u00e4\u00e4hdytintyyppi: J\u00e4\u00e4hdytysrivat mekaan. kiinnitetyt; Verkon pituus [mm]: 378; Verkon leveys [mm]: 555; Verkon syvyys [mm]: 24; Vaihteistomalli: Schaltgetriebe; PEUGEOT: 307 SW 3H,307 CC 3B,307 3A\/C,308 SW,308 4A_, 4C_,5008,307 Break 3E,407 6D_,3008,PARTNER Tepee,RCZ,308 CC,407 Coupe 6C_,PARTNER Kasten,PARTNER Pritsche\/Fahrgestell; CITRO\u00cbN: BERLINGO B9,C5 III Break TD_,C4 Picasso I UD_,C4 Grand Picasso I UA_,C4 I LC_,C5 II Break RE_,C5 III RD_,C4 Coupe LA_,C4 II B7,C5 II RC_,BERLINGO Kasten B9,DS4,DS5,BERLINGO Pritsche\/Fahrgestell B9; DS: DS5,DS 4 \/ DS 4 CROSSBACK; 1330F5, 1330S5, 1330W2, 133308, 13330F5, 133377, 133387, 133391, 1333A2, 1330F5, 1330S5, 1330W2, 133308, 133377, 133387, 133391, 1333A2; Syyl\u00e4ri,J\u00e4\u00e4hdytin,Moottorin J\u00e4\u00e4hdytys<\/p>\n","protected":false},"excerpt":{"rendered":"<p>PRASCO J\u00e4\u00e4hdytin PE2267 Syyl\u00e4ri,J\u00e4\u00e4hdytin,Moottorin J\u00e4\u00e4hdytys PEUGEOT,CITRO\u00cbN,DS,307 SW 3H,307 CC 3B,307 3A\/C,308 SW,308 4A_, 4C_,5008,307 Break 3E<\/p>\n","protected":false},"featured_media":0,"template":"","meta":{"site-sidebar-layout":"default","site-content-layout":"default","ast-global-header-display":"","ast-main-header-display":"","ast-hfb-above-header-display":"","ast-hfb-below-header-display":"","ast-hfb-mobile-header-display":"","site-post-title":"","ast-breadcrumbs-content":"","ast-featured-img":"","footer-sml-layout":"","theme-transparent-header-meta":"","adv-header-id-meta":"","stick-header-meta":"","header-above-stick-meta":"","header-main-stick-meta":"","header-below-stick-meta":""},"pwb-brand":[406],"product_cat":[421],"product_tag":[],"class_list":{"0":"post-86356","1":"product","2":"type-product","3":"status-publish","5":"pwb-brand-prasco","6":"product_cat-jaahdytin","7":"desktop-align-left","8":"tablet-align-left","9":"mobile-align-left","11":"first","12":"instock","13":"product-type-external"},"brands":[{"id":406,"name":"PRASCO","slug":"prasco"}],"_links":{"self":[{"href":"https:\/\/www.autonvaraosahaku.fi\/index.php?rest_route=\/wp\/v2\/product\/86356","targetHints":{"allow":["GET"]}}],"collection":[{"href":"https:\/\/www.autonvaraosahaku.fi\/index.php?rest_route=\/wp\/v2\/product"}],"about":[{"href":"https:\/\/www.autonvaraosahaku.fi\/index.php?rest_route=\/wp\/v2\/types\/product"}],"wp:attachment":[{"href":"https:\/\/www.autonvaraosahaku.fi\/index.php?rest_route=%2Fwp%2Fv2%2Fmedia&parent=86356"}],"wp:term":[{"taxonomy":"pwb-brand","embeddable":true,"href":"https:\/\/www.autonvaraosahaku.fi\/index.php?rest_route=%2Fwp%2Fv2%2Fpwb-brand&post=86356"},{"taxonomy":"product_cat","embeddable":true,"href":"https:\/\/www.autonvaraosahaku.fi\/index.php?rest_route=%2Fwp%2Fv2%2Fproduct_cat&post=86356"},{"taxonomy":"product_tag","embeddable":true,"href":"https:\/\/www.autonvaraosahaku.fi\/index.php?rest_route=%2Fwp%2Fv2%2Fproduct_tag&post=86356"}],"curies":[{"name":"wp","href":"https:\/\/api.w.org\/{rel}","templated":true}]}}