{"id":86367,"date":"2021-02-21T20:48:07","date_gmt":"2021-02-21T20:48:07","guid":{"rendered":"https:\/\/www.autonvaraosahaku.fi\/?product=textar-92074303-jarrulevyt"},"modified":"2021-02-21T20:48:13","modified_gmt":"2021-02-21T20:48:13","slug":"textar-92074303-jarrulevyt","status":"publish","type":"product","link":"https:\/\/www.autonvaraosahaku.fi\/?product=textar-92074303-jarrulevyt","title":{"rendered":"TEXTAR 92074303 Jarrulevyt"},"content":{"rendered":"<p>Ulkol\u00e4pimitta [mm]: 268; Jarrulevyn paksuus (mm): 9,9; Jarrulevytyyppi: Vakiomalli; V\u00e4himm\u00e4ispaksuus (mm): 8; Korkeus (mm): 45,5; Reik\u00e4kuvio\/-m\u00e4\u00e4r\u00e4: 05\/06; Reik\u00e4ympyr\u00e4-\u00d8 [mm]: 112; keskitt\u00e4misl\u00e4pimitta [mm]: 68,2; Paino [kg]: 4,2; Korvaava tuote\/korvaava tiedote 2: Ilman py\u00f6r\u00e4nnapaa, Ilman py\u00f6r\u00e4nkiinnityspultteja; Pinta: pinnoitettu; Pakkauspituus [cm]: 30; Pakkausleveys [cm]: 28,5; Pakkauskorkeus [mm]: 11,5; Teknisten tietojen numero: 98200 0743 0 1 PRO; Tuotelinja: PRO; Asennuspuoli: Hinterachse; VW: SHARAN 7M8, 7M9, 7M6; SEAT: ALHAMBRA 7V8, 7V9; FORD: GALAXY WGR; 7M0615601A, 7M0615601B, 7M0615601C, 1001094, 1023605, 1045995, 1137985, 1526694, 7295020, 95VWX2A315A1D, 95VWX2A315AE, 95VWX2A315AD, 7M0615601A, 7M0615601B, 7M0615601C, 7M0615601A, 7M0615601B, 7M0615601C, 7M0615601A, 7M0615601B, 7M0615601C; Jarrulevy<\/p>\n","protected":false},"excerpt":{"rendered":"<p>TEXTAR Jarrulevyt 92074303 Jarrulevy VW,SEAT,FORD,SHARAN 7M8, 7M9, 7M6,ALHAMBRA 7V8, 7V9,GALAXY WGR<\/p>\n","protected":false},"featured_media":0,"template":"","meta":{"site-sidebar-layout":"default","site-content-layout":"default","ast-global-header-display":"","ast-main-header-display":"","ast-hfb-above-header-display":"","ast-hfb-below-header-display":"","ast-hfb-mobile-header-display":"","site-post-title":"","ast-breadcrumbs-content":"","ast-featured-img":"","footer-sml-layout":"","theme-transparent-header-meta":"","adv-header-id-meta":"","stick-header-meta":"","header-above-stick-meta":"","header-main-stick-meta":"","header-below-stick-meta":""},"pwb-brand":[288],"product_cat":[66],"product_tag":[],"class_list":{"0":"post-86367","1":"product","2":"type-product","3":"status-publish","5":"pwb-brand-textar","6":"product_cat-jarrulevyt","7":"desktop-align-left","8":"tablet-align-left","9":"mobile-align-left","11":"first","12":"instock","13":"product-type-external"},"brands":[{"id":288,"name":"TEXTAR","slug":"textar"}],"_links":{"self":[{"href":"https:\/\/www.autonvaraosahaku.fi\/index.php?rest_route=\/wp\/v2\/product\/86367","targetHints":{"allow":["GET"]}}],"collection":[{"href":"https:\/\/www.autonvaraosahaku.fi\/index.php?rest_route=\/wp\/v2\/product"}],"about":[{"href":"https:\/\/www.autonvaraosahaku.fi\/index.php?rest_route=\/wp\/v2\/types\/product"}],"wp:attachment":[{"href":"https:\/\/www.autonvaraosahaku.fi\/index.php?rest_route=%2Fwp%2Fv2%2Fmedia&parent=86367"}],"wp:term":[{"taxonomy":"pwb-brand","embeddable":true,"href":"https:\/\/www.autonvaraosahaku.fi\/index.php?rest_route=%2Fwp%2Fv2%2Fpwb-brand&post=86367"},{"taxonomy":"product_cat","embeddable":true,"href":"https:\/\/www.autonvaraosahaku.fi\/index.php?rest_route=%2Fwp%2Fv2%2Fproduct_cat&post=86367"},{"taxonomy":"product_tag","embeddable":true,"href":"https:\/\/www.autonvaraosahaku.fi\/index.php?rest_route=%2Fwp%2Fv2%2Fproduct_tag&post=86367"}],"curies":[{"name":"wp","href":"https:\/\/api.w.org\/{rel}","templated":true}]}}