{"id":86372,"date":"2021-02-21T20:48:15","date_gmt":"2021-02-21T20:48:15","guid":{"rendered":"https:\/\/www.autonvaraosahaku.fi\/?product=luk-623-3540-00-kytkinpaketti"},"modified":"2021-02-21T20:48:16","modified_gmt":"2021-02-21T20:48:16","slug":"luk-623-3540-00-kytkinpaketti","status":"publish","type":"product","link":"https:\/\/www.autonvaraosahaku.fi\/?product=luk-623-3540-00-kytkinpaketti","title":{"rendered":"LuK 623 3540 00 Kytkinpaketti"},"content":{"rendered":"<p>L\u00e4pimitta [mm]: 230; Korvaava tuote\/korvaava tiedote 2: irroitinlaakerilla, Kytkinlevyll\u00e4, irroitinlaakerilla, Tarkasta 2-massavauhtipy\u00f6r\u00e4 ja uusi tarvitaessa.; Moottorimalli: Moottoreihin, joissa kaksoismassa vauhtipy\u00f6r\u00e4; Tuotelinja: BR 0222; Vaihteistomalli: Halbautomatik; OPEL: COMBO Kasten\/Kombi X12,COMBO Tour X12; ALFA ROMEO: 147 937; FIAT: PUNTO 188,STILO 192,DOBLO Cargo 223,STILO Multi Wagon 192,DOBLO 119,DOBLO Kasten\/Kombi 263,STRADA Pick-up 178E,MULTIPLA 186,DOBLO Gro\u00dfraumlimousine 152, 263,PUNTO Van 188AX,BRAVO I 182,BRAVA 182,MAREA Weekend 185,PALIO Weekend 178DX,DOBLO Pritsche\/Fahrgestell 263,MAREA 185; VAUXHALL: COMBO Mk III D Kasten\/Kombi; 4190622, 4305128, 4409361, 4409362, 46821336, 5888360, 5890368, 5967728, 60800551, 60801995, 60805112, 60811561, 60815187, 60816969, 7588805, 7681283, 7799778, 4190622, 4305128, 4409361, 4409362, 46539189, 46821336, 55190108, 55204447, 55218037, 55235497, 55236496, 55240771, 55240772, 5888360, 5890368, 5933505, 5967728, 60800551, 60805112, 60811561, 71716116, 71716148, 71716690, 71716691, 71718067, 71718068, 71718910, 71718912, 71722726, 71728812, 71729190, 71729191, 71734761, 71734800, 71734802, 71735500, 71747809, 71782135, 71782136, 71782137, 71782138, 71782169, 71782171, 71784227, 73503442, 7588805, 7681283, 7799778, 55240771, 668001, 95511854, 55240771, 668001, 95511854; Kytkinsarja<\/p>\n","protected":false},"excerpt":{"rendered":"<p>LuK Kytkinpaketti 623 3540 00 Kytkinsarja OPEL,ALFA ROMEO,FIAT,COMBO Kasten\/Kombi X12,COMBO Tour X12,147 937,PUNTO 188,STILO 192,DOBLO Cargo 223<\/p>\n","protected":false},"featured_media":0,"template":"","meta":{"site-sidebar-layout":"default","site-content-layout":"default","ast-global-header-display":"","ast-main-header-display":"","ast-hfb-above-header-display":"","ast-hfb-below-header-display":"","ast-hfb-mobile-header-display":"","site-post-title":"","ast-breadcrumbs-content":"","ast-featured-img":"","footer-sml-layout":"","theme-transparent-header-meta":"","adv-header-id-meta":"","stick-header-meta":"","header-above-stick-meta":"","header-main-stick-meta":"","header-below-stick-meta":""},"pwb-brand":[20],"product_cat":[21],"product_tag":[],"class_list":{"0":"post-86372","1":"product","2":"type-product","3":"status-publish","5":"pwb-brand-luk","6":"product_cat-kytkinpaketti","7":"desktop-align-left","8":"tablet-align-left","9":"mobile-align-left","11":"first","12":"instock","13":"product-type-external"},"brands":[{"id":20,"name":"LuK","slug":"luk"}],"_links":{"self":[{"href":"https:\/\/www.autonvaraosahaku.fi\/index.php?rest_route=\/wp\/v2\/product\/86372","targetHints":{"allow":["GET"]}}],"collection":[{"href":"https:\/\/www.autonvaraosahaku.fi\/index.php?rest_route=\/wp\/v2\/product"}],"about":[{"href":"https:\/\/www.autonvaraosahaku.fi\/index.php?rest_route=\/wp\/v2\/types\/product"}],"wp:attachment":[{"href":"https:\/\/www.autonvaraosahaku.fi\/index.php?rest_route=%2Fwp%2Fv2%2Fmedia&parent=86372"}],"wp:term":[{"taxonomy":"pwb-brand","embeddable":true,"href":"https:\/\/www.autonvaraosahaku.fi\/index.php?rest_route=%2Fwp%2Fv2%2Fpwb-brand&post=86372"},{"taxonomy":"product_cat","embeddable":true,"href":"https:\/\/www.autonvaraosahaku.fi\/index.php?rest_route=%2Fwp%2Fv2%2Fproduct_cat&post=86372"},{"taxonomy":"product_tag","embeddable":true,"href":"https:\/\/www.autonvaraosahaku.fi\/index.php?rest_route=%2Fwp%2Fv2%2Fproduct_tag&post=86372"}],"curies":[{"name":"wp","href":"https:\/\/api.w.org\/{rel}","templated":true}]}}