{"id":86384,"date":"2021-02-21T20:48:15","date_gmt":"2021-02-21T20:48:15","guid":{"rendered":"https:\/\/www.autonvaraosahaku.fi\/?product=prasco-da3227123-sivupeilit"},"modified":"2021-02-21T20:48:19","modified_gmt":"2021-02-21T20:48:19","slug":"prasco-da3227123-sivupeilit","status":"publish","type":"product","link":"https:\/\/www.autonvaraosahaku.fi\/?product=prasco-da3227123-sivupeilit","title":{"rendered":"PRASCO DA3227123 Sivupeilit"},"content":{"rendered":"<p>Asennuspuoli: Oikea; Pinta: Pohjustettu; Paino [kg]: 1; Ulko-\/sis\u00e4peili: L\u00e4mmitett\u00e4v\u00e4, Sis\u00e4s\u00e4\u00e4t\u00f6; K\u00e4ytt\u00f6: Mekaaninen; Valmistusvuosi alkaen: 10\/2008; DACIA: SANDERO,LOGAN MCV KS_,LOGAN LS_; Ulkopeilit,Ulkopeili<\/p>\n","protected":false},"excerpt":{"rendered":"<p>PRASCO Sivupeilit DA3227123 Ulkopeilit,Ulkopeili DACIA,SANDERO,LOGAN MCV KS_,LOGAN LS_<\/p>\n","protected":false},"featured_media":0,"template":"","meta":{"site-sidebar-layout":"default","site-content-layout":"default","ast-global-header-display":"","ast-main-header-display":"","ast-hfb-above-header-display":"","ast-hfb-below-header-display":"","ast-hfb-mobile-header-display":"","site-post-title":"","ast-breadcrumbs-content":"","ast-featured-img":"","footer-sml-layout":"","theme-transparent-header-meta":"","adv-header-id-meta":"","stick-header-meta":"","header-above-stick-meta":"","header-main-stick-meta":"","header-below-stick-meta":""},"pwb-brand":[406],"product_cat":[220],"product_tag":[],"class_list":{"0":"post-86384","1":"product","2":"type-product","3":"status-publish","5":"pwb-brand-prasco","6":"product_cat-sivupeilit","7":"desktop-align-left","8":"tablet-align-left","9":"mobile-align-left","11":"first","12":"instock","13":"product-type-external"},"brands":[{"id":406,"name":"PRASCO","slug":"prasco"}],"_links":{"self":[{"href":"https:\/\/www.autonvaraosahaku.fi\/index.php?rest_route=\/wp\/v2\/product\/86384","targetHints":{"allow":["GET"]}}],"collection":[{"href":"https:\/\/www.autonvaraosahaku.fi\/index.php?rest_route=\/wp\/v2\/product"}],"about":[{"href":"https:\/\/www.autonvaraosahaku.fi\/index.php?rest_route=\/wp\/v2\/types\/product"}],"wp:attachment":[{"href":"https:\/\/www.autonvaraosahaku.fi\/index.php?rest_route=%2Fwp%2Fv2%2Fmedia&parent=86384"}],"wp:term":[{"taxonomy":"pwb-brand","embeddable":true,"href":"https:\/\/www.autonvaraosahaku.fi\/index.php?rest_route=%2Fwp%2Fv2%2Fpwb-brand&post=86384"},{"taxonomy":"product_cat","embeddable":true,"href":"https:\/\/www.autonvaraosahaku.fi\/index.php?rest_route=%2Fwp%2Fv2%2Fproduct_cat&post=86384"},{"taxonomy":"product_tag","embeddable":true,"href":"https:\/\/www.autonvaraosahaku.fi\/index.php?rest_route=%2Fwp%2Fv2%2Fproduct_tag&post=86384"}],"curies":[{"name":"wp","href":"https:\/\/api.w.org\/{rel}","templated":true}]}}