{"id":86387,"date":"2021-02-21T20:48:15","date_gmt":"2021-02-21T20:48:15","guid":{"rendered":"https:\/\/www.autonvaraosahaku.fi\/?product=monroe-g16203-iskunvaimennin"},"modified":"2021-02-21T20:48:20","modified_gmt":"2021-02-21T20:48:20","slug":"monroe-g16203-iskunvaimennin","status":"publish","type":"product","link":"https:\/\/www.autonvaraosahaku.fi\/?product=monroe-g16203-iskunvaimennin","title":{"rendered":"MONROE G16203 Iskunvaimennin"},"content":{"rendered":"<p>Iskunvaimennin tyyppi: Kaasupaine; Iskunvaimennin malli: Joustintuki; Iskunvaimennusj\u00e4rjestelm\u00e4: Kaksiputki; Paino [kg]: 3,300; Reik\u00e4-\u00d8 [mm]: 30; Pakkauspituus [cm]: 51,5; Pakkausleveys [cm]: 16,2; Pakkauskorkeus [mm]: 16,2; Tullitariffinumero: 87088035; Tappil\u00e4pimitta [mm]: 20; Asennuspuoli: Vorderachse; OPEL: CORSA B 73_, 78_, 79_,CORSA CLASSIC Stufenheck,TIGRA 95_,CORSA A CC 93_, 94_, 98_, 99_,COMBO 71_,CORSA A TR 91_, 92_, 96_, 97_,CORSA B Kasten 73_,CORSA A Kasten; VAUXHALL: CORSA Mk I B,COMBO Mk I B,TIGRA Mk I F07,NOVA,NOVA CC; 72081647, 90445212, 90445213, 22051307, 22051308, 22061693, 22061738, 22080909, 22080910, 22081647, 22118174, 22118285, 344131, 344132, 344143, 344166, 344194, 344195, 344196, 344209, 344210, 344211, 344223, 344224, 344225, 344233, 344234, 344235, 344255, 344256, 344276, 344277, 344279, 344280, 344289, 344290, 344308, 344315, 344316, 344317, 344322, 344562, 72061511, 72080909, 72117767, 72117770, 72117776, 72118174, 72118285, 72118286, 72118795, 72119025, 72119026, 72119027, 72119035, 72119077, 90009929, 90166395, 90166421, 90223020, 90297253, 90421630, 90421632, 90421633, 90445211, 90445212, 90445213, 90445376, 90445377, 90445378, 90445379, 90496081, 90496082, 344131, 344132, 344143, 344166, 344194, 344195, 344196, 344209, 344210, 344211, 72061511, 72080909, 72081647, 72117767, 72118174, 72118286, 72119025, 72119026, 72119027, 72119035, 72119077, 90009929, 90166395, 90166421, 90297253, 90445212, 90445213, 90445376, 90445377, 90445378, 90496082; Iskarit,Iskunvaimennin<\/p>\n","protected":false},"excerpt":{"rendered":"<p>MONROE Iskunvaimentimet MONROE ORIGINAL (Gas Technology) G16203 Iskarit,Iskunvaimennin OPEL,VAUXHALL,CORSA B 73_, 78_, 79_,CORSA CLASSIC Stufenheck<\/p>\n","protected":false},"featured_media":0,"template":"","meta":{"site-sidebar-layout":"default","site-content-layout":"default","ast-global-header-display":"","ast-main-header-display":"","ast-hfb-above-header-display":"","ast-hfb-below-header-display":"","ast-hfb-mobile-header-display":"","site-post-title":"","ast-breadcrumbs-content":"","ast-featured-img":"","footer-sml-layout":"","theme-transparent-header-meta":"","adv-header-id-meta":"","stick-header-meta":"","header-above-stick-meta":"","header-main-stick-meta":"","header-below-stick-meta":""},"pwb-brand":[79],"product_cat":[80],"product_tag":[],"class_list":{"0":"post-86387","1":"product","2":"type-product","3":"status-publish","5":"pwb-brand-monroe","6":"product_cat-iskunvaimennin","7":"desktop-align-left","8":"tablet-align-left","9":"mobile-align-left","11":"first","12":"instock","13":"product-type-external"},"brands":[{"id":79,"name":"MONROE","slug":"monroe"}],"_links":{"self":[{"href":"https:\/\/www.autonvaraosahaku.fi\/index.php?rest_route=\/wp\/v2\/product\/86387","targetHints":{"allow":["GET"]}}],"collection":[{"href":"https:\/\/www.autonvaraosahaku.fi\/index.php?rest_route=\/wp\/v2\/product"}],"about":[{"href":"https:\/\/www.autonvaraosahaku.fi\/index.php?rest_route=\/wp\/v2\/types\/product"}],"wp:attachment":[{"href":"https:\/\/www.autonvaraosahaku.fi\/index.php?rest_route=%2Fwp%2Fv2%2Fmedia&parent=86387"}],"wp:term":[{"taxonomy":"pwb-brand","embeddable":true,"href":"https:\/\/www.autonvaraosahaku.fi\/index.php?rest_route=%2Fwp%2Fv2%2Fpwb-brand&post=86387"},{"taxonomy":"product_cat","embeddable":true,"href":"https:\/\/www.autonvaraosahaku.fi\/index.php?rest_route=%2Fwp%2Fv2%2Fproduct_cat&post=86387"},{"taxonomy":"product_tag","embeddable":true,"href":"https:\/\/www.autonvaraosahaku.fi\/index.php?rest_route=%2Fwp%2Fv2%2Fproduct_tag&post=86387"}],"curies":[{"name":"wp","href":"https:\/\/api.w.org\/{rel}","templated":true}]}}