{"id":86389,"date":"2021-02-21T20:48:15","date_gmt":"2021-02-21T20:48:15","guid":{"rendered":"https:\/\/www.autonvaraosahaku.fi\/?product=hella-8ea-011-611-051-starttimoottori"},"modified":"2021-02-21T20:48:21","modified_gmt":"2021-02-21T20:48:21","slug":"hella-8ea-011-611-051-starttimoottori","status":"publish","type":"product","link":"https:\/\/www.autonvaraosahaku.fi\/?product=hella-8ea-011-611-051-starttimoottori","title":{"rendered":"HELLA 8EA 011 611-051 Starttimoottori"},"content":{"rendered":"<p>Pantiton uusi osa: ; J\u00e4nnite (V): 12; K\u00e4ynnistinmoottori teho (kW): 2; Hammasluku: 10; Hammaspy\u00f6r\u00e4n perusasento [mm]: 52; Py\u00f6rimissuunta: Py\u00f6rimissuunta vastap\u00e4iv\u00e4\u00e4n; Laippa \u00d8(mm): 76, 76; Kiinnitysreikien lukum\u00e4\u00e4r\u00e4: 3; Rungonpalautus vapaaehtoinen: ; Valmistusvuosi alkaen: 12\/1994; VW: TRANSPORTER IV Bus 70XB, 70XC, 7DB, 7DW,TRANSPORTER IV Kasten 70XA,TRANSPORTER IV Pritsche\/Fahrgestell 70XD; 02B911023D, 02B911023DX, 02B911023J, 02B911023L, 02B911023M, 02B911023N; Startti,K\u00e4ynnistinmoottori<\/p>\n","protected":false},"excerpt":{"rendered":"<p>HELLA Starttimoottori 8EA 011 611-051 Startti,K\u00e4ynnistinmoottori VW,TRANSPORTER IV Bus 70XB, 70XC, 7DB, 7DW,TRANSPORTER IV Kasten 70XA<\/p>\n","protected":false},"featured_media":0,"template":"","meta":{"site-sidebar-layout":"default","site-content-layout":"default","ast-global-header-display":"","ast-main-header-display":"","ast-hfb-above-header-display":"","ast-hfb-below-header-display":"","ast-hfb-mobile-header-display":"","site-post-title":"","ast-breadcrumbs-content":"","ast-featured-img":"","footer-sml-layout":"","theme-transparent-header-meta":"","adv-header-id-meta":"","stick-header-meta":"","header-above-stick-meta":"","header-main-stick-meta":"","header-below-stick-meta":""},"pwb-brand":[24],"product_cat":[295],"product_tag":[],"class_list":{"0":"post-86389","1":"product","2":"type-product","3":"status-publish","5":"pwb-brand-hella","6":"product_cat-starttimoottori","7":"desktop-align-left","8":"tablet-align-left","9":"mobile-align-left","11":"first","12":"instock","13":"product-type-external"},"brands":[{"id":24,"name":"HELLA","slug":"hella"}],"_links":{"self":[{"href":"https:\/\/www.autonvaraosahaku.fi\/index.php?rest_route=\/wp\/v2\/product\/86389","targetHints":{"allow":["GET"]}}],"collection":[{"href":"https:\/\/www.autonvaraosahaku.fi\/index.php?rest_route=\/wp\/v2\/product"}],"about":[{"href":"https:\/\/www.autonvaraosahaku.fi\/index.php?rest_route=\/wp\/v2\/types\/product"}],"wp:attachment":[{"href":"https:\/\/www.autonvaraosahaku.fi\/index.php?rest_route=%2Fwp%2Fv2%2Fmedia&parent=86389"}],"wp:term":[{"taxonomy":"pwb-brand","embeddable":true,"href":"https:\/\/www.autonvaraosahaku.fi\/index.php?rest_route=%2Fwp%2Fv2%2Fpwb-brand&post=86389"},{"taxonomy":"product_cat","embeddable":true,"href":"https:\/\/www.autonvaraosahaku.fi\/index.php?rest_route=%2Fwp%2Fv2%2Fproduct_cat&post=86389"},{"taxonomy":"product_tag","embeddable":true,"href":"https:\/\/www.autonvaraosahaku.fi\/index.php?rest_route=%2Fwp%2Fv2%2Fproduct_tag&post=86389"}],"curies":[{"name":"wp","href":"https:\/\/api.w.org\/{rel}","templated":true}]}}