{"id":8639,"date":"2021-02-21T14:03:38","date_gmt":"2021-02-21T14:03:38","guid":{"rendered":"https:\/\/www.autonvaraosahaku.fi\/?product=cs-germany-14-774-495-jouset"},"modified":"2021-02-21T14:03:38","modified_gmt":"2021-02-21T14:03:38","slug":"cs-germany-14-774-495-jouset","status":"publish","type":"product","link":"https:\/\/www.autonvaraosahaku.fi\/?product=cs-germany-14-774-495-jouset","title":{"rendered":"CS Germany 14.774.495 Jouset"},"content":{"rendered":"<p>Jousimalli: Kierrejousi kiinte\u00e4ll\u00e4 lankal\u00e4pimitalla; Asennuspuoli: Taka-akseli; Vaihdettava pareittain: ; Alustarakenne: f\u00fcr Fahrzeuge ohne Sportfahrwerk; OPEL: INSIGNIA Caravan; SAAB: 9-5 YS3G; VAUXHALL: INSIGNIA Mk I A Estate; 13276204, 424140, 424141, 424142, 424184, 13310869, 13312083, 13312084, 20944505, 13276204, 424140, 424141, 424142, 424184; Kierrejousi<\/p>\n","protected":false},"excerpt":{"rendered":"<p>CS Germany Jousi 14.774.495 Kierrejousi OPEL,SAAB,VAUXHALL,INSIGNIA Caravan,9-5 YS3G,INSIGNIA Mk I A Estate<\/p>\n","protected":false},"featured_media":0,"template":"","meta":{"site-sidebar-layout":"default","site-content-layout":"default","ast-global-header-display":"","ast-main-header-display":"","ast-hfb-above-header-display":"","ast-hfb-below-header-display":"","ast-hfb-mobile-header-display":"","site-post-title":"","ast-breadcrumbs-content":"","ast-featured-img":"","footer-sml-layout":"","theme-transparent-header-meta":"","adv-header-id-meta":"","stick-header-meta":"","header-above-stick-meta":"","header-main-stick-meta":"","header-below-stick-meta":""},"pwb-brand":[178],"product_cat":[171],"product_tag":[],"class_list":{"0":"post-8639","1":"product","2":"type-product","3":"status-publish","5":"pwb-brand-cs-germany","6":"product_cat-jouset","7":"desktop-align-left","8":"tablet-align-left","9":"mobile-align-left","11":"first","12":"instock","13":"product-type-external"},"brands":[{"id":178,"name":"CS Germany","slug":"cs-germany"}],"_links":{"self":[{"href":"https:\/\/www.autonvaraosahaku.fi\/index.php?rest_route=\/wp\/v2\/product\/8639","targetHints":{"allow":["GET"]}}],"collection":[{"href":"https:\/\/www.autonvaraosahaku.fi\/index.php?rest_route=\/wp\/v2\/product"}],"about":[{"href":"https:\/\/www.autonvaraosahaku.fi\/index.php?rest_route=\/wp\/v2\/types\/product"}],"wp:attachment":[{"href":"https:\/\/www.autonvaraosahaku.fi\/index.php?rest_route=%2Fwp%2Fv2%2Fmedia&parent=8639"}],"wp:term":[{"taxonomy":"pwb-brand","embeddable":true,"href":"https:\/\/www.autonvaraosahaku.fi\/index.php?rest_route=%2Fwp%2Fv2%2Fpwb-brand&post=8639"},{"taxonomy":"product_cat","embeddable":true,"href":"https:\/\/www.autonvaraosahaku.fi\/index.php?rest_route=%2Fwp%2Fv2%2Fproduct_cat&post=8639"},{"taxonomy":"product_tag","embeddable":true,"href":"https:\/\/www.autonvaraosahaku.fi\/index.php?rest_route=%2Fwp%2Fv2%2Fproduct_tag&post=8639"}],"curies":[{"name":"wp","href":"https:\/\/api.w.org\/{rel}","templated":true}]}}