{"id":86416,"date":"2021-02-21T20:48:31","date_gmt":"2021-02-21T20:48:31","guid":{"rendered":"https:\/\/www.autonvaraosahaku.fi\/?product=vaico-v46-0617-taka-akselin-puslat"},"modified":"2021-02-21T20:48:33","modified_gmt":"2021-02-21T20:48:33","slug":"vaico-v46-0617-taka-akselin-puslat","status":"publish","type":"product","link":"https:\/\/www.autonvaraosahaku.fi\/?product=vaico-v46-0617-taka-akselin-puslat","title":{"rendered":"VAICO V46-0617 Taka-akselin puslat"},"content":{"rendered":"<p>Ulkol\u00e4pimitta [mm]: 70; Kiinnitysmalli: Kumimetallilaakeri; Korkeus (mm): 90; Sis\u00e4l\u00e4pimitta [mm]: 12; Asennuspuoli: Taka-akseli; Akselimittaus asennuksen j\u00e4lkeen: ; Paino [kg]: 0,314; Pakkausleveys [cm]: 8,3; Pakkauskorkeus [mm]: 9; Pakkaussyvyys [cm]: 14,8; lis\u00e4tieto: CST99; Moottorinumero: K9K; RENAULT: SC\u00c9NIC II JM0\/1_,MEGANE II Kombi KM0\/1_,MEGANE II Coup\u00e9-Cabriolet EM0\/1_,MEGANE II BM0\/1_, CM0\/1_,GRAND SC\u00c9NIC II JM0\/1_,MEGANE II Stufenheck LM0\/1_,MEGANE II Kasten\/Kombi KM_,MEGANE II Hatchback Van KM0\/2_; 7701479191, 8200038243; Apurungon Puslat,Akselinripustus<\/p>\n","protected":false},"excerpt":{"rendered":"<p>VAICO Taka-akselin Puslat V46-0617 Apurungon Puslat,Akselinripustus RENAULT,SC\u00c9NIC II JM0\/1_,MEGANE II Kombi KM0\/1_,MEGANE II Coup\u00e9-Cabriolet EM0\/1_<\/p>\n","protected":false},"featured_media":0,"template":"","meta":{"site-sidebar-layout":"default","site-content-layout":"default","ast-global-header-display":"","ast-main-header-display":"","ast-hfb-above-header-display":"","ast-hfb-below-header-display":"","ast-hfb-mobile-header-display":"","site-post-title":"","ast-breadcrumbs-content":"","ast-featured-img":"","footer-sml-layout":"","theme-transparent-header-meta":"","adv-header-id-meta":"","stick-header-meta":"","header-above-stick-meta":"","header-main-stick-meta":"","header-below-stick-meta":""},"pwb-brand":[330],"product_cat":[156],"product_tag":[],"class_list":{"0":"post-86416","1":"product","2":"type-product","3":"status-publish","5":"pwb-brand-vaico","6":"product_cat-taka-akselin-puslat","7":"desktop-align-left","8":"tablet-align-left","9":"mobile-align-left","11":"first","12":"instock","13":"product-type-external"},"brands":[{"id":330,"name":"VAICO","slug":"vaico"}],"_links":{"self":[{"href":"https:\/\/www.autonvaraosahaku.fi\/index.php?rest_route=\/wp\/v2\/product\/86416","targetHints":{"allow":["GET"]}}],"collection":[{"href":"https:\/\/www.autonvaraosahaku.fi\/index.php?rest_route=\/wp\/v2\/product"}],"about":[{"href":"https:\/\/www.autonvaraosahaku.fi\/index.php?rest_route=\/wp\/v2\/types\/product"}],"wp:attachment":[{"href":"https:\/\/www.autonvaraosahaku.fi\/index.php?rest_route=%2Fwp%2Fv2%2Fmedia&parent=86416"}],"wp:term":[{"taxonomy":"pwb-brand","embeddable":true,"href":"https:\/\/www.autonvaraosahaku.fi\/index.php?rest_route=%2Fwp%2Fv2%2Fpwb-brand&post=86416"},{"taxonomy":"product_cat","embeddable":true,"href":"https:\/\/www.autonvaraosahaku.fi\/index.php?rest_route=%2Fwp%2Fv2%2Fproduct_cat&post=86416"},{"taxonomy":"product_tag","embeddable":true,"href":"https:\/\/www.autonvaraosahaku.fi\/index.php?rest_route=%2Fwp%2Fv2%2Fproduct_tag&post=86416"}],"curies":[{"name":"wp","href":"https:\/\/api.w.org\/{rel}","templated":true}]}}