{"id":86430,"date":"2021-02-21T20:48:38","date_gmt":"2021-02-21T20:48:38","guid":{"rendered":"https:\/\/www.autonvaraosahaku.fi\/?product=monroe-23826-iskunvaimennin"},"modified":"2021-02-21T20:48:39","modified_gmt":"2021-02-21T20:48:39","slug":"monroe-23826-iskunvaimennin","status":"publish","type":"product","link":"https:\/\/www.autonvaraosahaku.fi\/?product=monroe-23826-iskunvaimennin","title":{"rendered":"MONROE 23826 Iskunvaimennin"},"content":{"rendered":"<p>Iskunvaimennin tyyppi: Kaasupaine; Iskunvaimennin malli: Vaimennin, jousituella; Iskunvaimennusj\u00e4rjestelm\u00e4: Kaksiputki; Iskunvaimennin asennustapa: Tappi ylh\u00e4\u00e4ll\u00e4, Haarukka alhaalla; Paino [kg]: 1,930; Reik\u00e4-\u00d8 [mm]: 25,4; suurin pituus [mm]: 500; v\u00e4h. pituus [mm]: 362; Pakkauspituus [cm]: 49,7; Pakkausleveys [cm]: 12; Pakkauskorkeus [mm]: 12,2; Tullitariffinumero: 87088035; Tappil\u00e4pimitta [mm]: 12,4; Asennuspuoli: Hinterachse; HONDA: CIVIC VI Hatchback EJ, EK,CIVIC VI Fastback MA, MB,CIVIC V Hatchback EG,CIVIC VI Stufenheck EJ, EK,CONCERTO HW,CONCERTO Stufenheck HWW; ROVER: CABRIOLET XW,200 Hatchback XW,200 Coupe XW,400 Tourer XW,400 XW; 52611S1EE01, 52611S1EE02, 52611SK3010, 52611ST3E01, 52611ST3E11, GSA6019, GSA6050, GSA972019, GSA972037, GSA972045, GSA972322, GSA972323, GSA973326, RPD10007, RPD10008, RPD10023, RPD10027; Iskarit,Iskunvaimennin<\/p>\n","protected":false},"excerpt":{"rendered":"<p>MONROE Iskunvaimentimet MONROE ORIGINAL (Gas Technology) 23826 Iskarit,Iskunvaimennin HONDA,ROVER,CIVIC VI Hatchback EJ, EK,CIVIC VI Fastback MA, MB<\/p>\n","protected":false},"featured_media":0,"template":"","meta":{"site-sidebar-layout":"default","site-content-layout":"default","ast-global-header-display":"","ast-main-header-display":"","ast-hfb-above-header-display":"","ast-hfb-below-header-display":"","ast-hfb-mobile-header-display":"","site-post-title":"","ast-breadcrumbs-content":"","ast-featured-img":"","footer-sml-layout":"","theme-transparent-header-meta":"","adv-header-id-meta":"","stick-header-meta":"","header-above-stick-meta":"","header-main-stick-meta":"","header-below-stick-meta":""},"pwb-brand":[79],"product_cat":[80],"product_tag":[],"class_list":{"0":"post-86430","1":"product","2":"type-product","3":"status-publish","5":"pwb-brand-monroe","6":"product_cat-iskunvaimennin","7":"desktop-align-left","8":"tablet-align-left","9":"mobile-align-left","11":"first","12":"instock","13":"product-type-external"},"brands":[{"id":79,"name":"MONROE","slug":"monroe"}],"_links":{"self":[{"href":"https:\/\/www.autonvaraosahaku.fi\/index.php?rest_route=\/wp\/v2\/product\/86430","targetHints":{"allow":["GET"]}}],"collection":[{"href":"https:\/\/www.autonvaraosahaku.fi\/index.php?rest_route=\/wp\/v2\/product"}],"about":[{"href":"https:\/\/www.autonvaraosahaku.fi\/index.php?rest_route=\/wp\/v2\/types\/product"}],"wp:attachment":[{"href":"https:\/\/www.autonvaraosahaku.fi\/index.php?rest_route=%2Fwp%2Fv2%2Fmedia&parent=86430"}],"wp:term":[{"taxonomy":"pwb-brand","embeddable":true,"href":"https:\/\/www.autonvaraosahaku.fi\/index.php?rest_route=%2Fwp%2Fv2%2Fpwb-brand&post=86430"},{"taxonomy":"product_cat","embeddable":true,"href":"https:\/\/www.autonvaraosahaku.fi\/index.php?rest_route=%2Fwp%2Fv2%2Fproduct_cat&post=86430"},{"taxonomy":"product_tag","embeddable":true,"href":"https:\/\/www.autonvaraosahaku.fi\/index.php?rest_route=%2Fwp%2Fv2%2Fproduct_tag&post=86430"}],"curies":[{"name":"wp","href":"https:\/\/api.w.org\/{rel}","templated":true}]}}