{"id":86433,"date":"2021-02-21T20:48:38","date_gmt":"2021-02-21T20:48:38","guid":{"rendered":"https:\/\/www.autonvaraosahaku.fi\/?product=monroe-16430-iskunvaimennin"},"modified":"2021-02-21T20:48:40","modified_gmt":"2021-02-21T20:48:40","slug":"monroe-16430-iskunvaimennin","status":"publish","type":"product","link":"https:\/\/www.autonvaraosahaku.fi\/?product=monroe-16430-iskunvaimennin","title":{"rendered":"MONROE 16430 Iskunvaimennin"},"content":{"rendered":"<p>Iskunvaimennin tyyppi: Kaasupaine; Iskunvaimennin malli: Joustintuki; Iskunvaimennusj\u00e4rjestelm\u00e4: Kaksiputki; Paino [kg]: 4,000; Reik\u00e4-\u00d8 [mm]: 32; suurin pituus [mm]: 479; v\u00e4h. pituus [mm]: 312; Pakkauspituus [cm]: 51,5; Pakkausleveys [cm]: 16,2; Pakkauskorkeus [mm]: 16,2; Tullitariffinumero: 87088035; Tappil\u00e4pimitta [mm]: 22; Asennuspuoli: Vorderachse; FORD: MONDEO III Kombi BWY,MONDEO III B5Y,MONDEO III Stufenheck B4Y; 11211987, 1121987, 1121988, 1121989, 1130116, 1130117, 1149522, 1149523, 1149524, 1204547, 1219705, 1219706, 1220107, 1220115, 1232134, 1305640, 1305642, 1305644, 1305646, 1305648, 1S7118045AB, 1S7118045AK, 1S7118045BB, 1S7118045BK, 1S7118045CA, 1S7118045CK, 1S7118K045AA, 1S7118K045AB, 1S7118K045AC, 1S7118K045AD, 1S7118K045AE, 1S7118K045BA, 1S7118K045BB, 1S7118K045BC, 1S7118K045BD, 1S7118K045BE, 1S7118K045CA, 1S7118K045CB, 1S7118K045CC, 1S7118K045CD, 1S7118K045CE, 1S7W18045BL, 2S7118K045BA, 2S7118K045BB, 2S7118K045BC, 3131149522, 3131149523, 3131149524, 3S7118K045AA, 3S7118K045AB; Iskarit,Iskunvaimennin<\/p>\n","protected":false},"excerpt":{"rendered":"<p>MONROE Iskunvaimentimet MONROE ORIGINAL (Gas Technology) 16430 Iskarit,Iskunvaimennin FORD,MONDEO III Kombi BWY,MONDEO III B5Y<\/p>\n","protected":false},"featured_media":0,"template":"","meta":{"site-sidebar-layout":"default","site-content-layout":"default","ast-global-header-display":"","ast-main-header-display":"","ast-hfb-above-header-display":"","ast-hfb-below-header-display":"","ast-hfb-mobile-header-display":"","site-post-title":"","ast-breadcrumbs-content":"","ast-featured-img":"","footer-sml-layout":"","theme-transparent-header-meta":"","adv-header-id-meta":"","stick-header-meta":"","header-above-stick-meta":"","header-main-stick-meta":"","header-below-stick-meta":""},"pwb-brand":[79],"product_cat":[80],"product_tag":[],"class_list":{"0":"post-86433","1":"product","2":"type-product","3":"status-publish","5":"pwb-brand-monroe","6":"product_cat-iskunvaimennin","7":"desktop-align-left","8":"tablet-align-left","9":"mobile-align-left","11":"first","12":"instock","13":"product-type-external"},"brands":[{"id":79,"name":"MONROE","slug":"monroe"}],"_links":{"self":[{"href":"https:\/\/www.autonvaraosahaku.fi\/index.php?rest_route=\/wp\/v2\/product\/86433","targetHints":{"allow":["GET"]}}],"collection":[{"href":"https:\/\/www.autonvaraosahaku.fi\/index.php?rest_route=\/wp\/v2\/product"}],"about":[{"href":"https:\/\/www.autonvaraosahaku.fi\/index.php?rest_route=\/wp\/v2\/types\/product"}],"wp:attachment":[{"href":"https:\/\/www.autonvaraosahaku.fi\/index.php?rest_route=%2Fwp%2Fv2%2Fmedia&parent=86433"}],"wp:term":[{"taxonomy":"pwb-brand","embeddable":true,"href":"https:\/\/www.autonvaraosahaku.fi\/index.php?rest_route=%2Fwp%2Fv2%2Fpwb-brand&post=86433"},{"taxonomy":"product_cat","embeddable":true,"href":"https:\/\/www.autonvaraosahaku.fi\/index.php?rest_route=%2Fwp%2Fv2%2Fproduct_cat&post=86433"},{"taxonomy":"product_tag","embeddable":true,"href":"https:\/\/www.autonvaraosahaku.fi\/index.php?rest_route=%2Fwp%2Fv2%2Fproduct_tag&post=86433"}],"curies":[{"name":"wp","href":"https:\/\/api.w.org\/{rel}","templated":true}]}}