{"id":86434,"date":"2021-02-21T20:48:38","date_gmt":"2021-02-21T20:48:38","guid":{"rendered":"https:\/\/www.autonvaraosahaku.fi\/?product=swag-55-93-9514-hehkutulppa"},"modified":"2021-02-21T20:48:40","modified_gmt":"2021-02-21T20:48:40","slug":"swag-55-93-9514-hehkutulppa","status":"publish","type":"product","link":"https:\/\/www.autonvaraosahaku.fi\/?product=swag-55-93-9514-hehkutulppa","title":{"rendered":"SWAG 55 93 9514 Hehkutulppa"},"content":{"rendered":"<p>Pituus (mm): 135; Ulkokierre [mm]: M8 x 1; Avainv\u00e4li: 8; J\u00e4nnite (V): 4,4; Paino [kg]: 0,03; Hehkutulppatyyppi: j\u00e4lkihehkutuksenkest\u00e4v\u00e4, j\u00e4lkihehkutuksenkest\u00e4v\u00e4; Moottorinumero: D5204T2; VOLVO: V70 II SW,V50 MW,XC60,XC90 I,S60 I,V70 III BW,C30,V60,S40 II MS,XC70 CROSS COUNTRY,XC70 II,S80 II AS,S60 II; 8653880<\/p>\n","protected":false},"excerpt":{"rendered":"<p>SWAG Hehkutulppa 55 93 9514  VOLVO,V70 II SW,V50 MW,XC60,XC90 I,S60 I,V70 III BW,C30,V60,S40 II MS,XC70 CROSS COUNTRY,XC70 II,S80 II AS,S60 II<\/p>\n","protected":false},"featured_media":0,"template":"","meta":{"site-sidebar-layout":"default","site-content-layout":"default","ast-global-header-display":"","ast-main-header-display":"","ast-hfb-above-header-display":"","ast-hfb-below-header-display":"","ast-hfb-mobile-header-display":"","site-post-title":"","ast-breadcrumbs-content":"","ast-featured-img":"","footer-sml-layout":"","theme-transparent-header-meta":"","adv-header-id-meta":"","stick-header-meta":"","header-above-stick-meta":"","header-main-stick-meta":"","header-below-stick-meta":""},"pwb-brand":[103],"product_cat":[52],"product_tag":[],"class_list":{"0":"post-86434","1":"product","2":"type-product","3":"status-publish","5":"pwb-brand-swag","6":"product_cat-hehkutulppa","7":"desktop-align-left","8":"tablet-align-left","9":"mobile-align-left","11":"first","12":"instock","13":"product-type-external"},"brands":[{"id":103,"name":"SWAG","slug":"swag"}],"_links":{"self":[{"href":"https:\/\/www.autonvaraosahaku.fi\/index.php?rest_route=\/wp\/v2\/product\/86434","targetHints":{"allow":["GET"]}}],"collection":[{"href":"https:\/\/www.autonvaraosahaku.fi\/index.php?rest_route=\/wp\/v2\/product"}],"about":[{"href":"https:\/\/www.autonvaraosahaku.fi\/index.php?rest_route=\/wp\/v2\/types\/product"}],"wp:attachment":[{"href":"https:\/\/www.autonvaraosahaku.fi\/index.php?rest_route=%2Fwp%2Fv2%2Fmedia&parent=86434"}],"wp:term":[{"taxonomy":"pwb-brand","embeddable":true,"href":"https:\/\/www.autonvaraosahaku.fi\/index.php?rest_route=%2Fwp%2Fv2%2Fpwb-brand&post=86434"},{"taxonomy":"product_cat","embeddable":true,"href":"https:\/\/www.autonvaraosahaku.fi\/index.php?rest_route=%2Fwp%2Fv2%2Fproduct_cat&post=86434"},{"taxonomy":"product_tag","embeddable":true,"href":"https:\/\/www.autonvaraosahaku.fi\/index.php?rest_route=%2Fwp%2Fv2%2Fproduct_tag&post=86434"}],"curies":[{"name":"wp","href":"https:\/\/api.w.org\/{rel}","templated":true}]}}