{"id":86435,"date":"2021-02-21T20:48:38","date_gmt":"2021-02-21T20:48:38","guid":{"rendered":"https:\/\/www.autonvaraosahaku.fi\/?product=calorstat-by-vernet-ws2598-jaahdytysnesteen-lampotila-anturi"},"modified":"2021-02-21T20:48:40","modified_gmt":"2021-02-21T20:48:40","slug":"calorstat-by-vernet-ws2598-jaahdytysnesteen-lampotila-anturi","status":"publish","type":"product","link":"https:\/\/www.autonvaraosahaku.fi\/?product=calorstat-by-vernet-ws2598-jaahdytysnesteen-lampotila-anturi","title":{"rendered":"CALORSTAT by Vernet WS2598 J\u00e4\u00e4hdytysnesteen l\u00e4mp\u00f6tila anturi"},"content":{"rendered":"<p>Kierremitta: M12x1.5; Moottorinumerolle: A17DTJ\/A17DTE\/A17DTC; CHEVROLET: CAPTIVA C100, C140,ORLANDO J309,CRUZE J300,CRUZE Station Wagon J308,CRUZE Schr\u00e4gheck J305,CAMARO GMX511,MALIBU V300; JEEP: GRAND CHEROKEE IV WK, WK2,WRANGLER III JK,CHEROKEE KJ,CHEROKEE KK; IVECO: DAILY IV Kasten\/Kombi,DAILY III Pritsche\/Fahrgestell,DAILY III Kasten\/Kombi,DAILY IV Pritsche\/Fahrgestell,DAILY V Kasten\/Kombi,DAILY V Pritsche\/Fahrgestell,MASSIF Station Wagon,DAILY IV Bus,DAILY IV Kipper,DAILY V Kipper,MASSIF Single Cab,MASSIF Pick-up,DAILY VI Kasten\/Kombi,DAILY III Bus,DAILY VI Pritsche\/Fahrgestell,DAILY VI Bus,DAILY TOURYS Bus,DAILY CITYS; HONDA: CR-V III RE,CR-V II RD_,ACCORD VII CL,FR-V BE,ACCORD VII Tourer CM; SAAB: 9-3 YS3F,9-5 Kombi YS3E,9-3 Kombi YS3F,9-3 YS3D,9-5 YS3E,9-3 Cabriolet YS3F,9-3 Cabriolet YS3D,9000 Schr\u00e4gheck,900 II Cabriolet,900 II,9000,900 II Coupe,9-5 YS3G,9-3X; SUZUKI: GRAND VITARA II JT; OPEL: CORSA D,CORSA C F08, F68,ZAFIRA B A05,ASTRA H Caravan L35,MERIVA,ZAFIRA A F75_,ASTRA G CC F48_, F08_,ASTRA H L48,ASTRA J Sports Tourer,ASTRA G Caravan F35_,CORSA B 73_, 78_, 79_,INSIGNIA Caravan,VECTRA C Caravan,ASTRA J,ASTRA H GTC L08,MERIVA B,SIGNUM,VECTRA C,AGILA A H00,ZAFIRA TOURER C P12,VECTRA B 36_,OMEGA B Caravan 21_, 22_, 23_,MOKKA,OMEGA B 25_, 26_, 27_,VECTRA C GTS,ANTARA,TIGRA TwinTop,VECTRA B Caravan 31_,ASTRA H TwinTop L67,INSIGNIA,ASTRA G Cabriolet F67,INSIGNIA Stufenheck,FRONTERA B 6B_,ASTRA G Coupe F07_,COMBO Kasten\/Kombi,ASTRA G Stufenheck F69_,ZAFIRA B Van,ASTRA GTC J,VECTRA B CC 38_,COMBO Tour,ASTRA J Stufenheck,SINTRA,CORSA D Van,TIGRA 95_,CASCADA W13,CORSA C Kasten F08, W5L,ASTRA H Stufenheck L69,COMBO 71_,ASTRA H Kasten L70,SPEEDSTER,CORSA B Kasten 73_,ASTRA G Kasten F70,CORSA B Kombi F35,INSIGNIA A Country Tourer G09,ASTRA G CLASSIC Caravan F35,ASTRA CLASSIC Caravan,ASTRA G CLASSIC T98,ASTRA CLASSIC L48,ASTRA CLASSIC Stufenheck,A; CHRYSLER: VOYAGER IV RG, RS,GRAND VOYAGER V RT,300 C; LANCIA: VOYAGER Gro\u00dfraumlimousine RT,LYBRA SW 839BX,KAPPA 838A,THEMA LX,LYBRA 839AX,KAPPA SW 838B; FIAT: DUCATO Kasten 250,DUCATO Pritsche\/Fahrgestell 250,DUCATO Pritsche\/Fahrgestell 230,DUCATO Bus 250,DUCATO Bus 230,DUCATO Kasten 244,DUCATO Pritsche\/Fahrgestell 244,DUCATO Kasten 230L,DUCATO Bus 244, Z_,MULTIPLA 186,BRAVO I 182,MAREA Weekend 185,MAREA 185; 46469865, 46472179, 55187822, 60814715, 71741090, 3Z0963535, 12628120, 93342219, 5066779AA, 12628120, 37870PLZD00, 37870RBDE01, 5066779AA, 180137, 1338179, 1338357, 1338418, 1338467, 1338511, 1342567, 4801922, 4818227, 6235605, 6238179, 6238266, 6238422, 6238935, 6240843, 6338486, 5001848546, 7485137860, 12566778, 12639899, 15393755, 24436779, 4660585, 4772208, 4772307, 4773586, 5341391, 55566146, 5959283, 90541937, 90570185, 9177213, 9198691, 9542861, 9543406, 1365078J00, 1365078J00000, 12566778, 12639899, 15393755, 25183414, 55566146, 55599958, 90541520, 90541937, 90542063, 91298691, 9193163, 9198691, 93174208, 96868950, 97227219; J\u00e4\u00e4hdytysnestel\u00e4mp\u00f6tilan Sensori<\/p>\n","protected":false},"excerpt":{"rendered":"<p>CALORSTAT by Vernet J\u00e4\u00e4hdytysnesteen L\u00e4mp\u00f6tila Anturi WS2598 J\u00e4\u00e4hdytysnestel\u00e4mp\u00f6tilan Sensori CHEVROLET,JEEP,IVECO,CAPTIVA C100, C140,ORLANDO J309<\/p>\n","protected":false},"featured_media":0,"template":"","meta":{"site-sidebar-layout":"default","site-content-layout":"default","ast-global-header-display":"","ast-main-header-display":"","ast-hfb-above-header-display":"","ast-hfb-below-header-display":"","ast-hfb-mobile-header-display":"","site-post-title":"","ast-breadcrumbs-content":"","ast-featured-img":"","footer-sml-layout":"","theme-transparent-header-meta":"","adv-header-id-meta":"","stick-header-meta":"","header-above-stick-meta":"","header-main-stick-meta":"","header-below-stick-meta":""},"pwb-brand":[343],"product_cat":[200],"product_tag":[],"class_list":{"0":"post-86435","1":"product","2":"type-product","3":"status-publish","5":"pwb-brand-calorstat-by-vernet","6":"product_cat-jaahdytysnesteen-lampotila-anturi","7":"desktop-align-left","8":"tablet-align-left","9":"mobile-align-left","11":"first","12":"instock","13":"product-type-external"},"brands":[{"id":343,"name":"CALORSTAT by Vernet","slug":"calorstat-by-vernet"}],"_links":{"self":[{"href":"https:\/\/www.autonvaraosahaku.fi\/index.php?rest_route=\/wp\/v2\/product\/86435","targetHints":{"allow":["GET"]}}],"collection":[{"href":"https:\/\/www.autonvaraosahaku.fi\/index.php?rest_route=\/wp\/v2\/product"}],"about":[{"href":"https:\/\/www.autonvaraosahaku.fi\/index.php?rest_route=\/wp\/v2\/types\/product"}],"wp:attachment":[{"href":"https:\/\/www.autonvaraosahaku.fi\/index.php?rest_route=%2Fwp%2Fv2%2Fmedia&parent=86435"}],"wp:term":[{"taxonomy":"pwb-brand","embeddable":true,"href":"https:\/\/www.autonvaraosahaku.fi\/index.php?rest_route=%2Fwp%2Fv2%2Fpwb-brand&post=86435"},{"taxonomy":"product_cat","embeddable":true,"href":"https:\/\/www.autonvaraosahaku.fi\/index.php?rest_route=%2Fwp%2Fv2%2Fproduct_cat&post=86435"},{"taxonomy":"product_tag","embeddable":true,"href":"https:\/\/www.autonvaraosahaku.fi\/index.php?rest_route=%2Fwp%2Fv2%2Fproduct_tag&post=86435"}],"curies":[{"name":"wp","href":"https:\/\/api.w.org\/{rel}","templated":true}]}}