{"id":86448,"date":"2021-02-21T20:48:38","date_gmt":"2021-02-21T20:48:38","guid":{"rendered":"https:\/\/www.autonvaraosahaku.fi\/?product=monroe-d8004-iskunvaimennin"},"modified":"2021-02-21T20:48:45","modified_gmt":"2021-02-21T20:48:45","slug":"monroe-d8004-iskunvaimennin","status":"publish","type":"product","link":"https:\/\/www.autonvaraosahaku.fi\/?product=monroe-d8004-iskunvaimennin","title":{"rendered":"MONROE D8004 Iskunvaimennin"},"content":{"rendered":"<p>Iskunvaimennin tyyppi: Kaasupaine; Iskunvaimennusj\u00e4rjestelm\u00e4: Kaksiputki; Iskunvaimennin asennustapa: Silmukka ylh\u00e4\u00e4ll\u00e4, Silmukka alhaalla; Paino [kg]: 2,300; Reik\u00e4-\u00d8 [mm]: 35; suurin pituus [mm]: 557; v\u00e4h. pituus [mm]: 342; Pakkauspituus [cm]: 61,3; Pakkausleveys [cm]: 13,8; Pakkauskorkeus [mm]: 6,5; Tullitariffinumero: 87088035; Tappil\u00e4pimitta [mm]: 15,8; Asennuspuoli: Hinterachse; VW: TARO; TOYOTA: LAND CRUISER _J4_,LAND CRUISER _J6_,HILUX V Pick-up LN_, KZN1_, VZN1_,HILUX IV Pick-up _N5_, _N6_,HILUX II Pritsche\/Fahrgestell LN6_, LN5_, YN6_, YN5_, VZN1_,LAND CRUISER Pick-up _J4_; NISSAN: PICK UP 720; ISUZU: TROOPER UBS,TROOPER Soft Top UBS,CAMPO KB; 4853139925, 4853180117, 8941245480, 8941245490, 8942232931, 8942354730, 94124548, 94124549, 94223164, 94223293, 94235473, S08399281, MB110517, MB339482, 4853135600, 4853135810, 4853139925, 4853160081, 4853160090, 4853169065, 4853169075, 4853180117, J4853139925; Iskarit,Iskunvaimennin<\/p>\n","protected":false},"excerpt":{"rendered":"<p>MONROE Iskunvaimentimet MONROE ADVENTURE D8004 Iskarit,Iskunvaimennin VW,TOYOTA,NISSAN,TARO,LAND CRUISER _J4_,LAND CRUISER _J6_<\/p>\n","protected":false},"featured_media":0,"template":"","meta":{"site-sidebar-layout":"default","site-content-layout":"default","ast-global-header-display":"","ast-main-header-display":"","ast-hfb-above-header-display":"","ast-hfb-below-header-display":"","ast-hfb-mobile-header-display":"","site-post-title":"","ast-breadcrumbs-content":"","ast-featured-img":"","footer-sml-layout":"","theme-transparent-header-meta":"","adv-header-id-meta":"","stick-header-meta":"","header-above-stick-meta":"","header-main-stick-meta":"","header-below-stick-meta":""},"pwb-brand":[79],"product_cat":[80],"product_tag":[],"class_list":{"0":"post-86448","1":"product","2":"type-product","3":"status-publish","5":"pwb-brand-monroe","6":"product_cat-iskunvaimennin","7":"desktop-align-left","8":"tablet-align-left","9":"mobile-align-left","11":"first","12":"instock","13":"product-type-external"},"brands":[{"id":79,"name":"MONROE","slug":"monroe"}],"_links":{"self":[{"href":"https:\/\/www.autonvaraosahaku.fi\/index.php?rest_route=\/wp\/v2\/product\/86448","targetHints":{"allow":["GET"]}}],"collection":[{"href":"https:\/\/www.autonvaraosahaku.fi\/index.php?rest_route=\/wp\/v2\/product"}],"about":[{"href":"https:\/\/www.autonvaraosahaku.fi\/index.php?rest_route=\/wp\/v2\/types\/product"}],"wp:attachment":[{"href":"https:\/\/www.autonvaraosahaku.fi\/index.php?rest_route=%2Fwp%2Fv2%2Fmedia&parent=86448"}],"wp:term":[{"taxonomy":"pwb-brand","embeddable":true,"href":"https:\/\/www.autonvaraosahaku.fi\/index.php?rest_route=%2Fwp%2Fv2%2Fpwb-brand&post=86448"},{"taxonomy":"product_cat","embeddable":true,"href":"https:\/\/www.autonvaraosahaku.fi\/index.php?rest_route=%2Fwp%2Fv2%2Fproduct_cat&post=86448"},{"taxonomy":"product_tag","embeddable":true,"href":"https:\/\/www.autonvaraosahaku.fi\/index.php?rest_route=%2Fwp%2Fv2%2Fproduct_tag&post=86448"}],"curies":[{"name":"wp","href":"https:\/\/api.w.org\/{rel}","templated":true}]}}