{"id":86458,"date":"2021-02-21T20:48:46","date_gmt":"2021-02-21T20:48:46","guid":{"rendered":"https:\/\/www.autonvaraosahaku.fi\/?product=fte-rx389841a0-jarrusatula"},"modified":"2021-02-21T20:48:49","modified_gmt":"2021-02-21T20:48:49","slug":"fte-rx389841a0-jarrusatula","status":"publish","type":"product","link":"https:\/\/www.autonvaraosahaku.fi\/?product=fte-rx389841a0-jarrusatula","title":{"rendered":"FTE RX389841A0 Jarrusatula"},"content":{"rendered":"<p>M\u00e4nn\u00e4n halkaisija mm: 38; Jarrusatulatyyppi: Jarrusatula, sis. rak. jarrusatulalla; Lis\u00e4tarvike\/lis\u00e4tieto: Ilman pidikett\u00e4; Vaihto-osa: ; Materiaali: Valurauta; Jarrusatulan v\u00e4ri: ter\u00e4ksenharmaa; Jarruj\u00e4rjestelm\u00e4: TRW; parilliset tuotenumerot: RX389842A0; Valmistusvuosi alkaen: 05\/1996; VW: TRANSPORTER IV Bus 70XB, 70XC, 7DB, 7DW,SHARAN 7M8, 7M9, 7M6,TRANSPORTER IV Kasten 70XA,TRANSPORTER IV Pritsche\/Fahrgestell 70XD; FORD: GALAXY WGR; SEAT: ALHAMBRA 7V8, 7V9; 1109021, YM212B119AA, 7D0615423A, 7D0615423B, 7D0615423A, 7D0615423B<\/p>\n","protected":false},"excerpt":{"rendered":"<p>FTE Jarrusatula RX389841A0  VW,FORD,SEAT,TRANSPORTER IV Bus 70XB, 70XC, 7DB, 7DW,SHARAN 7M8, 7M9, 7M6,TRANSPORTER IV Kasten 70XA<\/p>\n","protected":false},"featured_media":0,"template":"","meta":{"site-sidebar-layout":"default","site-content-layout":"default","ast-global-header-display":"","ast-main-header-display":"","ast-hfb-above-header-display":"","ast-hfb-below-header-display":"","ast-hfb-mobile-header-display":"","site-post-title":"","ast-breadcrumbs-content":"","ast-featured-img":"","footer-sml-layout":"","theme-transparent-header-meta":"","adv-header-id-meta":"","stick-header-meta":"","header-above-stick-meta":"","header-main-stick-meta":"","header-below-stick-meta":""},"pwb-brand":[260],"product_cat":[177],"product_tag":[],"class_list":{"0":"post-86458","1":"product","2":"type-product","3":"status-publish","5":"pwb-brand-fte","6":"product_cat-jarrusatula","7":"desktop-align-left","8":"tablet-align-left","9":"mobile-align-left","11":"first","12":"instock","13":"product-type-external"},"brands":[{"id":260,"name":"FTE","slug":"fte"}],"_links":{"self":[{"href":"https:\/\/www.autonvaraosahaku.fi\/index.php?rest_route=\/wp\/v2\/product\/86458","targetHints":{"allow":["GET"]}}],"collection":[{"href":"https:\/\/www.autonvaraosahaku.fi\/index.php?rest_route=\/wp\/v2\/product"}],"about":[{"href":"https:\/\/www.autonvaraosahaku.fi\/index.php?rest_route=\/wp\/v2\/types\/product"}],"wp:attachment":[{"href":"https:\/\/www.autonvaraosahaku.fi\/index.php?rest_route=%2Fwp%2Fv2%2Fmedia&parent=86458"}],"wp:term":[{"taxonomy":"pwb-brand","embeddable":true,"href":"https:\/\/www.autonvaraosahaku.fi\/index.php?rest_route=%2Fwp%2Fv2%2Fpwb-brand&post=86458"},{"taxonomy":"product_cat","embeddable":true,"href":"https:\/\/www.autonvaraosahaku.fi\/index.php?rest_route=%2Fwp%2Fv2%2Fproduct_cat&post=86458"},{"taxonomy":"product_tag","embeddable":true,"href":"https:\/\/www.autonvaraosahaku.fi\/index.php?rest_route=%2Fwp%2Fv2%2Fproduct_tag&post=86458"}],"curies":[{"name":"wp","href":"https:\/\/api.w.org\/{rel}","templated":true}]}}